{"id":10176,"date":"2026-04-10T14:33:46","date_gmt":"2026-04-10T06:33:46","guid":{"rendered":"https:\/\/www.zhiyudgtech.com\/?post_type=product&#038;p=10176"},"modified":"2026-04-10T15:53:49","modified_gmt":"2026-04-10T07:53:49","slug":"3d-soft-uv-ink","status":"publish","type":"product","link":"https:\/\/www.zhiyudgtech.com\/de\/product\/3d-soft-uv-ink\/","title":{"rendered":"3D weiche UV-Tinte"},"content":{"rendered":"","protected":false},"excerpt":{"rendered":"<p><span style=\"font-size: 14pt; font-family: arial, helvetica, sans-serif; color: #000000;\">Holdwins Premium 3D Soft UV Ink ist ein innovatives, industrielles Verbrauchsmaterial, das speziell f\u00fcr flexible Substrate und taktile 3D-Relief-Effekte entwickelt wurde. Durch die Verwendung einer spezialisierten flexiblen Harzformel bietet diese Tinte eine au\u00dfergew\u00f6hnliche Dehnung und &#8220; weiche Hand&#8221; Gef\u00fchl ohne Rissen oder Peeling. Es wurde entwickelt, um eine hohe Dichte an Farbe und sofortige H\u00e4rtung zu liefern, was es zur idealen L\u00f6sung f\u00fcr personalisierte Bekleidung, Lederwaren und flexible Verpackungen macht, bei denen Haltbarkeit und Textur von h\u00f6chster Bedeutung sind.<\/span><\/p>","protected":false},"featured_media":10178,"template":"","meta":{"_acf_changed":false},"product_brand":[],"product_cat":[49],"product_tag":[437],"class_list":{"0":"post-10176","1":"product","2":"type-product","3":"status-publish","4":"has-post-thumbnail","6":"product_cat-consumables","7":"product_tag-uv-ink","9":"first","10":"instock","11":"shipping-taxable","12":"product-type-simple"},"acf":[],"_links":{"self":[{"href":"https:\/\/www.zhiyudgtech.com\/de\/wp-json\/wp\/v2\/product\/10176","targetHints":{"allow":["GET"]}}],"collection":[{"href":"https:\/\/www.zhiyudgtech.com\/de\/wp-json\/wp\/v2\/product"}],"about":[{"href":"https:\/\/www.zhiyudgtech.com\/de\/wp-json\/wp\/v2\/types\/product"}],"wp:featuredmedia":[{"embeddable":true,"href":"https:\/\/www.zhiyudgtech.com\/de\/wp-json\/wp\/v2\/media\/10178"}],"wp:attachment":[{"href":"https:\/\/www.zhiyudgtech.com\/de\/wp-json\/wp\/v2\/media?parent=10176"}],"wp:term":[{"taxonomy":"product_brand","embeddable":true,"href":"https:\/\/www.zhiyudgtech.com\/de\/wp-json\/wp\/v2\/product_brand?post=10176"},{"taxonomy":"product_cat","embeddable":true,"href":"https:\/\/www.zhiyudgtech.com\/de\/wp-json\/wp\/v2\/product_cat?post=10176"},{"taxonomy":"product_tag","embeddable":true,"href":"https:\/\/www.zhiyudgtech.com\/de\/wp-json\/wp\/v2\/product_tag?post=10176"}],"curies":[{"name":"WP","href":"https:\/\/api.w.org\/{rel}","templated":true}]}}