{"id":4041,"date":"2024-06-25T11:38:19","date_gmt":"2024-06-25T03:38:19","guid":{"rendered":"https:\/\/www.zhiyudgtech.com\/?post_type=product&#038;p=4041"},"modified":"2026-04-10T16:07:58","modified_gmt":"2026-04-10T08:07:58","slug":"ultra-high-concentration-sublimation-5l","status":"publish","type":"product","link":"https:\/\/www.zhiyudgtech.com\/de\/product\/ultra-high-concentration-sublimation-5l\/","title":{"rendered":"Ultra-hohe Konzentration Sublimation Tinte 5L"},"content":{"rendered":"","protected":false},"excerpt":{"rendered":"<p><span style=\"font-size: 14pt; font-family: arial, helvetica, sans-serif; color: #000000;\">von Holdwin <strong>Ultra-hohe Konzentration Sublimationstinte<\/strong> repr\u00e4sentiert eine erstklassige, industrielle L\u00f6sung f\u00fcr den schnellen digitalen Textildruck. Durch die Verbesserung der Pigmentdichte erzeugt diese Formulierung lebendigere Farben und dunklere Schwarze, w\u00e4hrend im Vergleich zu herk\u00f6mmlichen Optionen erheblich weniger Tinte verwendet wird. Die<strong> 5L Sch\u00fcttverpackung<\/strong> ist sorgf\u00e4ltig f\u00fcr gro\u00dfe Produktionseinstellungen konzipiert und garantiert eine optimale Kosteneffizienz und minimierte Ausfallzeiten f\u00fcr Industriedrucker.<\/span><\/p>","protected":false},"featured_media":10162,"template":"","meta":{"_acf_changed":false},"product_brand":[],"product_cat":[49],"product_tag":[320,300,319],"class_list":{"0":"post-4041","1":"product","2":"type-product","3":"status-publish","4":"has-post-thumbnail","6":"product_cat-consumables","7":"product_tag-consumable","8":"product_tag-sublimation-ink","9":"product_tag-sublimation-printing","11":"first","12":"instock","13":"shipping-taxable","14":"product-type-simple"},"acf":[],"_links":{"self":[{"href":"https:\/\/www.zhiyudgtech.com\/de\/wp-json\/wp\/v2\/product\/4041","targetHints":{"allow":["GET"]}}],"collection":[{"href":"https:\/\/www.zhiyudgtech.com\/de\/wp-json\/wp\/v2\/product"}],"about":[{"href":"https:\/\/www.zhiyudgtech.com\/de\/wp-json\/wp\/v2\/types\/product"}],"wp:featuredmedia":[{"embeddable":true,"href":"https:\/\/www.zhiyudgtech.com\/de\/wp-json\/wp\/v2\/media\/10162"}],"wp:attachment":[{"href":"https:\/\/www.zhiyudgtech.com\/de\/wp-json\/wp\/v2\/media?parent=4041"}],"wp:term":[{"taxonomy":"product_brand","embeddable":true,"href":"https:\/\/www.zhiyudgtech.com\/de\/wp-json\/wp\/v2\/product_brand?post=4041"},{"taxonomy":"product_cat","embeddable":true,"href":"https:\/\/www.zhiyudgtech.com\/de\/wp-json\/wp\/v2\/product_cat?post=4041"},{"taxonomy":"product_tag","embeddable":true,"href":"https:\/\/www.zhiyudgtech.com\/de\/wp-json\/wp\/v2\/product_tag?post=4041"}],"curies":[{"name":"WP","href":"https:\/\/api.w.org\/{rel}","templated":true}]}}