{"id":4355,"date":"2024-07-05T14:24:46","date_gmt":"2024-07-05T06:24:46","guid":{"rendered":"https:\/\/www.zhiyudgtech.com\/?post_type=product&#038;p=4355"},"modified":"2026-02-05T13:38:24","modified_gmt":"2026-02-05T05:38:24","slug":"hw-200","status":"publish","type":"product","link":"https:\/\/www.zhiyudgtech.com\/de\/product\/hw-200\/","title":{"rendered":"HOLDWIN-200"},"content":{"rendered":"","protected":false},"excerpt":{"rendered":"<p><span style=\"font-size: 14pt; font-family: arial, helvetica, sans-serif; color: #000000;\">Die HOLDWIN-200 ist eine robuste und anpassbare <strong>W\u00e4rmepressemaschine<\/strong> die eine effiziente L\u00f6sung f\u00fcr die Herstellung langlebiger, farbiger ma\u00dfgeschneiderter Produkte bietet.<\/span><\/p>","protected":false},"featured_media":8986,"template":"","meta":{"_acf_changed":false},"product_brand":[],"product_cat":[29],"product_tag":[295],"class_list":{"0":"post-4355","1":"product","2":"type-product","3":"status-publish","4":"has-post-thumbnail","6":"product_cat-heat-tranfer-machine-printer","7":"product_tag-heat-transfer-machine","9":"first","10":"instock","11":"shipping-taxable","12":"product-type-simple"},"acf":[],"_links":{"self":[{"href":"https:\/\/www.zhiyudgtech.com\/de\/wp-json\/wp\/v2\/product\/4355","targetHints":{"allow":["GET"]}}],"collection":[{"href":"https:\/\/www.zhiyudgtech.com\/de\/wp-json\/wp\/v2\/product"}],"about":[{"href":"https:\/\/www.zhiyudgtech.com\/de\/wp-json\/wp\/v2\/types\/product"}],"wp:featuredmedia":[{"embeddable":true,"href":"https:\/\/www.zhiyudgtech.com\/de\/wp-json\/wp\/v2\/media\/8986"}],"wp:attachment":[{"href":"https:\/\/www.zhiyudgtech.com\/de\/wp-json\/wp\/v2\/media?parent=4355"}],"wp:term":[{"taxonomy":"product_brand","embeddable":true,"href":"https:\/\/www.zhiyudgtech.com\/de\/wp-json\/wp\/v2\/product_brand?post=4355"},{"taxonomy":"product_cat","embeddable":true,"href":"https:\/\/www.zhiyudgtech.com\/de\/wp-json\/wp\/v2\/product_cat?post=4355"},{"taxonomy":"product_tag","embeddable":true,"href":"https:\/\/www.zhiyudgtech.com\/de\/wp-json\/wp\/v2\/product_tag?post=4355"}],"curies":[{"name":"WP","href":"https:\/\/api.w.org\/{rel}","templated":true}]}}