{"id":4383,"date":"2024-07-05T15:47:11","date_gmt":"2024-07-05T07:47:11","guid":{"rendered":"https:\/\/www.zhiyudgtech.com\/?post_type=product&#038;p=4383"},"modified":"2026-02-05T13:25:12","modified_gmt":"2026-02-05T05:25:12","slug":"hw-800","status":"publish","type":"product","link":"https:\/\/www.zhiyudgtech.com\/de\/product\/hw-800\/","title":{"rendered":"HOLDWIN-800"},"content":{"rendered":"","protected":false},"excerpt":{"rendered":"<p><span style=\"font-size: 14pt; font-family: arial, helvetica, sans-serif;\"><span dir=\"auto\" style=\"vertical-align: inherit;\"><span dir=\"auto\" style=\"vertical-align: inherit;\"><span dir=\"auto\" style=\"vertical-align: inherit;\"><span dir=\"auto\" style=\"vertical-align: inherit;\"><span dir=\"auto\" style=\"vertical-align: inherit;\"><span dir=\"auto\" style=\"vertical-align: inherit;\"><span dir=\"auto\" style=\"vertical-align: inherit;\"><span dir=\"auto\" style=\"vertical-align: inherit;\">Ein <\/span><\/span><\/span><\/span><\/span><\/span><\/span><\/span><strong data-start=\"274\" data-end=\"299\"><span dir=\"auto\" style=\"vertical-align: inherit;\"><span dir=\"auto\" style=\"vertical-align: inherit;\"><span dir=\"auto\" style=\"vertical-align: inherit;\"><span dir=\"auto\" style=\"vertical-align: inherit;\"><span dir=\"auto\" style=\"vertical-align: inherit;\"><span dir=\"auto\" style=\"vertical-align: inherit;\"><span dir=\"auto\" style=\"vertical-align: inherit;\"><span dir=\"auto\" style=\"vertical-align: inherit;\">W\u00e4rme\u00fcbertragungsmaschine<\/span><\/span><\/span><\/span><\/span><\/span><\/span><\/span><\/strong><span dir=\"auto\" style=\"vertical-align: inherit;\"><span dir=\"auto\" style=\"vertical-align: inherit;\"><span dir=\"auto\" style=\"vertical-align: inherit;\"><span dir=\"auto\" style=\"vertical-align: inherit;\"><span dir=\"auto\" style=\"vertical-align: inherit;\"><span dir=\"auto\" style=\"vertical-align: inherit;\"><span dir=\"auto\" style=\"vertical-align: inherit;\"><span dir=\"auto\" style=\"vertical-align: inherit;\"> ist ein wesentliches Werkzeug f\u00fcr die Anwendung von Designs, Grafiken und Bildern auf Stoffe und andere Substrate unter Verwendung von W\u00e4rme und Druck. Bei <\/span><\/span><\/span><\/span><\/span><\/span><\/span><\/span><strong data-start=\"426\" data-end=\"437\"><span dir=\"auto\" style=\"vertical-align: inherit;\"><span dir=\"auto\" style=\"vertical-align: inherit;\"><span dir=\"auto\" style=\"vertical-align: inherit;\"><span dir=\"auto\" style=\"vertical-align: inherit;\"><span dir=\"auto\" style=\"vertical-align: inherit;\"><span dir=\"auto\" style=\"vertical-align: inherit;\"><span dir=\"auto\" style=\"vertical-align: inherit;\"><span dir=\"auto\" style=\"vertical-align: inherit;\">HOLDWIN<\/span><\/span><\/span><\/span><\/span><\/span><\/span><\/span><\/strong><span dir=\"auto\" style=\"vertical-align: inherit;\"><span dir=\"auto\" style=\"vertical-align: inherit;\"><span dir=\"auto\" style=\"vertical-align: inherit;\"><span dir=\"auto\" style=\"vertical-align: inherit;\"><span dir=\"auto\" style=\"vertical-align: inherit;\"><span dir=\"auto\" style=\"vertical-align: inherit;\"><span dir=\"auto\" style=\"vertical-align: inherit;\"><span dir=\"auto\" style=\"vertical-align: inherit;\"> Unsere industriellen W\u00e4rme\u00fcbertragungsmaschinen sind f\u00fcr Pr\u00e4zision, Haltbarkeit und konsistente Leistung entwickelt.<\/span><\/span><\/span><\/span><\/span><\/span><\/span><\/span><\/span><\/p>\n<ul>\n<li data-spm-anchor-id=\"5176.28103460.0.i30.297c3da2lL0O2g\"><span style=\"font-family: arial, helvetica, sans-serif; font-size: 14pt; color: #000000;\"><span dir=\"auto\" style=\"vertical-align: inherit;\"><span dir=\"auto\" style=\"vertical-align: inherit;\"><span dir=\"auto\" style=\"vertical-align: inherit;\"><span dir=\"auto\" style=\"vertical-align: inherit;\"><span dir=\"auto\" style=\"vertical-align: inherit;\"><span dir=\"auto\" style=\"vertical-align: inherit;\"><span dir=\"auto\" style=\"vertical-align: inherit;\"><span dir=\"auto\" style=\"vertical-align: inherit;\"><span dir=\"auto\" style=\"vertical-align: inherit;\"><span dir=\"auto\" style=\"vertical-align: inherit;\">Schl\u00fcsselspezifikation: W\u00e4rme\u00fcbertragungsrollendruckmaschine<\/span><\/span><\/span><\/span><\/span><\/span><\/span><\/span><\/span><\/span><\/span><\/li>\n<li data-spm-anchor-id=\"5176.28103460.0.i30.297c3da2lL0O2g\"><span style=\"font-family: arial, helvetica, sans-serif; font-size: 14pt; color: #000000;\"><span dir=\"auto\" style=\"vertical-align: inherit;\"><span dir=\"auto\" style=\"vertical-align: inherit;\"><span dir=\"auto\" style=\"vertical-align: inherit;\"><span dir=\"auto\" style=\"vertical-align: inherit;\"><span dir=\"auto\" style=\"vertical-align: inherit;\"><span dir=\"auto\" style=\"vertical-align: inherit;\"><span dir=\"auto\" style=\"vertical-align: inherit;\"><span dir=\"auto\" style=\"vertical-align: inherit;\"><span dir=\"auto\" style=\"vertical-align: inherit;\"><span dir=\"auto\" style=\"vertical-align: inherit;\">Trommeldurchmesser: 800mm<\/span><\/span><\/span><\/span><\/span><\/span><\/span><\/span><\/span><\/span><\/span><\/li>\n<li><span style=\"font-family: arial, helvetica, sans-serif; font-size: 14pt; color: #000000;\"><span dir=\"auto\" style=\"vertical-align: inherit;\"><span dir=\"auto\" style=\"vertical-align: inherit;\"><span dir=\"auto\" style=\"vertical-align: inherit;\"><span dir=\"auto\" style=\"vertical-align: inherit;\"><span dir=\"auto\" style=\"vertical-align: inherit;\"><span dir=\"auto\" style=\"vertical-align: inherit;\"><span dir=\"auto\" style=\"vertical-align: inherit;\"><span dir=\"auto\" style=\"vertical-align: inherit;\"><span dir=\"auto\" style=\"vertical-align: inherit;\"><span dir=\"auto\" style=\"vertical-align: inherit;\">\u00dcbertragungsbreite: 1700mm \/ 1900mm<\/span><\/span><\/span><\/span><\/span><\/span><\/span><\/span><\/span><\/span><\/span><\/li>\n<\/ul>","protected":false},"featured_media":8982,"template":"","meta":{"_acf_changed":false},"product_brand":[],"product_cat":[29],"product_tag":[293,296],"class_list":{"0":"post-4383","1":"product","2":"type-product","3":"status-publish","4":"has-post-thumbnail","6":"product_cat-heat-tranfer-machine-printer","7":"product_tag-heat-transfer","8":"product_tag-roller-printing-machine","10":"first","11":"instock","12":"shipping-taxable","13":"product-type-simple"},"acf":[],"_links":{"self":[{"href":"https:\/\/www.zhiyudgtech.com\/de\/wp-json\/wp\/v2\/product\/4383","targetHints":{"allow":["GET"]}}],"collection":[{"href":"https:\/\/www.zhiyudgtech.com\/de\/wp-json\/wp\/v2\/product"}],"about":[{"href":"https:\/\/www.zhiyudgtech.com\/de\/wp-json\/wp\/v2\/types\/product"}],"wp:featuredmedia":[{"embeddable":true,"href":"https:\/\/www.zhiyudgtech.com\/de\/wp-json\/wp\/v2\/media\/8982"}],"wp:attachment":[{"href":"https:\/\/www.zhiyudgtech.com\/de\/wp-json\/wp\/v2\/media?parent=4383"}],"wp:term":[{"taxonomy":"product_brand","embeddable":true,"href":"https:\/\/www.zhiyudgtech.com\/de\/wp-json\/wp\/v2\/product_brand?post=4383"},{"taxonomy":"product_cat","embeddable":true,"href":"https:\/\/www.zhiyudgtech.com\/de\/wp-json\/wp\/v2\/product_cat?post=4383"},{"taxonomy":"product_tag","embeddable":true,"href":"https:\/\/www.zhiyudgtech.com\/de\/wp-json\/wp\/v2\/product_tag?post=4383"}],"curies":[{"name":"WP","href":"https:\/\/api.w.org\/{rel}","templated":true}]}}