{"id":8877,"date":"2026-01-30T16:59:41","date_gmt":"2026-01-30T08:59:41","guid":{"rendered":"https:\/\/www.zhiyudgtech.com\/?post_type=product&#038;p=8877"},"modified":"2026-04-10T15:57:12","modified_gmt":"2026-04-10T07:57:12","slug":"dtg-ink-direct-to-garment-ink","status":"publish","type":"product","link":"https:\/\/www.zhiyudgtech.com\/de\/product\/dtg-ink-direct-to-garment-ink\/","title":{"rendered":"DTG-Tinte &#8211; Direct-to-Garment Tinte"},"content":{"rendered":"","protected":false},"excerpt":{"rendered":"<p><span style=\"font-family: arial, helvetica, sans-serif; font-size: 14pt; color: #000000;\">Nehmen Sie Ihre Textilproduktion mit Holdwin&#8217; s <strong>Ultra-hohe Konzentration DTG Tinte<\/strong>eine industriell feste, wasserbasierte Pigmentl\u00f6sung. Unsere Formel mit hoher Dichte ist ma\u00dfgeschneidert, um tief zu durchdringen und mit 100% Baumwolle und Mischungen mit hohem Baumwollgehalt zu binden. Durch die Sicherung des Pigments im Stoff&#8217; Struktur, h\u00e4lt es die urspr\u00fcngliche Atmungsf\u00e4higkeit und weiche Ber\u00fchrung des Kleidungsst\u00fccks intakt, w\u00e4hrend der Einzelhandelsgesch\u00fctzte Schutz vor verblassen und Rissen gew\u00e4hrleistet wird.<\/span><\/p>","protected":false},"featured_media":10160,"template":"","meta":{"_acf_changed":false},"product_brand":[],"product_cat":[49],"product_tag":[351,350],"class_list":{"0":"post-8877","1":"product","2":"type-product","3":"status-publish","4":"has-post-thumbnail","6":"product_cat-consumables","7":"product_tag-direct-to-garment-ink","8":"product_tag-dtg-ink","10":"first","11":"instock","12":"shipping-taxable","13":"product-type-simple"},"acf":[],"_links":{"self":[{"href":"https:\/\/www.zhiyudgtech.com\/de\/wp-json\/wp\/v2\/product\/8877","targetHints":{"allow":["GET"]}}],"collection":[{"href":"https:\/\/www.zhiyudgtech.com\/de\/wp-json\/wp\/v2\/product"}],"about":[{"href":"https:\/\/www.zhiyudgtech.com\/de\/wp-json\/wp\/v2\/types\/product"}],"wp:featuredmedia":[{"embeddable":true,"href":"https:\/\/www.zhiyudgtech.com\/de\/wp-json\/wp\/v2\/media\/10160"}],"wp:attachment":[{"href":"https:\/\/www.zhiyudgtech.com\/de\/wp-json\/wp\/v2\/media?parent=8877"}],"wp:term":[{"taxonomy":"product_brand","embeddable":true,"href":"https:\/\/www.zhiyudgtech.com\/de\/wp-json\/wp\/v2\/product_brand?post=8877"},{"taxonomy":"product_cat","embeddable":true,"href":"https:\/\/www.zhiyudgtech.com\/de\/wp-json\/wp\/v2\/product_cat?post=8877"},{"taxonomy":"product_tag","embeddable":true,"href":"https:\/\/www.zhiyudgtech.com\/de\/wp-json\/wp\/v2\/product_tag?post=8877"}],"curies":[{"name":"WP","href":"https:\/\/api.w.org\/{rel}","templated":true}]}}