{"id":8886,"date":"2026-01-31T14:58:17","date_gmt":"2026-01-31T06:58:17","guid":{"rendered":"https:\/\/www.zhiyudgtech.com\/?post_type=product&#038;p=8886"},"modified":"2026-04-03T14:37:46","modified_gmt":"2026-04-03T06:37:46","slug":"holdwin-c4060-cutter","status":"publish","type":"product","link":"https:\/\/www.zhiyudgtech.com\/de\/product\/holdwin-c4060-cutter\/","title":{"rendered":"HOLDWIN-C4060 Schneider"},"content":{"rendered":"","protected":false},"excerpt":{"rendered":"<p><span style=\"font-size: 14pt; font-family: arial, helvetica, sans-serif; color: #000000;\">Ein DTF (Direct-to-Film) Flatbed Cutter ist eine Art automatisierter Fertigungsmaschine, die speziell entwickelt wurde, um gedruckte Transferfolien in unterschiedliche Teile oder bestimmte Formen mit Pr\u00e4zision zu schneiden. Im Gegensatz zu herk\u00f6mmlichen Rollengef\u00fchrten Plottern verwendet ein Flachbettschneider einen station\u00e4ren Vakuumtisch oder ein F\u00f6rdersystem, um den Film perfekt flach zu sichern und somit eine hervorragende Genauigkeit f\u00fcr komplexe Konstruktionsarbeiten zu bieten.<\/span><\/p>\n<p><span style=\"font-family: arial, helvetica, sans-serif; font-size: 14pt; color: #000000;\"><strong>Spezifikation:<\/strong> DTF Film Flachbett Schneider<\/span><\/p>\n<p><span style=\"font-size: 14pt; font-family: arial, helvetica, sans-serif; color: #000000;\"><strong>Schneidgeschwindigkeit:<\/strong> 20 &#8211;  120 mm<\/span><\/p>","protected":false},"featured_media":8989,"template":"","meta":{"_acf_changed":false},"product_brand":[],"product_cat":[430],"product_tag":[352],"class_list":{"0":"post-8886","1":"product","2":"type-product","3":"status-publish","4":"has-post-thumbnail","6":"product_cat-cutting-machine","7":"product_tag-dtf-cutter","9":"first","10":"instock","11":"shipping-taxable","12":"product-type-simple"},"acf":[],"_links":{"self":[{"href":"https:\/\/www.zhiyudgtech.com\/de\/wp-json\/wp\/v2\/product\/8886","targetHints":{"allow":["GET"]}}],"collection":[{"href":"https:\/\/www.zhiyudgtech.com\/de\/wp-json\/wp\/v2\/product"}],"about":[{"href":"https:\/\/www.zhiyudgtech.com\/de\/wp-json\/wp\/v2\/types\/product"}],"wp:featuredmedia":[{"embeddable":true,"href":"https:\/\/www.zhiyudgtech.com\/de\/wp-json\/wp\/v2\/media\/8989"}],"wp:attachment":[{"href":"https:\/\/www.zhiyudgtech.com\/de\/wp-json\/wp\/v2\/media?parent=8886"}],"wp:term":[{"taxonomy":"product_brand","embeddable":true,"href":"https:\/\/www.zhiyudgtech.com\/de\/wp-json\/wp\/v2\/product_brand?post=8886"},{"taxonomy":"product_cat","embeddable":true,"href":"https:\/\/www.zhiyudgtech.com\/de\/wp-json\/wp\/v2\/product_cat?post=8886"},{"taxonomy":"product_tag","embeddable":true,"href":"https:\/\/www.zhiyudgtech.com\/de\/wp-json\/wp\/v2\/product_tag?post=8886"}],"curies":[{"name":"WP","href":"https:\/\/api.w.org\/{rel}","templated":true}]}}