{"id":8890,"date":"2026-01-31T16:23:19","date_gmt":"2026-01-31T08:23:19","guid":{"rendered":"https:\/\/www.zhiyudgtech.com\/?post_type=product&#038;p=8890"},"modified":"2026-05-09T17:27:21","modified_gmt":"2026-05-09T09:27:21","slug":"holdwin-gh-720","status":"publish","type":"product","link":"https:\/\/www.zhiyudgtech.com\/de\/product\/holdwin-gh-720\/","title":{"rendered":"HOLDWIN &#8211;  GH 720"},"content":{"rendered":"","protected":false},"excerpt":{"rendered":"<p><span style=\"font-size: 14pt; font-family: arial, helvetica, sans-serif; color: #000000;\">Der Crystal Label Cutting Plotter ist eine fortschrittliche Pr\u00e4zisionsmaschine f\u00fcr UV DTF (Direct-to-Film) Transfers. Es schneidet leicht durch Schichtfolien aus Klebstoff, wei\u00dfen\/CMYK-Tinten und einem erheblichen, 3D-wirkenden Schutzlack.<\/span><\/p>\n<p><span style=\"font-size: 14pt; font-family: arial, helvetica, sans-serif; color: #000000;\"><strong>Spezifikation: <\/strong>Kristall-Etikett Schneiden Plotter<\/span><\/p>\n<p><span style=\"font-family: arial, helvetica, sans-serif; font-size: 14pt;\"><strong>Max. Materialbreite: <\/strong>720 mm<\/span><\/p>","protected":false},"featured_media":8988,"template":"","meta":{"_acf_changed":false},"product_brand":[],"product_cat":[430],"product_tag":[353,354],"class_list":{"0":"post-8890","1":"product","2":"type-product","3":"status-publish","4":"has-post-thumbnail","6":"product_cat-cutting-machine","7":"product_tag-crystal-label-cutting-plotter","8":"product_tag-uv-dtf-cutter","10":"first","11":"instock","12":"shipping-taxable","13":"product-type-simple"},"acf":[],"_links":{"self":[{"href":"https:\/\/www.zhiyudgtech.com\/de\/wp-json\/wp\/v2\/product\/8890","targetHints":{"allow":["GET"]}}],"collection":[{"href":"https:\/\/www.zhiyudgtech.com\/de\/wp-json\/wp\/v2\/product"}],"about":[{"href":"https:\/\/www.zhiyudgtech.com\/de\/wp-json\/wp\/v2\/types\/product"}],"wp:featuredmedia":[{"embeddable":true,"href":"https:\/\/www.zhiyudgtech.com\/de\/wp-json\/wp\/v2\/media\/8988"}],"wp:attachment":[{"href":"https:\/\/www.zhiyudgtech.com\/de\/wp-json\/wp\/v2\/media?parent=8890"}],"wp:term":[{"taxonomy":"product_brand","embeddable":true,"href":"https:\/\/www.zhiyudgtech.com\/de\/wp-json\/wp\/v2\/product_brand?post=8890"},{"taxonomy":"product_cat","embeddable":true,"href":"https:\/\/www.zhiyudgtech.com\/de\/wp-json\/wp\/v2\/product_cat?post=8890"},{"taxonomy":"product_tag","embeddable":true,"href":"https:\/\/www.zhiyudgtech.com\/de\/wp-json\/wp\/v2\/product_tag?post=8890"}],"curies":[{"name":"WP","href":"https:\/\/api.w.org\/{rel}","templated":true}]}}