{"id":4041,"date":"2024-06-25T11:38:19","date_gmt":"2024-06-25T03:38:19","guid":{"rendered":"https:\/\/www.zhiyudgtech.com\/?post_type=product&#038;p=4041"},"modified":"2026-04-10T16:07:58","modified_gmt":"2026-04-10T08:07:58","slug":"ultra-high-concentration-sublimation-5l","status":"publish","type":"product","link":"https:\/\/www.zhiyudgtech.com\/es\/product\/ultra-high-concentration-sublimation-5l\/","title":{"rendered":"Tinta de sublimaci\u00f3n de concentraci\u00f3n ultra alta 5L"},"content":{"rendered":"","protected":false},"excerpt":{"rendered":"<p><span style=\"font-size: 14pt; font-family: arial, helvetica, sans-serif; color: #000000;\">de Holdwin <strong>Tinta de sublimaci\u00f3n de concentraci\u00f3n ultra alta<\/strong> representa una soluci\u00f3n de primer nivel de calidad industrial dise\u00f1ada para la r\u00e1pida impresi\u00f3n textil digital. Al aumentar la densidad del pigmento, esta formulaci\u00f3n produce colores m\u00e1s vibrantes y negros m\u00e1s oscuros mientras se utiliza considerablemente menos tinta en comparaci\u00f3n con las opciones convencionales. El<strong> Embalaje a granel de 5L<\/strong> est\u00e1 meticulosamente dise\u00f1ado para configuraciones de producci\u00f3n de alto volumen, garantizando una rentabilidad \u00f3ptima y un tiempo de inactividad m\u00ednimo para impresoras industriales.<\/span><\/p>","protected":false},"featured_media":10162,"template":"","meta":{"_acf_changed":false},"product_brand":[],"product_cat":[49],"product_tag":[320,300,319],"class_list":{"0":"post-4041","1":"product","2":"type-product","3":"status-publish","4":"has-post-thumbnail","6":"product_cat-consumables","7":"product_tag-consumable","8":"product_tag-sublimation-ink","9":"product_tag-sublimation-printing","11":"first","12":"instock","13":"shipping-taxable","14":"product-type-simple"},"acf":[],"_links":{"self":[{"href":"https:\/\/www.zhiyudgtech.com\/es\/wp-json\/wp\/v2\/product\/4041","targetHints":{"allow":["GET"]}}],"collection":[{"href":"https:\/\/www.zhiyudgtech.com\/es\/wp-json\/wp\/v2\/product"}],"about":[{"href":"https:\/\/www.zhiyudgtech.com\/es\/wp-json\/wp\/v2\/types\/product"}],"wp:featuredmedia":[{"embeddable":true,"href":"https:\/\/www.zhiyudgtech.com\/es\/wp-json\/wp\/v2\/media\/10162"}],"wp:attachment":[{"href":"https:\/\/www.zhiyudgtech.com\/es\/wp-json\/wp\/v2\/media?parent=4041"}],"wp:term":[{"taxonomy":"product_brand","embeddable":true,"href":"https:\/\/www.zhiyudgtech.com\/es\/wp-json\/wp\/v2\/product_brand?post=4041"},{"taxonomy":"product_cat","embeddable":true,"href":"https:\/\/www.zhiyudgtech.com\/es\/wp-json\/wp\/v2\/product_cat?post=4041"},{"taxonomy":"product_tag","embeddable":true,"href":"https:\/\/www.zhiyudgtech.com\/es\/wp-json\/wp\/v2\/product_tag?post=4041"}],"curies":[{"name":"WP","href":"https:\/\/api.w.org\/{rel}","templated":true}]}}