{"id":4370,"date":"2024-07-05T14:24:46","date_gmt":"2024-07-05T06:24:46","guid":{"rendered":"https:\/\/www.zhiyudgtech.com\/product\/hw-200-2\/"},"modified":"2026-04-13T17:03:24","modified_gmt":"2026-04-13T09:03:24","slug":"hw-420","status":"publish","type":"product","link":"https:\/\/www.zhiyudgtech.com\/es\/product\/hw-420\/","title":{"rendered":"HOLDWIN-420"},"content":{"rendered":"","protected":false},"excerpt":{"rendered":"<p><span style=\"font-size: 14pt; font-family: arial, helvetica, sans-serif; color: #000000;\"><span dir=\"auto\" style=\"vertical-align: inherit;\"><span dir=\"auto\" style=\"vertical-align: inherit;\"><span dir=\"auto\" style=\"vertical-align: inherit;\"><span dir=\"auto\" style=\"vertical-align: inherit;\">Aumente sus capacidades de producci\u00f3n con la serie HOLDWIN de m\u00e1quinas de transferencia de calor industrial. La HOLDWIN-420 es una m\u00e1quina de transferencia de calor de grado industrial dise\u00f1ada para imprimir de alto volumen y alta calidad en una amplia gama de productos.\u00a0<\/span><\/span><\/span><\/span><\/span><\/p>","protected":false},"featured_media":8981,"template":"","meta":{"_acf_changed":false},"product_brand":[],"product_cat":[29],"product_tag":[295],"class_list":{"0":"post-4370","1":"product","2":"type-product","3":"status-publish","4":"has-post-thumbnail","6":"product_cat-heat-tranfer-machine-printer","7":"product_tag-heat-transfer-machine","9":"first","10":"instock","11":"shipping-taxable","12":"product-type-simple"},"acf":[],"_links":{"self":[{"href":"https:\/\/www.zhiyudgtech.com\/es\/wp-json\/wp\/v2\/product\/4370","targetHints":{"allow":["GET"]}}],"collection":[{"href":"https:\/\/www.zhiyudgtech.com\/es\/wp-json\/wp\/v2\/product"}],"about":[{"href":"https:\/\/www.zhiyudgtech.com\/es\/wp-json\/wp\/v2\/types\/product"}],"wp:featuredmedia":[{"embeddable":true,"href":"https:\/\/www.zhiyudgtech.com\/es\/wp-json\/wp\/v2\/media\/8981"}],"wp:attachment":[{"href":"https:\/\/www.zhiyudgtech.com\/es\/wp-json\/wp\/v2\/media?parent=4370"}],"wp:term":[{"taxonomy":"product_brand","embeddable":true,"href":"https:\/\/www.zhiyudgtech.com\/es\/wp-json\/wp\/v2\/product_brand?post=4370"},{"taxonomy":"product_cat","embeddable":true,"href":"https:\/\/www.zhiyudgtech.com\/es\/wp-json\/wp\/v2\/product_cat?post=4370"},{"taxonomy":"product_tag","embeddable":true,"href":"https:\/\/www.zhiyudgtech.com\/es\/wp-json\/wp\/v2\/product_tag?post=4370"}],"curies":[{"name":"WP","href":"https:\/\/api.w.org\/{rel}","templated":true}]}}