{"id":4378,"date":"2024-07-05T15:39:35","date_gmt":"2024-07-05T07:39:35","guid":{"rendered":"https:\/\/www.zhiyudgtech.com\/?post_type=product&#038;p=4378"},"modified":"2026-02-05T13:35:05","modified_gmt":"2026-02-05T05:35:05","slug":"hw-600","status":"publish","type":"product","link":"https:\/\/www.zhiyudgtech.com\/es\/product\/hw-600\/","title":{"rendered":"HOLDWIN-600"},"content":{"rendered":"","protected":false},"excerpt":{"rendered":"<p><span style=\"font-size: 14pt; font-family: arial, helvetica, sans-serif; color: #000000;\"><span dir=\"auto\" style=\"vertical-align: inherit;\"><span dir=\"auto\" style=\"vertical-align: inherit;\"><span dir=\"auto\" style=\"vertical-align: inherit;\"><span dir=\"auto\" style=\"vertical-align: inherit;\">La m\u00e1quina de cilindro de transferencia de calor es un equipo de transferencia de sublimaci\u00f3n textil profesional, que es adecuado para la ropa, los textiles para el hogar, las pancartas publicitarias y otras industrias.<\/span><\/span><\/span><\/span><\/span><\/p>\n<p><span style=\"color: #000000;\"><span style=\"font-size: 14pt; font-family: arial, helvetica, sans-serif;\"><span dir=\"auto\" style=\"vertical-align: inherit;\"><span dir=\"auto\" style=\"vertical-align: inherit;\"><span dir=\"auto\" style=\"vertical-align: inherit;\"><span dir=\"auto\" style=\"vertical-align: inherit;\">El equipo utiliza tecnolog\u00eda de tambor de alta temperatura para transferir perfectamente el patr\u00f3n de tinta de sublimaci\u00f3n a la tela, que es de colores brillantes, lavable y resistente al desgaste, <\/span><\/span><\/span><\/span><\/span><span style=\"font-size: 14pt; font-family: arial, helvetica, sans-serif;\"><span dir=\"auto\" style=\"vertical-align: inherit;\"><span dir=\"auto\" style=\"vertical-align: inherit;\"><span dir=\"auto\" style=\"vertical-align: inherit;\"><span dir=\"auto\" style=\"vertical-align: inherit;\">y adecuado para la producci\u00f3n en masa.<\/span><\/span><\/span><\/span><\/span><\/span><\/p>","protected":false},"featured_media":8985,"template":"","meta":{"_acf_changed":false},"product_brand":[],"product_cat":[29],"product_tag":[299,300],"class_list":{"0":"post-4378","1":"product","2":"type-product","3":"status-publish","4":"has-post-thumbnail","6":"product_cat-heat-tranfer-machine-printer","7":"product_tag-heat-transfer-cylinder-machine","8":"product_tag-sublimation-ink","10":"first","11":"instock","12":"shipping-taxable","13":"product-type-simple"},"acf":[],"_links":{"self":[{"href":"https:\/\/www.zhiyudgtech.com\/es\/wp-json\/wp\/v2\/product\/4378","targetHints":{"allow":["GET"]}}],"collection":[{"href":"https:\/\/www.zhiyudgtech.com\/es\/wp-json\/wp\/v2\/product"}],"about":[{"href":"https:\/\/www.zhiyudgtech.com\/es\/wp-json\/wp\/v2\/types\/product"}],"wp:featuredmedia":[{"embeddable":true,"href":"https:\/\/www.zhiyudgtech.com\/es\/wp-json\/wp\/v2\/media\/8985"}],"wp:attachment":[{"href":"https:\/\/www.zhiyudgtech.com\/es\/wp-json\/wp\/v2\/media?parent=4378"}],"wp:term":[{"taxonomy":"product_brand","embeddable":true,"href":"https:\/\/www.zhiyudgtech.com\/es\/wp-json\/wp\/v2\/product_brand?post=4378"},{"taxonomy":"product_cat","embeddable":true,"href":"https:\/\/www.zhiyudgtech.com\/es\/wp-json\/wp\/v2\/product_cat?post=4378"},{"taxonomy":"product_tag","embeddable":true,"href":"https:\/\/www.zhiyudgtech.com\/es\/wp-json\/wp\/v2\/product_tag?post=4378"}],"curies":[{"name":"WP","href":"https:\/\/api.w.org\/{rel}","templated":true}]}}