{"id":4400,"date":"2024-07-05T16:14:43","date_gmt":"2024-07-05T08:14:43","guid":{"rendered":"https:\/\/www.zhiyudgtech.com\/?post_type=product&#038;p=4400"},"modified":"2026-02-05T13:30:29","modified_gmt":"2026-02-05T05:30:29","slug":"hw-1000","status":"publish","type":"product","link":"https:\/\/www.zhiyudgtech.com\/es\/product\/hw-1000\/","title":{"rendered":"HOLDWIN-1000"},"content":{"rendered":"","protected":false},"excerpt":{"rendered":"<p><span style=\"font-size: 14pt; font-family: arial, helvetica, sans-serif; color: #000000;\"><strong>Descripci\u00f3n general:<\/strong><\/span><\/p>\n<p><span style=\"font-size: 14pt; font-family: arial, helvetica, sans-serif; color: #000000;\">Este grado industrial <b data-path-to-node=\"2\" data-index-in-node=\"22\">M\u00e1quina de transferencia de calor<\/b> Est\u00e1 dise\u00f1ado para alta precisi\u00f3n <b data-path-to-node=\"2\" data-index-in-node=\"77\">sublimaci\u00f3n<\/b>, <b data-path-to-node=\"2\" data-index-in-node=\"90\">vinilo de transferencia de calor (HTV).<\/b>\u00a0 Dise\u00f1ada tanto para principiantes como para profesionales, esta m\u00e1quina hace que sea f\u00e1cil transferir tus dise\u00f1os favoritos a camisetas, bolsos, sudaderas y m\u00e1s. Solo tienes que ajustar tu hora y temperatura, presionar y dar vida a tus ideas creativas en segundos.<\/span><\/p>","protected":false},"featured_media":8984,"template":"","meta":{"_acf_changed":false},"product_brand":[],"product_cat":[29],"product_tag":[293,294],"class_list":{"0":"post-4400","1":"product","2":"type-product","3":"status-publish","4":"has-post-thumbnail","6":"product_cat-heat-tranfer-machine-printer","7":"product_tag-heat-transfer","8":"product_tag-printing-process","10":"first","11":"instock","12":"shipping-taxable","13":"product-type-simple"},"acf":[],"_links":{"self":[{"href":"https:\/\/www.zhiyudgtech.com\/es\/wp-json\/wp\/v2\/product\/4400","targetHints":{"allow":["GET"]}}],"collection":[{"href":"https:\/\/www.zhiyudgtech.com\/es\/wp-json\/wp\/v2\/product"}],"about":[{"href":"https:\/\/www.zhiyudgtech.com\/es\/wp-json\/wp\/v2\/types\/product"}],"wp:featuredmedia":[{"embeddable":true,"href":"https:\/\/www.zhiyudgtech.com\/es\/wp-json\/wp\/v2\/media\/8984"}],"wp:attachment":[{"href":"https:\/\/www.zhiyudgtech.com\/es\/wp-json\/wp\/v2\/media?parent=4400"}],"wp:term":[{"taxonomy":"product_brand","embeddable":true,"href":"https:\/\/www.zhiyudgtech.com\/es\/wp-json\/wp\/v2\/product_brand?post=4400"},{"taxonomy":"product_cat","embeddable":true,"href":"https:\/\/www.zhiyudgtech.com\/es\/wp-json\/wp\/v2\/product_cat?post=4400"},{"taxonomy":"product_tag","embeddable":true,"href":"https:\/\/www.zhiyudgtech.com\/es\/wp-json\/wp\/v2\/product_tag?post=4400"}],"curies":[{"name":"WP","href":"https:\/\/api.w.org\/{rel}","templated":true}]}}