{"id":8877,"date":"2026-01-30T16:59:41","date_gmt":"2026-01-30T08:59:41","guid":{"rendered":"https:\/\/www.zhiyudgtech.com\/?post_type=product&#038;p=8877"},"modified":"2026-04-10T15:57:12","modified_gmt":"2026-04-10T07:57:12","slug":"dtg-ink-direct-to-garment-ink","status":"publish","type":"product","link":"https:\/\/www.zhiyudgtech.com\/es\/product\/dtg-ink-direct-to-garment-ink\/","title":{"rendered":"Tinta DTG &#8211; Tinta directa a la ropa"},"content":{"rendered":"","protected":false},"excerpt":{"rendered":"<p><span style=\"font-family: arial, helvetica, sans-serif; font-size: 14pt; color: #000000;\">Lleve su producci\u00f3n textil al siguiente nivel con Holdwin&#8217; s <strong>Tinta DTG de concentraci\u00f3n ultra alta<\/strong>una soluci\u00f3n de pigmento a base de agua de resistencia industrial. Nuestra f\u00f3rmula de alta densidad est\u00e1 dise\u00f1ada para penetrar profundamente y unirse con 100% algod\u00f3n y mezclas de alto contenido de algod\u00f3n. Al asegurar el pigmento dentro de la tela&#8217; Con su estructura, mantiene la transpirabilidad original y el tacto suave de la prenda intactos, al tiempo que garantiza una protecci\u00f3n lista para el comercio minorista contra el desvanecimiento y las grietas.<\/span><\/p>","protected":false},"featured_media":10160,"template":"","meta":{"_acf_changed":false},"product_brand":[],"product_cat":[49],"product_tag":[351,350],"class_list":{"0":"post-8877","1":"product","2":"type-product","3":"status-publish","4":"has-post-thumbnail","6":"product_cat-consumables","7":"product_tag-direct-to-garment-ink","8":"product_tag-dtg-ink","10":"first","11":"instock","12":"shipping-taxable","13":"product-type-simple"},"acf":[],"_links":{"self":[{"href":"https:\/\/www.zhiyudgtech.com\/es\/wp-json\/wp\/v2\/product\/8877","targetHints":{"allow":["GET"]}}],"collection":[{"href":"https:\/\/www.zhiyudgtech.com\/es\/wp-json\/wp\/v2\/product"}],"about":[{"href":"https:\/\/www.zhiyudgtech.com\/es\/wp-json\/wp\/v2\/types\/product"}],"wp:featuredmedia":[{"embeddable":true,"href":"https:\/\/www.zhiyudgtech.com\/es\/wp-json\/wp\/v2\/media\/10160"}],"wp:attachment":[{"href":"https:\/\/www.zhiyudgtech.com\/es\/wp-json\/wp\/v2\/media?parent=8877"}],"wp:term":[{"taxonomy":"product_brand","embeddable":true,"href":"https:\/\/www.zhiyudgtech.com\/es\/wp-json\/wp\/v2\/product_brand?post=8877"},{"taxonomy":"product_cat","embeddable":true,"href":"https:\/\/www.zhiyudgtech.com\/es\/wp-json\/wp\/v2\/product_cat?post=8877"},{"taxonomy":"product_tag","embeddable":true,"href":"https:\/\/www.zhiyudgtech.com\/es\/wp-json\/wp\/v2\/product_tag?post=8877"}],"curies":[{"name":"WP","href":"https:\/\/api.w.org\/{rel}","templated":true}]}}