{"id":8886,"date":"2026-01-31T14:58:17","date_gmt":"2026-01-31T06:58:17","guid":{"rendered":"https:\/\/www.zhiyudgtech.com\/?post_type=product&#038;p=8886"},"modified":"2026-04-03T14:37:46","modified_gmt":"2026-04-03T06:37:46","slug":"holdwin-c4060-cutter","status":"publish","type":"product","link":"https:\/\/www.zhiyudgtech.com\/es\/product\/holdwin-c4060-cutter\/","title":{"rendered":"Cortador HOLDWIN-C4060"},"content":{"rendered":"","protected":false},"excerpt":{"rendered":"<p><span style=\"font-size: 14pt; font-family: arial, helvetica, sans-serif; color: #000000;\">Una cortadora plana DTF (Direct-to-Film) es un tipo de maquinaria de acabado automatizada dise\u00f1ada espec\u00edficamente para cortar pel\u00edculas de transferencia impresas en piezas distintas o formas particulares con precisi\u00f3n. A diferencia de las trazadoras tradicionales alimentadas por rodillos, una cortadora de cama plana utiliza una mesa de vac\u00edo estacionaria o un sistema transportador para asegurar la pel\u00edcula de una manera perfectamente plana, proporcionando as\u00ed una precisi\u00f3n excepcional para trabajos de dise\u00f1o complejos.<\/span><\/p>\n<p><span style=\"font-family: arial, helvetica, sans-serif; font-size: 14pt; color: #000000;\"><strong>Especificaci\u00f3n:<\/strong> Cortador de cama plana de pel\u00edcula DTF<\/span><\/p>\n<p><span style=\"font-size: 14pt; font-family: arial, helvetica, sans-serif; color: #000000;\"><strong>Velocidad de corte:<\/strong> 20 &#8211;  120 mm<\/span><\/p>","protected":false},"featured_media":8989,"template":"","meta":{"_acf_changed":false},"product_brand":[],"product_cat":[430],"product_tag":[352],"class_list":{"0":"post-8886","1":"product","2":"type-product","3":"status-publish","4":"has-post-thumbnail","6":"product_cat-cutting-machine","7":"product_tag-dtf-cutter","9":"first","10":"instock","11":"shipping-taxable","12":"product-type-simple"},"acf":[],"_links":{"self":[{"href":"https:\/\/www.zhiyudgtech.com\/es\/wp-json\/wp\/v2\/product\/8886","targetHints":{"allow":["GET"]}}],"collection":[{"href":"https:\/\/www.zhiyudgtech.com\/es\/wp-json\/wp\/v2\/product"}],"about":[{"href":"https:\/\/www.zhiyudgtech.com\/es\/wp-json\/wp\/v2\/types\/product"}],"wp:featuredmedia":[{"embeddable":true,"href":"https:\/\/www.zhiyudgtech.com\/es\/wp-json\/wp\/v2\/media\/8989"}],"wp:attachment":[{"href":"https:\/\/www.zhiyudgtech.com\/es\/wp-json\/wp\/v2\/media?parent=8886"}],"wp:term":[{"taxonomy":"product_brand","embeddable":true,"href":"https:\/\/www.zhiyudgtech.com\/es\/wp-json\/wp\/v2\/product_brand?post=8886"},{"taxonomy":"product_cat","embeddable":true,"href":"https:\/\/www.zhiyudgtech.com\/es\/wp-json\/wp\/v2\/product_cat?post=8886"},{"taxonomy":"product_tag","embeddable":true,"href":"https:\/\/www.zhiyudgtech.com\/es\/wp-json\/wp\/v2\/product_tag?post=8886"}],"curies":[{"name":"WP","href":"https:\/\/api.w.org\/{rel}","templated":true}]}}