{"id":9787,"date":"2026-03-20T10:01:49","date_gmt":"2026-03-20T02:01:49","guid":{"rendered":"https:\/\/www.zhiyudgtech.com\/?post_type=product&#038;p=9787"},"modified":"2026-04-10T17:30:24","modified_gmt":"2026-04-10T09:30:24","slug":"uv-dtf-film-ab-film","status":"publish","type":"product","link":"https:\/\/www.zhiyudgtech.com\/es\/product\/uv-dtf-film-ab-film\/","title":{"rendered":"Pel\u00edcula DTF UV (Pel\u00edcula AB)"},"content":{"rendered":"","protected":false},"excerpt":{"rendered":"<p><span style=\"font-size: 14pt; font-family: arial, helvetica, sans-serif; color: #000000;\">La pel\u00edcula UV DTF, tambi\u00e9n conocida como pel\u00edcula UV DTF AB, es un consumable transparente o transl\u00facido de alta calidad dise\u00f1ado espec\u00edficamente para el proceso de impresi\u00f3n UV DTF. Cuando se combina con tinta UV y cualquier impresora UV, esta pel\u00edcula facilita transferencias de im\u00e1genes precisas y vibrantes sobre una variedad de materiales, como pl\u00e1sticos, vidrio, metales y m\u00e1s, sin la necesidad de calor.<\/span><\/p>\n<p>&nbsp;<\/p>\n<p>&nbsp;<\/p>","protected":false},"featured_media":10195,"template":"","meta":{"_acf_changed":false},"product_brand":[],"product_cat":[49],"product_tag":[414,415],"class_list":{"0":"post-9787","1":"product","2":"type-product","3":"status-publish","4":"has-post-thumbnail","6":"product_cat-consumables","7":"product_tag-ab-film","8":"product_tag-uv-dtf-film","10":"first","11":"instock","12":"shipping-taxable","13":"product-type-simple"},"acf":[],"_links":{"self":[{"href":"https:\/\/www.zhiyudgtech.com\/es\/wp-json\/wp\/v2\/product\/9787","targetHints":{"allow":["GET"]}}],"collection":[{"href":"https:\/\/www.zhiyudgtech.com\/es\/wp-json\/wp\/v2\/product"}],"about":[{"href":"https:\/\/www.zhiyudgtech.com\/es\/wp-json\/wp\/v2\/types\/product"}],"wp:featuredmedia":[{"embeddable":true,"href":"https:\/\/www.zhiyudgtech.com\/es\/wp-json\/wp\/v2\/media\/10195"}],"wp:attachment":[{"href":"https:\/\/www.zhiyudgtech.com\/es\/wp-json\/wp\/v2\/media?parent=9787"}],"wp:term":[{"taxonomy":"product_brand","embeddable":true,"href":"https:\/\/www.zhiyudgtech.com\/es\/wp-json\/wp\/v2\/product_brand?post=9787"},{"taxonomy":"product_cat","embeddable":true,"href":"https:\/\/www.zhiyudgtech.com\/es\/wp-json\/wp\/v2\/product_cat?post=9787"},{"taxonomy":"product_tag","embeddable":true,"href":"https:\/\/www.zhiyudgtech.com\/es\/wp-json\/wp\/v2\/product_tag?post=9787"}],"curies":[{"name":"WP","href":"https:\/\/api.w.org\/{rel}","templated":true}]}}