{"id":9911,"date":"2026-03-26T11:27:40","date_gmt":"2026-03-26T03:27:40","guid":{"rendered":"https:\/\/www.zhiyudgtech.com\/?post_type=product&#038;p=9911"},"modified":"2026-04-13T16:49:28","modified_gmt":"2026-04-13T08:49:28","slug":"holdwin-heat-press-machine","status":"publish","type":"product","link":"https:\/\/www.zhiyudgtech.com\/es\/product\/holdwin-heat-press-machine\/","title":{"rendered":"M\u00e1quina de prensa de calor HOLDWIN"},"content":{"rendered":"","protected":false},"excerpt":{"rendered":"<p><span style=\"font-size: 14pt; font-family: arial, helvetica, sans-serif; color: #000000;\"><strong>Tipo de producto:<\/strong> M\u00e1quina de prensa de calor autom\u00e1tica de doble estaci\u00f3n<\/span><\/p>\n<p><span style=\"font-size: 14pt; font-family: arial, helvetica, sans-serif; color: #000000;\"><strong>Modelo:<\/strong> M\u00e1quina de prensa de calor Holdwin<\/span><\/p>\n<p><span style=\"font-size: 14pt; font-family: arial, helvetica, sans-serif; color: #000000;\">Al utilizar una <b data-path-to-node=\"0\" data-index-in-node=\"196\">sistema de traslado de doble estaci\u00f3n<\/b>Permite al operador preparar una estaci\u00f3n mientras que la otra est\u00e1 bajo calor, duplicando efectivamente la producci\u00f3n en comparaci\u00f3n con los modelos de cabeza \u00fanica.<\/span><\/p>","protected":false},"featured_media":9912,"template":"","meta":{"_acf_changed":false},"product_brand":[],"product_cat":[29],"product_tag":[426],"class_list":{"0":"post-9911","1":"product","2":"type-product","3":"status-publish","4":"has-post-thumbnail","6":"product_cat-heat-tranfer-machine-printer","7":"product_tag-heat-press-machine","9":"first","10":"instock","11":"shipping-taxable","12":"product-type-simple"},"acf":[],"_links":{"self":[{"href":"https:\/\/www.zhiyudgtech.com\/es\/wp-json\/wp\/v2\/product\/9911","targetHints":{"allow":["GET"]}}],"collection":[{"href":"https:\/\/www.zhiyudgtech.com\/es\/wp-json\/wp\/v2\/product"}],"about":[{"href":"https:\/\/www.zhiyudgtech.com\/es\/wp-json\/wp\/v2\/types\/product"}],"wp:featuredmedia":[{"embeddable":true,"href":"https:\/\/www.zhiyudgtech.com\/es\/wp-json\/wp\/v2\/media\/9912"}],"wp:attachment":[{"href":"https:\/\/www.zhiyudgtech.com\/es\/wp-json\/wp\/v2\/media?parent=9911"}],"wp:term":[{"taxonomy":"product_brand","embeddable":true,"href":"https:\/\/www.zhiyudgtech.com\/es\/wp-json\/wp\/v2\/product_brand?post=9911"},{"taxonomy":"product_cat","embeddable":true,"href":"https:\/\/www.zhiyudgtech.com\/es\/wp-json\/wp\/v2\/product_cat?post=9911"},{"taxonomy":"product_tag","embeddable":true,"href":"https:\/\/www.zhiyudgtech.com\/es\/wp-json\/wp\/v2\/product_tag?post=9911"}],"curies":[{"name":"WP","href":"https:\/\/api.w.org\/{rel}","templated":true}]}}