{"id":9983,"date":"2026-04-01T15:14:35","date_gmt":"2026-04-01T07:14:35","guid":{"rendered":"https:\/\/www.zhiyudgtech.com\/?post_type=product&#038;p=9983"},"modified":"2026-04-13T15:41:32","modified_gmt":"2026-04-13T07:41:32","slug":"uv-roll-to-roll-3200-printer","status":"publish","type":"product","link":"https:\/\/www.zhiyudgtech.com\/es\/product\/uv-roll-to-roll-3200-printer\/","title":{"rendered":"HOLDWIN &#8211;  3204 U1"},"content":{"rendered":"","protected":false},"excerpt":{"rendered":"<p><span style=\"font-size: 14pt; font-family: arial, helvetica, sans-serif; color: #000000;\">Tipo de producto: UV Roll to Roll Printer<\/span><\/p>\n<p><span style=\"font-size: 14pt; font-family: arial, helvetica, sans-serif; color: #000000;\">Ancho de alimentaci\u00f3n: 3200mm<\/span><\/p>\n<p><span style=\"font-size: 14pt; font-family: arial, helvetica, sans-serif; color: #000000;\">Especificaci\u00f3n: Impresora de rodillo a rodillo UV de formato amplio<\/span><\/p>\n<p><span style=\"font-size: 14pt; font-family: arial, helvetica, sans-serif; color: #000000;\">Aplicaci\u00f3n: se\u00f1alizaci\u00f3n al aire libre, pantallas de pel\u00edcula retroiluminadas, recubrimientos de paredes y aplicaciones decorativas de pel\u00edcula suave.<\/span><\/p>","protected":false},"featured_media":9984,"template":"","meta":{"_acf_changed":false},"product_brand":[],"product_cat":[43],"product_tag":[180,179],"class_list":{"0":"post-9983","1":"product","2":"type-product","3":"status-publish","4":"has-post-thumbnail","6":"product_cat-uv-roll-to-roll-printer","7":"product_tag-digital-printer","8":"product_tag-uv-roll-to-roll","10":"first","11":"instock","12":"shipping-taxable","13":"product-type-simple"},"acf":[],"_links":{"self":[{"href":"https:\/\/www.zhiyudgtech.com\/es\/wp-json\/wp\/v2\/product\/9983","targetHints":{"allow":["GET"]}}],"collection":[{"href":"https:\/\/www.zhiyudgtech.com\/es\/wp-json\/wp\/v2\/product"}],"about":[{"href":"https:\/\/www.zhiyudgtech.com\/es\/wp-json\/wp\/v2\/types\/product"}],"wp:featuredmedia":[{"embeddable":true,"href":"https:\/\/www.zhiyudgtech.com\/es\/wp-json\/wp\/v2\/media\/9984"}],"wp:attachment":[{"href":"https:\/\/www.zhiyudgtech.com\/es\/wp-json\/wp\/v2\/media?parent=9983"}],"wp:term":[{"taxonomy":"product_brand","embeddable":true,"href":"https:\/\/www.zhiyudgtech.com\/es\/wp-json\/wp\/v2\/product_brand?post=9983"},{"taxonomy":"product_cat","embeddable":true,"href":"https:\/\/www.zhiyudgtech.com\/es\/wp-json\/wp\/v2\/product_cat?post=9983"},{"taxonomy":"product_tag","embeddable":true,"href":"https:\/\/www.zhiyudgtech.com\/es\/wp-json\/wp\/v2\/product_tag?post=9983"}],"curies":[{"name":"WP","href":"https:\/\/api.w.org\/{rel}","templated":true}]}}