{"id":8241,"date":"2026-01-08T15:36:08","date_gmt":"2026-01-08T07:36:08","guid":{"rendered":"https:\/\/www.zhiyudgtech.com\/?page_id=8241"},"modified":"2026-04-24T17:33:04","modified_gmt":"2026-04-24T09:33:04","slug":"videos","status":"publish","type":"page","link":"https:\/\/www.zhiyudgtech.com\/fr\/videos\/","title":{"rendered":"Vid\u00e9os"},"content":{"rendered":"<style>.elementor-8241 .elementor-element.elementor-element-15d1383{--display:flex;}.elementor-8241 .elementor-element.elementor-element-acb95f7{--display:flex;}.elementor-8241 .elementor-element.elementor-element-43deb67{--display:flex;}.elementor-8241 .elementor-element.elementor-element-2000bbb{--display:flex;}.elementor-8241 .elementor-element.elementor-element-13ab233{--display:flex;}.elementor-8241 .elementor-element.elementor-element-f02a18b{--n-tabs-heading-wrap:wrap;--n-tabs-heading-overflow-x:initial;--n-tabs-title-white-space:initial;}.elementor-8241 .elementor-element.elementor-element-cc74ecc{--display:flex;}<\/style>\t\t<div data-elementor-type=\"wp-page\" data-elementor-id=\"8241\" class=\"elementor elementor-8241\" data-elementor-post-type=\"page\">\n\t\t\t\t<div class=\"elementor-element elementor-element-15d1383 e-flex e-con-boxed e-con e-parent\" data-id=\"15d1383\" data-element_type=\"container\">\n\t\t\t\t\t<div class=\"e-con-inner\">\n\t\t\t\t<div class=\"elementor-element elementor-element-f02a18b e-n-tabs-none elementor-widget elementor-widget-n-tabs\" data-id=\"f02a18b\" data-element_type=\"widget\" data-settings=\"{&quot;horizontal_scroll&quot;:&quot;disable&quot;}\" data-widget_type=\"nested-tabs.default\">\n\t\t\t\t<div class=\"elementor-widget-container\">\n\t\t\t\t\t\t\t<div class=\"e-n-tabs\" data-widget-number=\"251830667\" aria-label=\"Karty. Otwieraj elementy za pomoc\u0105 Enter lub Spacji, zamykaj za pomoc\u0105 Escape i nawiguj za pomoc\u0105 klawiszy strza\u0142ek.\" data-no-translation-aria-label=\"\">\n\t\t\t<div class=\"e-n-tabs-heading\" role=\"tablist\">\n\t\t\t\t\t<button id=\"e-n-tab-title-2518306671\" data-tab-title-id=\"e-n-tab-title-2518306671\" class=\"e-n-tab-title\" aria-selected=\"true\" data-tab-index=\"1\" role=\"tab\" tabindex=\"0\" aria-controls=\"e-n-tab-content-2518306671\" style=\"--n-tabs-title-order: 1;\">\n\t\t\t\t\t\t<span class=\"e-n-tab-title-text\">\n\t\t\t\tVid\u00e9os techniques\t\t\t<\/span>\n\t\t<\/button>\n\t\t\t\t<button id=\"e-n-tab-title-2518306672\" data-tab-title-id=\"e-n-tab-title-2518306672\" class=\"e-n-tab-title\" aria-selected=\"false\" data-tab-index=\"2\" role=\"tab\" tabindex=\"-1\" aria-controls=\"e-n-tab-content-2518306672\" style=\"--n-tabs-title-order: 2;\">\n\t\t\t\t\t\t<span class=\"e-n-tab-title-text\">\n\t\t\t\tVid\u00e9os de produit\t\t\t<\/span>\n\t\t<\/button>\n\t\t\t\t<button id=\"e-n-tab-title-2518306673\" data-tab-title-id=\"e-n-tab-title-2518306673\" class=\"e-n-tab-title\" aria-selected=\"false\" data-tab-index=\"3\" role=\"tab\" tabindex=\"-1\" aria-controls=\"e-n-tab-content-2518306673\" style=\"--n-tabs-title-order: 3;\">\n\t\t\t\t\t\t<span class=\"e-n-tab-title-text\">\n\t\t\t\tVid\u00e9os d'application\t\t\t<\/span>\n\t\t<\/button>\n\t\t\t\t\t<\/div>\n\t\t\t<div class=\"e-n-tabs-content\">\n\t\t\t\t<div id=\"e-n-tab-content-2518306671\" role=\"tabpanel\" aria-labelledby=\"e-n-tab-title-2518306671\" data-tab-index=\"1\" style=\"--n-tabs-title-order: 1;\" class=\"e-active elementor-element elementor-element-acb95f7 e-con-full e-flex e-con e-child\" data-id=\"acb95f7\" data-element_type=\"container\">\n\t\t<div class=\"elementor-element elementor-element-43deb67 e-flex e-con-boxed e-con e-child\" data-id=\"43deb67\" data-element_type=\"container\">\n\t\t\t\t\t<div class=\"e-con-inner\">\n\t\t\t\t<div class=\"elementor-element elementor-element-18e2a91 elementor-widget elementor-widget-text-editor\" data-id=\"18e2a91\" data-element_type=\"widget\" data-widget_type=\"text-editor.default\">\n\t\t\t\t<div class=\"elementor-widget-container\">\n\t\t\t\t\t\t\t\t\t<div class=\"holdwin-shorts-grid\">\n<div class=\"short-item\">\n<div class=\"video-wrapper\"><iframe src=\"https:\/\/www.youtube.com\/embed\/Y1ilgD0BKRg\" frameborder=\"0\" allowfullscreen=\"allowfullscreen\"><\/iframe><\/div>\n<h3>S\u00e9lection du poids du papier de transfert<\/h3>\n<a class=\"cat-btn\" href=\"https:\/\/www.zhiyudgtech.com\/fr\/consumables\/\">VIEW CONSUMABLES<\/a>\n\n<\/div>\n<div class=\"short-item\">\n<div class=\"video-wrapper\"><iframe src=\"https:\/\/www.youtube.com\/embed\/5RQB_CaGif4\" frameborder=\"0\" allowfullscreen=\"allowfullscreen\"><\/iframe><\/div>\n<h3>Comment imprimer DTF estampage \u00e0 chaud<\/h3>\n<a class=\"cat-btn\" href=\"https:\/\/www.zhiyudgtech.com\/fr\/dtf-printer\/\">Voir imprimante DTF<\/a>\n\n<\/div>\n<div class=\"short-item\">\n<div class=\"video-wrapper\"><iframe src=\"https:\/\/www.youtube.com\/embed\/VbhSWcw_tsM\" frameborder=\"0\" allowfullscreen=\"allowfullscreen\"><\/iframe><\/div>\n<h3>Transfert de sublimation de feuille<\/h3>\n<a class=\"cat-btn\" href=\"https:\/\/www.zhiyudgtech.com\/fr\/sublimation-printer\/\">VIEW SUBLIMATION<\/a>\n\n<\/div>\n<div class=\"short-item\">\n<div class=\"video-wrapper\"><iframe src=\"https:\/\/www.youtube.com\/embed\/hXMDH4Y_Ues\" frameborder=\"0\" allowfullscreen=\"allowfullscreen\"><\/iframe><\/div>\n<h3>Broderie imprim\u00e9e<\/h3>\n<a class=\"cat-btn\" href=\"https:\/\/www.zhiyudgtech.com\/fr\/uv-flatbed-printer\/\">VIEW Imprimante UV<\/a>\n\n<\/div>\n<div class=\"short-item\">\n<div class=\"video-wrapper\"><iframe src=\"https:\/\/www.youtube.com\/embed\/8YR04HqNQjw\" frameborder=\"0\" allowfullscreen=\"allowfullscreen\"><\/iframe><\/div>\n<h3>Configuration technique avanc\u00e9e<\/h3>\n<a class=\"cat-btn\" href=\"https:\/\/www.zhiyudgtech.com\/fr\/services-support\/\">CONTACT SUPPORT<\/a>\n\n<\/div>\n<\/div>\t\t\t\t\t\t\t\t<\/div>\n\t\t\t\t<\/div>\n\t\t\t\t\t<\/div>\n\t\t\t\t<\/div>\n\t\t\t\t<\/div>\n\t\t<div id=\"e-n-tab-content-2518306672\" role=\"tabpanel\" aria-labelledby=\"e-n-tab-title-2518306672\" data-tab-index=\"2\" style=\"--n-tabs-title-order: 2;\" class=\"elementor-element elementor-element-2000bbb e-con-full e-flex e-con e-child\" data-id=\"2000bbb\" data-element_type=\"container\">\n\t\t\t\t<div class=\"elementor-element elementor-element-e29a214 elementor-widget elementor-widget-text-editor\" data-id=\"e29a214\" data-element_type=\"widget\" data-widget_type=\"text-editor.default\">\n\t\t\t\t<div class=\"elementor-widget-container\">\n\t\t\t\t\t\t\t\t\t<div class=\"holdwin-shorts-grid\" style=\"margin-top: 0 !important; padding-top: 0 !important;\">\n<div class=\"short-item\">\n<div class=\"video-wrapper\"><iframe src=\"https:\/\/www.youtube.com\/embed\/JZsfT6WsMKQ\" frameborder=\"0\" allowfullscreen=\"allowfullscreen\"><\/iframe><\/div>\n<h3>Pr\u00e9sentation de produits Holdwin<\/h3>\n<a class=\"cat-btn\" href=\"https:\/\/www.zhiyudgtech.com\/fr\/product\/\">Voir le produit<\/a>\n\n<\/div>\n<div class=\"short-item\">\n<div class=\"video-wrapper\"><iframe src=\"https:\/\/www.youtube.com\/embed\/v962xD4BcRU\" frameborder=\"0\" allowfullscreen=\"allowfullscreen\"><\/iframe><\/div>\n<h3>Caract\u00e9ristiques du nouveau mod\u00e8le d'imprimante<\/h3>\n<a class=\"cat-btn\" href=\"https:\/\/www.zhiyudgtech.com\/fr\/product\/\">Voir le produit<\/a>\n\n<\/div>\n<div class=\"short-item\">\n<div class=\"video-wrapper\"><iframe src=\"https:\/\/www.youtube.com\/embed\/7XR62Nrqvho\" frameborder=\"0\" allowfullscreen=\"allowfullscreen\"><\/iframe><\/div>\n<h3>Injection directe pour chaussettes<\/h3>\n<a class=\"cat-btn\" href=\"https:\/\/www.zhiyudgtech.com\/fr\/dtg-printer\/\">Voir l'imprimante DTG<\/a>\n\n<\/div>\n<div class=\"short-item\">\n<div class=\"video-wrapper\"><iframe src=\"https:\/\/www.youtube.com\/embed\/hwUgNi70Fh4\" frameborder=\"0\" allowfullscreen=\"allowfullscreen\"><\/iframe><\/div>\n<h3>Machines \u00e0 feuille num\u00e9rique<\/h3>\n<a class=\"cat-btn\" href=\"https:\/\/www.zhiyudgtech.com\/fr\/sublimation-printer\/\">VIEW SUBLIMATION<\/a>\n\n<\/div>\n<div class=\"short-item\">\n<div class=\"video-wrapper\"><iframe src=\"https:\/\/www.youtube.com\/embed\/pRD5-HYHDEM\" frameborder=\"0\" allowfullscreen=\"allowfullscreen\"><\/iframe><\/div>\n<h3>D\u00e9monstration d'impression haute vitesse<\/h3>\n<a class=\"cat-btn\" href=\"https:\/\/www.zhiyudgtech.com\/fr\/product\/\">Voir le produit<\/a>\n\n<\/div>\n<div class=\"short-item\">\n<div class=\"video-wrapper\"><iframe src=\"https:\/\/www.youtube.com\/embed\/TPDkyX2qDYo\" frameborder=\"0\" allowfullscreen=\"allowfullscreen\"><\/iframe><\/div>\n<h3>Direct au tissu, coloration pr\u00e9cise des motifs<\/h3>\n<a class=\"cat-btn\" href=\"https:\/\/www.zhiyudgtech.com\/fr\/product-category\/direct-to-fabric-printer\/\">Vue directe sur le tissu<\/a>\n\n<\/div>\n<div class=\"short-item\">\n<div class=\"video-wrapper\"><iframe src=\"https:\/\/www.youtube.com\/embed\/4bbRylg3isA\" frameborder=\"0\" allowfullscreen=\"allowfullscreen\"><\/iframe><\/div>\n<h3>V\u00e9rification de qualit\u00e9 du produit final<\/h3>\n<a class=\"cat-btn\" href=\"https:\/\/www.zhiyudgtech.com\/fr\/product\/\">Voir le produit<\/a>\n\n<\/div>\n<\/div>\t\t\t\t\t\t\t\t<\/div>\n\t\t\t\t<\/div>\n\t\t\t\t<\/div>\n\t\t<div id=\"e-n-tab-content-2518306673\" role=\"tabpanel\" aria-labelledby=\"e-n-tab-title-2518306673\" data-tab-index=\"3\" style=\"--n-tabs-title-order: 3;\" class=\"elementor-element elementor-element-13ab233 e-con-full e-flex e-con e-child\" data-id=\"13ab233\" data-element_type=\"container\">\n\t\t\t\t<div class=\"elementor-element elementor-element-3b84109 elementor-widget elementor-widget-text-editor\" data-id=\"3b84109\" data-element_type=\"widget\" data-widget_type=\"text-editor.default\">\n\t\t\t\t<div class=\"elementor-widget-container\">\n\t\t\t\t\t\t\t\t\t<div class=\"holdwin-shorts-grid\">\n<div class=\"short-item\">\n<div class=\"video-wrapper\"><iframe src=\"https:\/\/www.youtube.com\/embed\/kY1Y2eQwfGE\" frameborder=\"0\" allowfullscreen=\"allowfullscreen\"><\/iframe><\/div>\n<h3>Personnalisation de montre en cristal<\/h3>\n<a class=\"cat-btn\" href=\"https:\/\/www.zhiyudgtech.com\/fr\/uv-flatbed-printer\/\">VIEW Imprimante UV<\/a>\n\n<\/div>\n<div class=\"short-item\">\n<div class=\"video-wrapper\"><iframe src=\"https:\/\/www.youtube.com\/embed\/yX4zfXOYBJ8\" frameborder=\"0\" allowfullscreen=\"allowfullscreen\"><\/iframe><\/div>\n<h3>Vous aimez l'imprimante DTF ?<\/h3>\n<a class=\"cat-btn\" href=\"https:\/\/www.zhiyudgtech.com\/fr\/dtf-printer\/\">Voir imprimante DTF<\/a>\n\n<\/div>\n<div class=\"short-item\">\n<div class=\"short-item\">\n<div class=\"video-wrapper\"><iframe src=\"https:\/\/www.youtube.com\/embed\/fRaD9LVp33E\" frameborder=\"0\" allowfullscreen=\"allowfullscreen\"><\/iframe><\/div>\n<h3>Belles \u00e9tiquettes en cristal<\/h3>\n<a class=\"cat-btn\" href=\"https:\/\/www.zhiyudgtech.com\/fr\/uv-flatbed-printer\/\">VIEW Imprimante UV<\/a>\n\n<\/div>\n<\/div>\n<div class=\"short-item\">\n<div class=\"video-wrapper\"><iframe src=\"https:\/\/www.youtube.com\/embed\/cqsbBfV1E-Y\" frameborder=\"0\" allowfullscreen=\"allowfullscreen\"><\/iframe><\/div>\n<h3>Personnalisation rendue facile<\/h3>\n<a class=\"cat-btn\" href=\"https:\/\/www.zhiyudgtech.com\/fr\/uv-flatbed-printer\/\">VIEW Imprimante UV<\/a>\n\n<\/div>\n<div class=\"short-item\">\n<div class=\"video-wrapper\"><iframe src=\"https:\/\/www.youtube.com\/embed\/sAF4Lv10avg\" frameborder=\"0\" allowfullscreen=\"allowfullscreen\"><\/iframe><\/div>\n<h3>Applications pour petites entreprises<\/h3>\n<a class=\"cat-btn\" href=\"https:\/\/www.zhiyudgtech.com\/fr\/product\/\">Voir le produit<\/a>\n\n<\/div>\n<div class=\"short-item\">\n<div class=\"video-wrapper\"><iframe src=\"https:\/\/www.youtube.com\/embed\/FhBs9ejYKf4\" frameborder=\"0\" allowfullscreen=\"allowfullscreen\"><\/iframe><\/div>\n<h3>UV Flatbed tous les mat\u00e9riaux<\/h3>\n<a class=\"cat-btn\" href=\"https:\/\/www.zhiyudgtech.com\/fr\/uv-flatbed-printer\/\">VIEW Imprimante UV<\/a>\n\n<\/div>\n\n<div class=\"short-item\">\n<div class=\"video-wrapper\"><iframe src=\"https:\/\/www.youtube.com\/embed\/KLh8yBDIGdY\" frameborder=\"0\" allowfullscreen=\"allowfullscreen\"><\/iframe><\/div>\n<h3>Configuration \u00e0 domicile d'entreprise<\/h3>\n<a class=\"cat-btn\" href=\"https:\/\/www.zhiyudgtech.com\/fr\/dtf-printer\/\">Voir imprimante DTF<\/a>\n\n<\/div>\n<div class=\"short-item\">\n<div class=\"video-wrapper\"><iframe src=\"https:\/\/www.youtube.com\/embed\/FNHaztyeHP8\" frameborder=\"0\" allowfullscreen=\"allowfullscreen\"><\/iframe><\/div>\n<h3>Calcul du co\u00fbt des consommables<\/h3>\n<a class=\"cat-btn\" href=\"https:\/\/www.zhiyudgtech.com\/fr\/consumables\/\">VIEW CONSUMABLES<\/a>\n\n<\/div>\n<\/div>\t\t\t\t\t\t\t\t<\/div>\n\t\t\t\t<\/div>\n\t\t\t\t<\/div>\n\t\t\t\t\t<\/div>\n\t\t<\/div>\n\t\t\t\t\t\t<\/div>\n\t\t\t\t<\/div>\n\t\t\t\t\t<\/div>\n\t\t\t\t<\/div>\n\t\t<div class=\"elementor-element elementor-element-cc74ecc e-flex e-con-boxed e-con e-parent\" data-id=\"cc74ecc\" data-element_type=\"container\">\n\t\t\t\t\t<div class=\"e-con-inner\">\n\t\t\t\t<div class=\"elementor-element elementor-element-db8e4a5 elementor-widget elementor-widget-text-editor\" data-id=\"db8e4a5\" data-element_type=\"widget\" data-widget_type=\"text-editor.default\">\n\t\t\t\t<div class=\"elementor-widget-container\">\n\t\t\t\t\t\t\t\t\t<style>\n\/* 1. Main Grid Layout - Forces 3 in a row on Desktop *\/\n.holdwin-shorts-grid { \n    display: grid !important; \n    grid-template-columns: repeat(3, 1fr) !important; \n    gap: 20px !important; \n    padding: 10px 0 30px 0;\n    width: 100%;\n}\n\n\/* 2. Video Card Styling *\/\n.short-item { \n    background: #ffffff;\n    border-radius: 12px;\n    padding: 12px;\n    text-align: center;\n    box-shadow: 0 4px 12px rgba(0,0,0,0.08);\n    transition: transform 0.3s ease;\n}\n\n.short-item:hover {\n    transform: translateY(-5px);\n}\n\n\/* 3. Vertical Video Wrapper (9:16 Ratio) *\/\n.video-wrapper {\n    position: relative; \n    width: 100%; \n    padding-top: 177.77%; \/* Perfect vertical aspect ratio *\/\n    background: #000; \n    border-radius: 8px; \n    overflow: hidden;\n}\n\n.video-wrapper iframe {\n    position: absolute; \n    top: 0; \n    left: 0; \n    width: 100%; \n    height: 100%; \n    border: none;\n}\n\n\/* 4. Captions & Buttons *\/\n.short-item h3 { \n    font-size: 14px; \n    line-height: 1.4;\n    margin: 12px 0; \n    height: 40px; \/* Aligns buttons in a row *\/\n    overflow: hidden;\n    color: #333;\n}\n\n.cat-btn { \n    background: #FF8C00; \n    color: #ffffff !important; \n    padding: 10px 15px; \n    border-radius: 6px; \n    font-weight: bold;\n    font-size: 12px;\n    text-decoration: none;\n    display: inline-block;\n    width: 90%;\n    transition: background 0.3s ease;\n}\n\n.cat-btn:hover {\n    background: #e67e00;\n}\n\n\/* 5. Mobile Optimization - Forces 2 in a row *\/\n@media (max-width: 768px) { \n    .holdwin-shorts-grid { \n        grid-template-columns: repeat(2, 1fr) !important; \n        gap: 10px !important; \n    }\n    \n    .short-item {\n        padding: 8px;\n    }\n    \n    .short-item h3 { \n        font-size: 11px; \n        height: 32px; \n        margin: 8px 0;\n    }\n    \n    .cat-btn { \n        padding: 6px 4px; \n        font-size: 9px; \n        width: 100%;\n    }\n}\n<\/style>\t\t\t\t\t\t\t\t<\/div>\n\t\t\t\t<\/div>\n\t\t\t\t\t<\/div>\n\t\t\t\t<\/div>\n\t\t\t\t<\/div>","protected":false},"excerpt":{"rendered":"<p>Technical Videos Product Videos Application Videos Transfer paper weight selection VIEW CONSUMABLES How to print DTF hot stamping VIEW DTF PRINTER Foil Sublimation Transfer VIEW SUBLIMATION Printed embroidery craft VIEW UV PRINTER Advanced technical setup CONTACT SUPPORT Holdwin Product Showcase VIEW PRODUCT New Printer Model Features VIEW PRODUCT Direct injection for socks VIEW DTG PRINTER [&hellip;]<\/p>","protected":false},"author":2,"featured_media":0,"parent":0,"menu_order":5,"comment_status":"closed","ping_status":"closed","template":"","meta":{"_acf_changed":false,"footnotes":""},"class_list":["post-8241","page","type-page","status-publish","hentry"],"acf":[],"_links":{"self":[{"href":"https:\/\/www.zhiyudgtech.com\/fr\/wp-json\/wp\/v2\/pages\/8241","targetHints":{"allow":["GET"]}}],"collection":[{"href":"https:\/\/www.zhiyudgtech.com\/fr\/wp-json\/wp\/v2\/pages"}],"about":[{"href":"https:\/\/www.zhiyudgtech.com\/fr\/wp-json\/wp\/v2\/types\/page"}],"author":[{"embeddable":true,"href":"https:\/\/www.zhiyudgtech.com\/fr\/wp-json\/wp\/v2\/users\/2"}],"replies":[{"embeddable":true,"href":"https:\/\/www.zhiyudgtech.com\/fr\/wp-json\/wp\/v2\/comments?post=8241"}],"version-history":[{"count":72,"href":"https:\/\/www.zhiyudgtech.com\/fr\/wp-json\/wp\/v2\/pages\/8241\/revisions"}],"predecessor-version":[{"id":10501,"href":"https:\/\/www.zhiyudgtech.com\/fr\/wp-json\/wp\/v2\/pages\/8241\/revisions\/10501"}],"wp:attachment":[{"href":"https:\/\/www.zhiyudgtech.com\/fr\/wp-json\/wp\/v2\/media?parent=8241"}],"curies":[{"name":"WP","href":"https:\/\/api.w.org\/{rel}","templated":true}]}}