{"id":10176,"date":"2026-04-10T14:33:46","date_gmt":"2026-04-10T06:33:46","guid":{"rendered":"https:\/\/www.zhiyudgtech.com\/?post_type=product&#038;p=10176"},"modified":"2026-04-10T15:53:49","modified_gmt":"2026-04-10T07:53:49","slug":"3d-soft-uv-ink","status":"publish","type":"product","link":"https:\/\/www.zhiyudgtech.com\/fr\/product\/3d-soft-uv-ink\/","title":{"rendered":"Encre UV douce 3D"},"content":{"rendered":"","protected":false},"excerpt":{"rendered":"<p><span style=\"font-size: 14pt; font-family: arial, helvetica, sans-serif; color: #000000;\">L'encre UV douce 3D Premium de Holdwin est un consommable de pointe de qualit\u00e9 industrielle sp\u00e9cialement con\u00e7u pour les substrats flexibles et les effets de relief 3D tactiles. En utilisant une formule de r\u00e9sine flexible sp\u00e9cialis\u00e9e, cette encre offre un allongement exceptionnel et &#8220; main douce&#8221; Sentir sans fissurer ou pelage. Il est con\u00e7u pour offrir une couleur de haute densit\u00e9 et un durcissement instantan\u00e9, ce qui en fait la solution id\u00e9ale pour les v\u00eatements personnalis\u00e9s, les articles en cuir et les emballages flexibles o\u00f9 la durabilit\u00e9 et la texture sont primordiales.<\/span><\/p>","protected":false},"featured_media":10178,"template":"","meta":{"_acf_changed":false},"product_brand":[],"product_cat":[49],"product_tag":[437],"class_list":{"0":"post-10176","1":"product","2":"type-product","3":"status-publish","4":"has-post-thumbnail","6":"product_cat-consumables","7":"product_tag-uv-ink","9":"first","10":"instock","11":"shipping-taxable","12":"product-type-simple"},"acf":[],"_links":{"self":[{"href":"https:\/\/www.zhiyudgtech.com\/fr\/wp-json\/wp\/v2\/product\/10176","targetHints":{"allow":["GET"]}}],"collection":[{"href":"https:\/\/www.zhiyudgtech.com\/fr\/wp-json\/wp\/v2\/product"}],"about":[{"href":"https:\/\/www.zhiyudgtech.com\/fr\/wp-json\/wp\/v2\/types\/product"}],"wp:featuredmedia":[{"embeddable":true,"href":"https:\/\/www.zhiyudgtech.com\/fr\/wp-json\/wp\/v2\/media\/10178"}],"wp:attachment":[{"href":"https:\/\/www.zhiyudgtech.com\/fr\/wp-json\/wp\/v2\/media?parent=10176"}],"wp:term":[{"taxonomy":"product_brand","embeddable":true,"href":"https:\/\/www.zhiyudgtech.com\/fr\/wp-json\/wp\/v2\/product_brand?post=10176"},{"taxonomy":"product_cat","embeddable":true,"href":"https:\/\/www.zhiyudgtech.com\/fr\/wp-json\/wp\/v2\/product_cat?post=10176"},{"taxonomy":"product_tag","embeddable":true,"href":"https:\/\/www.zhiyudgtech.com\/fr\/wp-json\/wp\/v2\/product_tag?post=10176"}],"curies":[{"name":"WP","href":"https:\/\/api.w.org\/{rel}","templated":true}]}}