{"id":10179,"date":"2026-04-10T15:19:54","date_gmt":"2026-04-10T07:19:54","guid":{"rendered":"https:\/\/www.zhiyudgtech.com\/?post_type=product&#038;p=10179"},"modified":"2026-04-10T15:50:30","modified_gmt":"2026-04-10T07:50:30","slug":"crystal-uv-ink","status":"publish","type":"product","link":"https:\/\/www.zhiyudgtech.com\/fr\/product\/crystal-uv-ink\/","title":{"rendered":"Encre UV de cristal"},"content":{"rendered":"","protected":false},"excerpt":{"rendered":"<p><span style=\"font-size: 14pt; font-family: arial, helvetica, sans-serif; color: #000000;\">L'encre UV Premium Crystal de Holdwin est un consommable ultra-pur et hautement transparent d\u00e9velopp\u00e9 sp\u00e9cifiquement pour atteindre &#8220; cristal&#8221; clart\u00e9 et finitions brillantes. Con\u00e7ue pour des applications rigides et flexibles, cette encre offre une combinaison unique de saturation de couleurs vibrantes et une transparence semblable au verre qui est essentielle pour les transferts UV DTF (Direct-to-Film) haut de gamme et la signalisation acrylique.<\/span><\/p>\n<p>&nbsp;<\/p>","protected":false},"featured_media":10178,"template":"","meta":{"_acf_changed":false},"product_brand":[],"product_cat":[49],"product_tag":[],"class_list":{"0":"post-10179","1":"product","2":"type-product","3":"status-publish","4":"has-post-thumbnail","6":"product_cat-consumables","8":"first","9":"instock","10":"shipping-taxable","11":"product-type-simple"},"acf":[],"_links":{"self":[{"href":"https:\/\/www.zhiyudgtech.com\/fr\/wp-json\/wp\/v2\/product\/10179","targetHints":{"allow":["GET"]}}],"collection":[{"href":"https:\/\/www.zhiyudgtech.com\/fr\/wp-json\/wp\/v2\/product"}],"about":[{"href":"https:\/\/www.zhiyudgtech.com\/fr\/wp-json\/wp\/v2\/types\/product"}],"wp:featuredmedia":[{"embeddable":true,"href":"https:\/\/www.zhiyudgtech.com\/fr\/wp-json\/wp\/v2\/media\/10178"}],"wp:attachment":[{"href":"https:\/\/www.zhiyudgtech.com\/fr\/wp-json\/wp\/v2\/media?parent=10179"}],"wp:term":[{"taxonomy":"product_brand","embeddable":true,"href":"https:\/\/www.zhiyudgtech.com\/fr\/wp-json\/wp\/v2\/product_brand?post=10179"},{"taxonomy":"product_cat","embeddable":true,"href":"https:\/\/www.zhiyudgtech.com\/fr\/wp-json\/wp\/v2\/product_cat?post=10179"},{"taxonomy":"product_tag","embeddable":true,"href":"https:\/\/www.zhiyudgtech.com\/fr\/wp-json\/wp\/v2\/product_tag?post=10179"}],"curies":[{"name":"WP","href":"https:\/\/api.w.org\/{rel}","templated":true}]}}