{"id":4088,"date":"2024-06-27T13:20:28","date_gmt":"2024-06-27T05:20:28","guid":{"rendered":"https:\/\/www.zhiyudgtech.com\/?post_type=product&#038;p=4088"},"modified":"2026-02-05T13:40:28","modified_gmt":"2026-02-05T05:40:28","slug":"377","status":"publish","type":"product","link":"https:\/\/www.zhiyudgtech.com\/fr\/product\/377\/","title":{"rendered":"HOLDWIN-377"},"content":{"rendered":"","protected":false},"excerpt":{"rendered":"<p><span style=\"font-size: 14pt; font-family: arial, helvetica, sans-serif; color: #000000;\"><span dir=\"auto\" style=\"vertical-align: inherit;\"><span dir=\"auto\" style=\"vertical-align: inherit;\">Am\u00e9liorez votre fabrication textile avec la HOLDWIN-377, une machine rotative de transfert de chaleur de haut niveau con\u00e7ue pour une production pr\u00e9cise et en volume \u00e9lev\u00e9. Avec un diam\u00e8tre de tambour robuste de 377 mm, cette machine sert de compagnon parfait pour les imprimantes \u00e0 sublimation num\u00e9rique.<\/span><\/span><\/span><\/p>\n<ul>\n<li>\n<p data-path-to-node=\"11,0,0\"><span style=\"font-size: 14pt; font-family: arial, helvetica, sans-serif; color: #000000;\"><b data-path-to-node=\"11,0,0\" data-index-in-node=\"0\"><span dir=\"auto\" style=\"vertical-align: inherit;\"><span dir=\"auto\" style=\"vertical-align: inherit;\">Mod\u00e8le :<\/span><\/span><\/b><span dir=\"auto\" style=\"vertical-align: inherit;\"><span dir=\"auto\" style=\"vertical-align: inherit;\"> HOLDWIN-377<\/span><\/span><\/span><\/p>\n<\/li>\n<li>\n<p data-path-to-node=\"11,1,0\"><span style=\"font-size: 14pt; font-family: arial, helvetica, sans-serif; color: #000000;\"><b data-path-to-node=\"11,1,0\" data-index-in-node=\"0\"><span dir=\"auto\" style=\"vertical-align: inherit;\"><span dir=\"auto\" style=\"vertical-align: inherit;\">M\u00e9thode de chauffage:<\/span><\/span><\/b><span dir=\"auto\" style=\"vertical-align: inherit;\"><span dir=\"auto\" style=\"vertical-align: inherit;\"> Huile thermique (pour une stabilit\u00e9 sup\u00e9rieure)<\/span><\/span><\/span><\/p>\n<\/li>\n<li>\n<p data-path-to-node=\"11,2,0\"><span style=\"font-size: 14pt; font-family: arial, helvetica, sans-serif; color: #000000;\"><b data-path-to-node=\"11,2,0\" data-index-in-node=\"0\"><span dir=\"auto\" style=\"vertical-align: inherit;\"><span dir=\"auto\" style=\"vertical-align: inherit;\">Applications :<\/span><\/span><\/b><span dir=\"auto\" style=\"vertical-align: inherit;\"><span dir=\"auto\" style=\"vertical-align: inherit;\"> Impression \u00e0 sublimation, Transfert de chaleur, Finition textile<\/span><\/span><\/span><\/p>\n<\/li>\n<\/ul>","protected":false},"featured_media":8987,"template":"","meta":{"_acf_changed":false},"product_brand":[],"product_cat":[29],"product_tag":[301,293],"class_list":{"0":"post-4088","1":"product","2":"type-product","3":"status-publish","4":"has-post-thumbnail","6":"product_cat-heat-tranfer-machine-printer","7":"product_tag-digital-sublimation","8":"product_tag-heat-transfer","10":"first","11":"instock","12":"shipping-taxable","13":"product-type-simple"},"acf":[],"_links":{"self":[{"href":"https:\/\/www.zhiyudgtech.com\/fr\/wp-json\/wp\/v2\/product\/4088","targetHints":{"allow":["GET"]}}],"collection":[{"href":"https:\/\/www.zhiyudgtech.com\/fr\/wp-json\/wp\/v2\/product"}],"about":[{"href":"https:\/\/www.zhiyudgtech.com\/fr\/wp-json\/wp\/v2\/types\/product"}],"wp:featuredmedia":[{"embeddable":true,"href":"https:\/\/www.zhiyudgtech.com\/fr\/wp-json\/wp\/v2\/media\/8987"}],"wp:attachment":[{"href":"https:\/\/www.zhiyudgtech.com\/fr\/wp-json\/wp\/v2\/media?parent=4088"}],"wp:term":[{"taxonomy":"product_brand","embeddable":true,"href":"https:\/\/www.zhiyudgtech.com\/fr\/wp-json\/wp\/v2\/product_brand?post=4088"},{"taxonomy":"product_cat","embeddable":true,"href":"https:\/\/www.zhiyudgtech.com\/fr\/wp-json\/wp\/v2\/product_cat?post=4088"},{"taxonomy":"product_tag","embeddable":true,"href":"https:\/\/www.zhiyudgtech.com\/fr\/wp-json\/wp\/v2\/product_tag?post=4088"}],"curies":[{"name":"WP","href":"https:\/\/api.w.org\/{rel}","templated":true}]}}