{"id":4400,"date":"2024-07-05T16:14:43","date_gmt":"2024-07-05T08:14:43","guid":{"rendered":"https:\/\/www.zhiyudgtech.com\/?post_type=product&#038;p=4400"},"modified":"2026-02-05T13:30:29","modified_gmt":"2026-02-05T05:30:29","slug":"hw-1000","status":"publish","type":"product","link":"https:\/\/www.zhiyudgtech.com\/fr\/product\/hw-1000\/","title":{"rendered":"HOLDWIN-1000"},"content":{"rendered":"","protected":false},"excerpt":{"rendered":"<p><span style=\"font-size: 14pt; font-family: arial, helvetica, sans-serif; color: #000000;\"><strong>Vue d'ensemble :<\/strong><\/span><\/p>\n<p><span style=\"font-size: 14pt; font-family: arial, helvetica, sans-serif; color: #000000;\">Ce grade industriel <b data-path-to-node=\"2\" data-index-in-node=\"22\">Machine de transfert de chaleur<\/b> est con\u00e7u pour une haute pr\u00e9cision <b data-path-to-node=\"2\" data-index-in-node=\"77\">sublimation<\/b>, <b data-path-to-node=\"2\" data-index-in-node=\"90\">vinyle de transfert de chaleur (HTV).<\/b>\u00a0 Con\u00e7ue pour les d\u00e9butants et les professionnels, cette machine permet de transf\u00e9rer facilement vos dessins pr\u00e9f\u00e9r\u00e9s sur des t-shirts, des sacs, des sweats \u00e0 capuche et plus encore. Il suffit de d\u00e9finir votre heure et votre temp\u00e9rature, d'appuyer sur le bas et de donner vie \u00e0 vos id\u00e9es cr\u00e9atives en quelques secondes.<\/span><\/p>","protected":false},"featured_media":8984,"template":"","meta":{"_acf_changed":false},"product_brand":[],"product_cat":[29],"product_tag":[293,294],"class_list":{"0":"post-4400","1":"product","2":"type-product","3":"status-publish","4":"has-post-thumbnail","6":"product_cat-heat-tranfer-machine-printer","7":"product_tag-heat-transfer","8":"product_tag-printing-process","10":"first","11":"instock","12":"shipping-taxable","13":"product-type-simple"},"acf":[],"_links":{"self":[{"href":"https:\/\/www.zhiyudgtech.com\/fr\/wp-json\/wp\/v2\/product\/4400","targetHints":{"allow":["GET"]}}],"collection":[{"href":"https:\/\/www.zhiyudgtech.com\/fr\/wp-json\/wp\/v2\/product"}],"about":[{"href":"https:\/\/www.zhiyudgtech.com\/fr\/wp-json\/wp\/v2\/types\/product"}],"wp:featuredmedia":[{"embeddable":true,"href":"https:\/\/www.zhiyudgtech.com\/fr\/wp-json\/wp\/v2\/media\/8984"}],"wp:attachment":[{"href":"https:\/\/www.zhiyudgtech.com\/fr\/wp-json\/wp\/v2\/media?parent=4400"}],"wp:term":[{"taxonomy":"product_brand","embeddable":true,"href":"https:\/\/www.zhiyudgtech.com\/fr\/wp-json\/wp\/v2\/product_brand?post=4400"},{"taxonomy":"product_cat","embeddable":true,"href":"https:\/\/www.zhiyudgtech.com\/fr\/wp-json\/wp\/v2\/product_cat?post=4400"},{"taxonomy":"product_tag","embeddable":true,"href":"https:\/\/www.zhiyudgtech.com\/fr\/wp-json\/wp\/v2\/product_tag?post=4400"}],"curies":[{"name":"WP","href":"https:\/\/api.w.org\/{rel}","templated":true}]}}