{"id":802,"date":"2024-04-11T10:50:31","date_gmt":"2024-04-11T02:50:31","guid":{"rendered":"http:\/\/www.zhiyudgtech.com\/?post_type=product&#038;p=802"},"modified":"2026-04-10T16:11:14","modified_gmt":"2026-04-10T08:11:14","slug":"sublimation-ink-5l","status":"publish","type":"product","link":"https:\/\/www.zhiyudgtech.com\/fr\/product\/sublimation-ink-5l\/","title":{"rendered":"Encre de sublimation de haute concentration 5L"},"content":{"rendered":"","protected":false},"excerpt":{"rendered":"<p><span style=\"font-size: 14pt; font-family: arial, helvetica, sans-serif; color: #000000;\">L'encre de sublimation Holdwin (5L) est une encre de sublimation de colorant \u00e0 base d'eau de qualit\u00e9 professionnelle con\u00e7ue pour la cr\u00e9ation de textiles num\u00e9riques \u00e0 grande vitesse. Gr\u00e2ce \u00e0 sa riche concentration de pigments et \u00e0 sa filtration \u00e0 nano\u00e9chelle, cette encre est destin\u00e9e \u00e0 fournir des r\u00e9sultats attrayants et \u00e0 haut contraste sur les tissus polyester.<\/span><\/p>\n<p><span style=\"font-family: arial, helvetica, sans-serif; font-size: 14pt; color: #000000;\"><strong>Sp\u00e9cifications du produit<\/strong><\/span><\/p>\n<p><span style=\"font-family: arial, helvetica, sans-serif; font-size: 14pt; color: #000000;\"><b data-path-to-node=\"11,1,0,0\" data-index-in-node=\"0\">Type d'encre: <\/b>Encre de sublimation de teinture \u00e0 haute concentration<\/span><\/p>\n<p><span style=\"font-family: arial, helvetica, sans-serif; font-size: 14pt; color: #000000;\"><b data-path-to-node=\"11,2,0,0\" data-index-in-node=\"0\">Volume : <\/b>5 litres \/ bouteille<\/span><\/p>\n<p><span style=\"font-family: arial, helvetica, sans-serif; font-size: 14pt; color: #000000;\"><b data-path-to-node=\"11,3,0,0\" data-index-in-node=\"0\">Couleurs disponibles: <\/b>Cyan, magenta, jaune, noir (CMYK)<\/span><\/p>","protected":false},"featured_media":10162,"template":"","meta":{"_acf_changed":false},"product_brand":[],"product_cat":[49],"product_tag":[325,326,300,321],"class_list":{"0":"post-802","1":"product","2":"type-product","3":"status-publish","4":"has-post-thumbnail","6":"product_cat-consumables","7":"product_tag-printer-consumable","8":"product_tag-printer-ink","9":"product_tag-sublimation-ink","10":"product_tag-sublimation-printer","12":"first","13":"instock","14":"shipping-taxable","15":"product-type-simple"},"acf":[],"_links":{"self":[{"href":"https:\/\/www.zhiyudgtech.com\/fr\/wp-json\/wp\/v2\/product\/802","targetHints":{"allow":["GET"]}}],"collection":[{"href":"https:\/\/www.zhiyudgtech.com\/fr\/wp-json\/wp\/v2\/product"}],"about":[{"href":"https:\/\/www.zhiyudgtech.com\/fr\/wp-json\/wp\/v2\/types\/product"}],"wp:featuredmedia":[{"embeddable":true,"href":"https:\/\/www.zhiyudgtech.com\/fr\/wp-json\/wp\/v2\/media\/10162"}],"wp:attachment":[{"href":"https:\/\/www.zhiyudgtech.com\/fr\/wp-json\/wp\/v2\/media?parent=802"}],"wp:term":[{"taxonomy":"product_brand","embeddable":true,"href":"https:\/\/www.zhiyudgtech.com\/fr\/wp-json\/wp\/v2\/product_brand?post=802"},{"taxonomy":"product_cat","embeddable":true,"href":"https:\/\/www.zhiyudgtech.com\/fr\/wp-json\/wp\/v2\/product_cat?post=802"},{"taxonomy":"product_tag","embeddable":true,"href":"https:\/\/www.zhiyudgtech.com\/fr\/wp-json\/wp\/v2\/product_tag?post=802"}],"curies":[{"name":"WP","href":"https:\/\/api.w.org\/{rel}","templated":true}]}}