{"id":9222,"date":"2026-03-05T17:06:10","date_gmt":"2026-03-05T09:06:10","guid":{"rendered":"https:\/\/www.zhiyudgtech.com\/?post_type=product&#038;p=9222"},"modified":"2026-04-03T14:40:55","modified_gmt":"2026-04-03T06:40:55","slug":"holdwin-280","status":"publish","type":"product","link":"https:\/\/www.zhiyudgtech.com\/fr\/product\/holdwin-280\/","title":{"rendered":"HOLDWIN-280"},"content":{"rendered":"","protected":false},"excerpt":{"rendered":"<p><span style=\"font-size: 14pt; font-family: arial, helvetica, sans-serif; color: #000000;\"><strong>Type de produit :\u00a0<\/strong> Four DTF<\/span><\/p>\n<p><span style=\"font-family: arial, helvetica, sans-serif; font-size: 14pt;\"><span style=\"color: #000000;\"><b data-path-to-node=\"1,5,0\" data-index-in-node=\"0\"><span class=\"citation-16\">Application :<\/span><\/b><span class=\"citation-16\"> P<\/span><span class=\"citation-16\">films de r\u00e9p\u00e9tition pour le pressage \u00e0 chaleur.<\/span><\/span><\/span><\/p>\n<p>&nbsp;<\/p>\n<p>&nbsp;<\/p>","protected":false},"featured_media":9223,"template":"","meta":{"_acf_changed":false},"product_brand":[],"product_cat":[26],"product_tag":[394,393],"class_list":{"0":"post-9222","1":"product","2":"type-product","3":"status-publish","4":"has-post-thumbnail","6":"product_cat-dtf-printer","7":"product_tag-dtf-curing","8":"product_tag-dtf-oven","10":"first","11":"instock","12":"shipping-taxable","13":"product-type-simple"},"acf":[],"_links":{"self":[{"href":"https:\/\/www.zhiyudgtech.com\/fr\/wp-json\/wp\/v2\/product\/9222","targetHints":{"allow":["GET"]}}],"collection":[{"href":"https:\/\/www.zhiyudgtech.com\/fr\/wp-json\/wp\/v2\/product"}],"about":[{"href":"https:\/\/www.zhiyudgtech.com\/fr\/wp-json\/wp\/v2\/types\/product"}],"wp:featuredmedia":[{"embeddable":true,"href":"https:\/\/www.zhiyudgtech.com\/fr\/wp-json\/wp\/v2\/media\/9223"}],"wp:attachment":[{"href":"https:\/\/www.zhiyudgtech.com\/fr\/wp-json\/wp\/v2\/media?parent=9222"}],"wp:term":[{"taxonomy":"product_brand","embeddable":true,"href":"https:\/\/www.zhiyudgtech.com\/fr\/wp-json\/wp\/v2\/product_brand?post=9222"},{"taxonomy":"product_cat","embeddable":true,"href":"https:\/\/www.zhiyudgtech.com\/fr\/wp-json\/wp\/v2\/product_cat?post=9222"},{"taxonomy":"product_tag","embeddable":true,"href":"https:\/\/www.zhiyudgtech.com\/fr\/wp-json\/wp\/v2\/product_tag?post=9222"}],"curies":[{"name":"WP","href":"https:\/\/api.w.org\/{rel}","templated":true}]}}