{"id":9519,"date":"2026-03-13T14:46:38","date_gmt":"2026-03-13T06:46:38","guid":{"rendered":"https:\/\/www.zhiyudgtech.com\/?post_type=product&#038;p=9519"},"modified":"2026-04-10T17:32:33","modified_gmt":"2026-04-10T09:32:33","slug":"dtf-tpu-adhesive-powder","status":"publish","type":"product","link":"https:\/\/www.zhiyudgtech.com\/fr\/product\/dtf-tpu-adhesive-powder\/","title":{"rendered":"poudre adh\u00e9sive DTF TPU"},"content":{"rendered":"","protected":false},"excerpt":{"rendered":"<p><span style=\"font-size: 14pt; font-family: arial, helvetica, sans-serif; color: #000000;\">Poudre adh\u00e9sive \u00e0 haute \u00e9lasticit\u00e9 con\u00e7ue pour une r\u00e9sistance de liaison sup\u00e9rieure sur le tissu.<\/span><\/p>\n<p><span style=\"font-size: 14pt; font-family: arial, helvetica, sans-serif; color: #000000;\"><strong>Nom du produit :<\/strong> HOLDWIN DTF TPU poudre adh\u00e9sive<\/span><\/p>\n<p><span style=\"font-size: 14pt; font-family: arial, helvetica, sans-serif; color: #000000;\"><strong>Couleur :<\/strong> blanc<\/span><\/p>\n<p><span style=\"font-size: 14pt; font-family: arial, helvetica, sans-serif; color: #000000;\"><strong>Application :<\/strong> Impression DTF<\/span><\/p>","protected":false},"featured_media":10196,"template":"","meta":{"_acf_changed":false},"product_brand":[],"product_cat":[49],"product_tag":[405,406],"class_list":{"0":"post-9519","1":"product","2":"type-product","3":"status-publish","4":"has-post-thumbnail","6":"product_cat-consumables","7":"product_tag-dtf-powder","8":"product_tag-dtf-tpu-powder","10":"first","11":"instock","12":"shipping-taxable","13":"product-type-simple"},"acf":[],"_links":{"self":[{"href":"https:\/\/www.zhiyudgtech.com\/fr\/wp-json\/wp\/v2\/product\/9519","targetHints":{"allow":["GET"]}}],"collection":[{"href":"https:\/\/www.zhiyudgtech.com\/fr\/wp-json\/wp\/v2\/product"}],"about":[{"href":"https:\/\/www.zhiyudgtech.com\/fr\/wp-json\/wp\/v2\/types\/product"}],"wp:featuredmedia":[{"embeddable":true,"href":"https:\/\/www.zhiyudgtech.com\/fr\/wp-json\/wp\/v2\/media\/10196"}],"wp:attachment":[{"href":"https:\/\/www.zhiyudgtech.com\/fr\/wp-json\/wp\/v2\/media?parent=9519"}],"wp:term":[{"taxonomy":"product_brand","embeddable":true,"href":"https:\/\/www.zhiyudgtech.com\/fr\/wp-json\/wp\/v2\/product_brand?post=9519"},{"taxonomy":"product_cat","embeddable":true,"href":"https:\/\/www.zhiyudgtech.com\/fr\/wp-json\/wp\/v2\/product_cat?post=9519"},{"taxonomy":"product_tag","embeddable":true,"href":"https:\/\/www.zhiyudgtech.com\/fr\/wp-json\/wp\/v2\/product_tag?post=9519"}],"curies":[{"name":"WP","href":"https:\/\/api.w.org\/{rel}","templated":true}]}}