{"id":802,"date":"2024-04-11T10:50:31","date_gmt":"2024-04-11T02:50:31","guid":{"rendered":"http:\/\/www.zhiyudgtech.com\/?post_type=product&#038;p=802"},"modified":"2026-04-10T16:11:14","modified_gmt":"2026-04-10T08:11:14","slug":"sublimation-ink-5l","status":"publish","type":"product","link":"https:\/\/www.zhiyudgtech.com\/it\/product\/sublimation-ink-5l\/","title":{"rendered":"Inchiostro di sublimazione ad alta concentrazione 5L"},"content":{"rendered":"","protected":false},"excerpt":{"rendered":"<p><span style=\"font-size: 14pt; font-family: arial, helvetica, sans-serif; color: #000000;\">L'inchiostro di sublimazione Holdwin (5L) \u00e8 un inchiostro di sublimazione a base d'acqua di qualit\u00e0 professionale progettato per la creazione di tessuti digitali ad alta velocit\u00e0. Con la sua ricca concentrazione di pigmenti e la filtrazione su scala nano, questo inchiostro \u00e8 destinato a fornire risultati accattivanti e ad alto contrasto sui tessuti in poliestere.<\/span><\/p>\n<p><span style=\"font-family: arial, helvetica, sans-serif; font-size: 14pt; color: #000000;\"><strong>Specifiche del prodotto<\/strong><\/span><\/p>\n<p><span style=\"font-family: arial, helvetica, sans-serif; font-size: 14pt; color: #000000;\"><b data-path-to-node=\"11,1,0,0\" data-index-in-node=\"0\">Tipo di inchiostro: <\/b>Inchiostro di sublimazione colorante ad alta concentrazione<\/span><\/p>\n<p><span style=\"font-family: arial, helvetica, sans-serif; font-size: 14pt; color: #000000;\"><b data-path-to-node=\"11,2,0,0\" data-index-in-node=\"0\">Volume: <\/b>5 litri \/ bottiglia<\/span><\/p>\n<p><span style=\"font-family: arial, helvetica, sans-serif; font-size: 14pt; color: #000000;\"><b data-path-to-node=\"11,3,0,0\" data-index-in-node=\"0\">Colori disponibili: <\/b>Ciano, Magenta, Giallo, Nero (CMYK)<\/span><\/p>","protected":false},"featured_media":10162,"template":"","meta":{"_acf_changed":false},"product_brand":[],"product_cat":[49],"product_tag":[325,326,300,321],"class_list":{"0":"post-802","1":"product","2":"type-product","3":"status-publish","4":"has-post-thumbnail","6":"product_cat-consumables","7":"product_tag-printer-consumable","8":"product_tag-printer-ink","9":"product_tag-sublimation-ink","10":"product_tag-sublimation-printer","12":"first","13":"instock","14":"shipping-taxable","15":"product-type-simple"},"acf":[],"_links":{"self":[{"href":"https:\/\/www.zhiyudgtech.com\/it\/wp-json\/wp\/v2\/product\/802","targetHints":{"allow":["GET"]}}],"collection":[{"href":"https:\/\/www.zhiyudgtech.com\/it\/wp-json\/wp\/v2\/product"}],"about":[{"href":"https:\/\/www.zhiyudgtech.com\/it\/wp-json\/wp\/v2\/types\/product"}],"wp:featuredmedia":[{"embeddable":true,"href":"https:\/\/www.zhiyudgtech.com\/it\/wp-json\/wp\/v2\/media\/10162"}],"wp:attachment":[{"href":"https:\/\/www.zhiyudgtech.com\/it\/wp-json\/wp\/v2\/media?parent=802"}],"wp:term":[{"taxonomy":"product_brand","embeddable":true,"href":"https:\/\/www.zhiyudgtech.com\/it\/wp-json\/wp\/v2\/product_brand?post=802"},{"taxonomy":"product_cat","embeddable":true,"href":"https:\/\/www.zhiyudgtech.com\/it\/wp-json\/wp\/v2\/product_cat?post=802"},{"taxonomy":"product_tag","embeddable":true,"href":"https:\/\/www.zhiyudgtech.com\/it\/wp-json\/wp\/v2\/product_tag?post=802"}],"curies":[{"name":"WP","href":"https:\/\/api.w.org\/{rel}","templated":true}]}}