{"id":8877,"date":"2026-01-30T16:59:41","date_gmt":"2026-01-30T08:59:41","guid":{"rendered":"https:\/\/www.zhiyudgtech.com\/?post_type=product&#038;p=8877"},"modified":"2026-04-10T15:57:12","modified_gmt":"2026-04-10T07:57:12","slug":"dtg-ink-direct-to-garment-ink","status":"publish","type":"product","link":"https:\/\/www.zhiyudgtech.com\/it\/product\/dtg-ink-direct-to-garment-ink\/","title":{"rendered":"Inchiostro DTG &#8211; Inchiostro diretto al capo"},"content":{"rendered":"","protected":false},"excerpt":{"rendered":"<p><span style=\"font-family: arial, helvetica, sans-serif; font-size: 14pt; color: #000000;\">Porta la tua produzione tessile al livello successivo con Holdwin&#8217; s <strong>Inchiostro DTG ad alta concentrazione<\/strong>una soluzione di pigmento a base di acqua resistente all'industria. La nostra formula ad alta densit\u00e0 \u00e8 pensata per penetrare profondamente e legarsi con 100% cotone e miscele ad alta densit\u00e0 di cotone. Sicurando il pigmento all'interno del tessuto&#8217; La struttura del capo mantiene intatta la traspirabilit\u00e0 originale e il tocco morbido garantendo al contempo una protezione pronta al dettaglio dalla sbiadita e dalle crepe.<\/span><\/p>","protected":false},"featured_media":10160,"template":"","meta":{"_acf_changed":false},"product_brand":[],"product_cat":[49],"product_tag":[351,350],"class_list":{"0":"post-8877","1":"product","2":"type-product","3":"status-publish","4":"has-post-thumbnail","6":"product_cat-consumables","7":"product_tag-direct-to-garment-ink","8":"product_tag-dtg-ink","10":"first","11":"instock","12":"shipping-taxable","13":"product-type-simple"},"acf":[],"_links":{"self":[{"href":"https:\/\/www.zhiyudgtech.com\/it\/wp-json\/wp\/v2\/product\/8877","targetHints":{"allow":["GET"]}}],"collection":[{"href":"https:\/\/www.zhiyudgtech.com\/it\/wp-json\/wp\/v2\/product"}],"about":[{"href":"https:\/\/www.zhiyudgtech.com\/it\/wp-json\/wp\/v2\/types\/product"}],"wp:featuredmedia":[{"embeddable":true,"href":"https:\/\/www.zhiyudgtech.com\/it\/wp-json\/wp\/v2\/media\/10160"}],"wp:attachment":[{"href":"https:\/\/www.zhiyudgtech.com\/it\/wp-json\/wp\/v2\/media?parent=8877"}],"wp:term":[{"taxonomy":"product_brand","embeddable":true,"href":"https:\/\/www.zhiyudgtech.com\/it\/wp-json\/wp\/v2\/product_brand?post=8877"},{"taxonomy":"product_cat","embeddable":true,"href":"https:\/\/www.zhiyudgtech.com\/it\/wp-json\/wp\/v2\/product_cat?post=8877"},{"taxonomy":"product_tag","embeddable":true,"href":"https:\/\/www.zhiyudgtech.com\/it\/wp-json\/wp\/v2\/product_tag?post=8877"}],"curies":[{"name":"WP","href":"https:\/\/api.w.org\/{rel}","templated":true}]}}