{"id":10176,"date":"2026-04-10T14:33:46","date_gmt":"2026-04-10T06:33:46","guid":{"rendered":"https:\/\/www.zhiyudgtech.com\/?post_type=product&#038;p=10176"},"modified":"2026-04-10T15:53:49","modified_gmt":"2026-04-10T07:53:49","slug":"3d-soft-uv-ink","status":"publish","type":"product","link":"https:\/\/www.zhiyudgtech.com\/pl\/product\/3d-soft-uv-ink\/","title":{"rendered":"Mi\u0119kki tusz UV 3D"},"content":{"rendered":"","protected":false},"excerpt":{"rendered":"<p><span style=\"font-size: 14pt; font-family: arial, helvetica, sans-serif; color: #000000;\">Holdwin's Premium 3D Soft UV Ink to najnowocze\u015bniejszy materia\u0142 eksploatacyjny klasy przemys\u0142owej, specjalnie zaprojektowany dla elastycznych pod\u0142o\u017ce\u0144 i dotykowych efekt\u00f3w ulgi 3D. Wykorzystuj\u0105c wyspecjalizowan\u0105 formu\u0142\u0119 elastycznej \u017cywicy, ten atrament zapewnia wyj\u0105tkowe wyd\u0142u\u017cenie i &#8220; mi\u0119kka r\u0119ka&#8221; czu\u0107 si\u0119 bez p\u0119kni\u0119cia lub \u0142uszczenia. Jest zaprojektowany tak, aby zapewni\u0107 wysok\u0105 g\u0119sto\u015b\u0107 koloru i natychmiastowe utwardzanie, co czyni go idealnym rozwi\u0105zaniem do spersonalizowanych odzie\u017cy, wyrob\u00f3w sk\u00f3rzanych i elastycznych opakowa\u0144, w kt\u00f3rych trwa\u0142o\u015b\u0107 i tekstura s\u0105 najwa\u017cniejsze.<\/span><\/p>","protected":false},"featured_media":10178,"template":"","meta":{"_acf_changed":false},"product_brand":[],"product_cat":[49],"product_tag":[437],"class_list":{"0":"post-10176","1":"product","2":"type-product","3":"status-publish","4":"has-post-thumbnail","6":"product_cat-consumables","7":"product_tag-uv-ink","9":"first","10":"instock","11":"shipping-taxable","12":"product-type-simple"},"acf":[],"_links":{"self":[{"href":"https:\/\/www.zhiyudgtech.com\/pl\/wp-json\/wp\/v2\/product\/10176","targetHints":{"allow":["GET"]}}],"collection":[{"href":"https:\/\/www.zhiyudgtech.com\/pl\/wp-json\/wp\/v2\/product"}],"about":[{"href":"https:\/\/www.zhiyudgtech.com\/pl\/wp-json\/wp\/v2\/types\/product"}],"wp:featuredmedia":[{"embeddable":true,"href":"https:\/\/www.zhiyudgtech.com\/pl\/wp-json\/wp\/v2\/media\/10178"}],"wp:attachment":[{"href":"https:\/\/www.zhiyudgtech.com\/pl\/wp-json\/wp\/v2\/media?parent=10176"}],"wp:term":[{"taxonomy":"product_brand","embeddable":true,"href":"https:\/\/www.zhiyudgtech.com\/pl\/wp-json\/wp\/v2\/product_brand?post=10176"},{"taxonomy":"product_cat","embeddable":true,"href":"https:\/\/www.zhiyudgtech.com\/pl\/wp-json\/wp\/v2\/product_cat?post=10176"},{"taxonomy":"product_tag","embeddable":true,"href":"https:\/\/www.zhiyudgtech.com\/pl\/wp-json\/wp\/v2\/product_tag?post=10176"}],"curies":[{"name":"WP","href":"https:\/\/api.w.org\/{rel}","templated":true}]}}