{"id":10179,"date":"2026-04-10T15:19:54","date_gmt":"2026-04-10T07:19:54","guid":{"rendered":"https:\/\/www.zhiyudgtech.com\/?post_type=product&#038;p=10179"},"modified":"2026-04-10T15:50:30","modified_gmt":"2026-04-10T07:50:30","slug":"crystal-uv-ink","status":"publish","type":"product","link":"https:\/\/www.zhiyudgtech.com\/pl\/product\/crystal-uv-ink\/","title":{"rendered":"Kryszta\u0142owy atrament UV"},"content":{"rendered":"","protected":false},"excerpt":{"rendered":"<p><span style=\"font-size: 14pt; font-family: arial, helvetica, sans-serif; color: #000000;\">Holdwin's Premium Crystal UV Ink to ultraczysty, wysoko przezroczysty materia\u0142 eksploatacyjny opracowany specjalnie do osi\u0105gni\u0119cia &#8220; kryszta\u0142&#8221; przejrzysto\u015b\u0107 i wyko\u0144czenia o wysokim po\u0142ysku. Zaprojektowany zar\u00f3wno do zastosowa\u0144 sztywnych, jak i elastycznych, atrament ten oferuje wyj\u0105tkowe po\u0142\u0105czenie \u017cywego nasycenia kolor\u00f3w i szklanej przejrzysto\u015bci, kt\u00f3ra jest niezb\u0119dna do wysokiej klasy transfer\u00f3w UV DTF (Direct-to-Film) i akrylowych znak\u00f3w.<\/span><\/p>\n<p>&nbsp;<\/p>","protected":false},"featured_media":10178,"template":"","meta":{"_acf_changed":false},"product_brand":[],"product_cat":[49],"product_tag":[],"class_list":{"0":"post-10179","1":"product","2":"type-product","3":"status-publish","4":"has-post-thumbnail","6":"product_cat-consumables","8":"first","9":"instock","10":"shipping-taxable","11":"product-type-simple"},"acf":[],"_links":{"self":[{"href":"https:\/\/www.zhiyudgtech.com\/pl\/wp-json\/wp\/v2\/product\/10179","targetHints":{"allow":["GET"]}}],"collection":[{"href":"https:\/\/www.zhiyudgtech.com\/pl\/wp-json\/wp\/v2\/product"}],"about":[{"href":"https:\/\/www.zhiyudgtech.com\/pl\/wp-json\/wp\/v2\/types\/product"}],"wp:featuredmedia":[{"embeddable":true,"href":"https:\/\/www.zhiyudgtech.com\/pl\/wp-json\/wp\/v2\/media\/10178"}],"wp:attachment":[{"href":"https:\/\/www.zhiyudgtech.com\/pl\/wp-json\/wp\/v2\/media?parent=10179"}],"wp:term":[{"taxonomy":"product_brand","embeddable":true,"href":"https:\/\/www.zhiyudgtech.com\/pl\/wp-json\/wp\/v2\/product_brand?post=10179"},{"taxonomy":"product_cat","embeddable":true,"href":"https:\/\/www.zhiyudgtech.com\/pl\/wp-json\/wp\/v2\/product_cat?post=10179"},{"taxonomy":"product_tag","embeddable":true,"href":"https:\/\/www.zhiyudgtech.com\/pl\/wp-json\/wp\/v2\/product_tag?post=10179"}],"curies":[{"name":"WP","href":"https:\/\/api.w.org\/{rel}","templated":true}]}}