{"id":3944,"date":"2024-06-19T15:49:31","date_gmt":"2024-06-19T07:49:31","guid":{"rendered":"https:\/\/www.zhiyudgtech.com\/?post_type=product&#038;p=3944"},"modified":"2026-04-20T16:45:22","modified_gmt":"2026-04-20T08:45:22","slug":"industrial-sublimation-holdwin-3208","status":"publish","type":"product","link":"https:\/\/www.zhiyudgtech.com\/pl\/product\/industrial-sublimation-holdwin-3208\/","title":{"rendered":"HOLDWIN-3208"},"content":{"rendered":"","protected":false},"excerpt":{"rendered":"<p><span style=\"font-size: 14pt; font-family: arial, helvetica, sans-serif; color: #000000;\"><span dir=\"auto\" style=\"vertical-align: inherit;\"><span dir=\"auto\" style=\"vertical-align: inherit;\">W\u00a0 <\/span><\/span><strong><b><span dir=\"auto\" style=\"vertical-align: inherit;\"><span dir=\"auto\" style=\"vertical-align: inherit;\">HOLDWIN-3208 TX<\/span><\/span><\/b><\/strong><span dir=\"auto\" style=\"vertical-align: inherit;\"><span dir=\"auto\" style=\"vertical-align: inherit;\"> \u00a0stoi mi\u0119dzy <\/span><\/span><strong><b><span dir=\"auto\" style=\"vertical-align: inherit;\"><span dir=\"auto\" style=\"vertical-align: inherit;\">najlepsze drukarki sublimacyjne<\/span><\/span><\/b><\/strong><span dir=\"auto\" style=\"vertical-align: inherit;\"><span dir=\"auto\" style=\"vertical-align: inherit;\"> \u00a0dla produkcji przemys\u0142owej. Jest zaprojektowany w celu stworzenia \u017cywych, trwa\u0142ych\u00a0 <\/span><\/span><strong><b><span dir=\"auto\" style=\"vertical-align: inherit;\"><span dir=\"auto\" style=\"vertical-align: inherit;\">wydruki sublimacyjne<\/span><\/span><\/b><\/strong><span dir=\"auto\" style=\"vertical-align: inherit;\"><span dir=\"auto\" style=\"vertical-align: inherit;\"> \u00a0na szerokim zakresie pod\u0142o\u017ce\u0144. <\/span><\/span><\/span><span style=\"font-size: 14pt; font-family: arial, helvetica, sans-serif; color: #000000;\"><span dir=\"auto\" style=\"vertical-align: inherit;\"><span dir=\"auto\" style=\"vertical-align: inherit;\">Ta elektrownia wykorzystuje wysok\u0105 jako\u015b\u0107\u00a0 <\/span><\/span><strong><b><span dir=\"auto\" style=\"vertical-align: inherit;\"><span dir=\"auto\" style=\"vertical-align: inherit;\">tusz sublimacyjny <\/span><\/span><\/b><\/strong><strong><b><span dir=\"auto\" style=\"vertical-align: inherit;\"><span dir=\"auto\" style=\"vertical-align: inherit;\">.<\/span><\/span><\/b><\/strong><span dir=\"auto\" style=\"vertical-align: inherit;\"><span dir=\"auto\" style=\"vertical-align: inherit;\"> Projekty s\u0105 najpierw wydrukowane na\u00a0 <\/span><\/span><strong><b><span dir=\"auto\" style=\"vertical-align: inherit;\"><span dir=\"auto\" style=\"vertical-align: inherit;\">papier sublimacyjny<\/span><\/span><\/b><\/strong><span dir=\"auto\" style=\"vertical-align: inherit;\"><span dir=\"auto\" style=\"vertical-align: inherit;\"> \u00a0przed przeniesieniem ciep\u0142a na produkt ko\u0144cowy.<\/span><\/span><\/span><\/p>\n<p><span style=\"font-size: 14pt; font-family: arial, helvetica, sans-serif; color: #000000;\"><strong><b><span dir=\"auto\" style=\"vertical-align: inherit;\"><span dir=\"auto\" style=\"vertical-align: inherit;\">Podstawowe specyfikacje:<\/span><\/span><\/b><\/strong><\/span><\/p>\n<p><span dir=\"auto\" style=\"vertical-align: inherit; font-size: 14pt; font-family: arial, helvetica, sans-serif; color: #000000;\"><span dir=\"auto\" style=\"vertical-align: inherit;\"><strong>G\u0142owica druku:<\/strong> 8 g\u0142owic drukuj\u0105cych i3200-A1<\/span><\/span><br \/>\n<strong><span style=\"font-family: arial, helvetica, sans-serif; font-size: 14pt;\">Rozmiar: <\/span><\/strong><span style=\"font-family: arial, helvetica, sans-serif; font-size: 14pt;\">Szeroko\u015b\u0107 3200mm<\/span><br \/>\n<span dir=\"auto\" style=\"vertical-align: inherit; font-size: 14pt; font-family: arial, helvetica, sans-serif; color: #000000;\"><span dir=\"auto\" style=\"vertical-align: inherit;\"><strong>Tusz:<\/strong> Tusz sublimacyjny<\/span><\/span><\/p>","protected":false},"featured_media":9894,"template":"","meta":{"_acf_changed":false},"product_brand":[],"product_cat":[15],"product_tag":[321],"class_list":{"0":"post-3944","1":"product","2":"type-product","3":"status-publish","4":"has-post-thumbnail","6":"product_cat-sublimation-printer","7":"product_tag-sublimation-printer","9":"first","10":"instock","11":"shipping-taxable","12":"product-type-simple"},"acf":[],"_links":{"self":[{"href":"https:\/\/www.zhiyudgtech.com\/pl\/wp-json\/wp\/v2\/product\/3944","targetHints":{"allow":["GET"]}}],"collection":[{"href":"https:\/\/www.zhiyudgtech.com\/pl\/wp-json\/wp\/v2\/product"}],"about":[{"href":"https:\/\/www.zhiyudgtech.com\/pl\/wp-json\/wp\/v2\/types\/product"}],"wp:featuredmedia":[{"embeddable":true,"href":"https:\/\/www.zhiyudgtech.com\/pl\/wp-json\/wp\/v2\/media\/9894"}],"wp:attachment":[{"href":"https:\/\/www.zhiyudgtech.com\/pl\/wp-json\/wp\/v2\/media?parent=3944"}],"wp:term":[{"taxonomy":"product_brand","embeddable":true,"href":"https:\/\/www.zhiyudgtech.com\/pl\/wp-json\/wp\/v2\/product_brand?post=3944"},{"taxonomy":"product_cat","embeddable":true,"href":"https:\/\/www.zhiyudgtech.com\/pl\/wp-json\/wp\/v2\/product_cat?post=3944"},{"taxonomy":"product_tag","embeddable":true,"href":"https:\/\/www.zhiyudgtech.com\/pl\/wp-json\/wp\/v2\/product_tag?post=3944"}],"curies":[{"name":"WP","href":"https:\/\/api.w.org\/{rel}","templated":true}]}}