{"id":4041,"date":"2024-06-25T11:38:19","date_gmt":"2024-06-25T03:38:19","guid":{"rendered":"https:\/\/www.zhiyudgtech.com\/?post_type=product&#038;p=4041"},"modified":"2026-04-10T16:07:58","modified_gmt":"2026-04-10T08:07:58","slug":"ultra-high-concentration-sublimation-5l","status":"publish","type":"product","link":"https:\/\/www.zhiyudgtech.com\/pl\/product\/ultra-high-concentration-sublimation-5l\/","title":{"rendered":"Ultra wysokie st\u0119\u017cenie tuszu sublimacyjnego 5L"},"content":{"rendered":"","protected":false},"excerpt":{"rendered":"<p><span style=\"font-size: 14pt; font-family: arial, helvetica, sans-serif; color: #000000;\">Holdwin\u00f3w <strong>Ultra-wysokie st\u0119\u017cenie atramentu sublimacyjnego<\/strong> reprezentuje najwy\u017cszej klasy rozwi\u0105zanie przemys\u0142owe zaprojektowane do szybkiego druku tekstylnego cyfrowego. Poprzez zwi\u0119kszenie g\u0119sto\u015bci pigmentu, ta formu\u0142a produkuje bardziej \u017cywe kolory i ciemniejsze czarny przy u\u017cyciu znacznie mniej atramentu w por\u00f3wnaniu do konwencjonalnych opcji. W<strong> Opakowanie luzowe 5L<\/strong> jest starannie zaprojektowany do produkcji o du\u017cych ilo\u015bciach, gwarantuj\u0105c optymaln\u0105 op\u0142acalno\u015b\u0107 i zminimalizowane przestoje drukarek przemys\u0142owych.<\/span><\/p>","protected":false},"featured_media":10162,"template":"","meta":{"_acf_changed":false},"product_brand":[],"product_cat":[49],"product_tag":[320,300,319],"class_list":{"0":"post-4041","1":"product","2":"type-product","3":"status-publish","4":"has-post-thumbnail","6":"product_cat-consumables","7":"product_tag-consumable","8":"product_tag-sublimation-ink","9":"product_tag-sublimation-printing","11":"first","12":"instock","13":"shipping-taxable","14":"product-type-simple"},"acf":[],"_links":{"self":[{"href":"https:\/\/www.zhiyudgtech.com\/pl\/wp-json\/wp\/v2\/product\/4041","targetHints":{"allow":["GET"]}}],"collection":[{"href":"https:\/\/www.zhiyudgtech.com\/pl\/wp-json\/wp\/v2\/product"}],"about":[{"href":"https:\/\/www.zhiyudgtech.com\/pl\/wp-json\/wp\/v2\/types\/product"}],"wp:featuredmedia":[{"embeddable":true,"href":"https:\/\/www.zhiyudgtech.com\/pl\/wp-json\/wp\/v2\/media\/10162"}],"wp:attachment":[{"href":"https:\/\/www.zhiyudgtech.com\/pl\/wp-json\/wp\/v2\/media?parent=4041"}],"wp:term":[{"taxonomy":"product_brand","embeddable":true,"href":"https:\/\/www.zhiyudgtech.com\/pl\/wp-json\/wp\/v2\/product_brand?post=4041"},{"taxonomy":"product_cat","embeddable":true,"href":"https:\/\/www.zhiyudgtech.com\/pl\/wp-json\/wp\/v2\/product_cat?post=4041"},{"taxonomy":"product_tag","embeddable":true,"href":"https:\/\/www.zhiyudgtech.com\/pl\/wp-json\/wp\/v2\/product_tag?post=4041"}],"curies":[{"name":"WP","href":"https:\/\/api.w.org\/{rel}","templated":true}]}}