{"id":4077,"date":"2024-06-27T12:51:13","date_gmt":"2024-06-27T04:51:13","guid":{"rendered":"https:\/\/www.zhiyudgtech.com\/?post_type=product&#038;p=4077"},"modified":"2026-03-21T15:55:06","modified_gmt":"2026-03-21T07:55:06","slug":"sublimation-1803","status":"publish","type":"product","link":"https:\/\/www.zhiyudgtech.com\/pl\/product\/sublimation-1803\/","title":{"rendered":"HOLDWIN-1803TX"},"content":{"rendered":"","protected":false},"excerpt":{"rendered":"<p><span style=\"font-size: 14pt; font-family: arial, helvetica, sans-serif;\"><strong><b><span dir=\"auto\" style=\"vertical-align: inherit;\"><span dir=\"auto\" style=\"vertical-align: inherit;\"><span dir=\"auto\" style=\"vertical-align: inherit;\"><span dir=\"auto\" style=\"vertical-align: inherit;\">HOLDWIN Maszyna do druku cyfrowego z sublimacj\u0105 barwnik\u00f3w przemys\u0142owych &#8211; 1803TX<\/span><\/span><\/span><\/span><\/b><\/strong><\/span><\/p>\n<p><span style=\"color: #000000; font-size: 14pt; font-family: arial, helvetica, sans-serif;\"><span dir=\"auto\" style=\"vertical-align: inherit;\"><span dir=\"auto\" style=\"vertical-align: inherit;\"><span dir=\"auto\" style=\"vertical-align: inherit;\"><span dir=\"auto\" style=\"vertical-align: inherit;\">G\u0142owica: 3 * G\u0142owice druku I3200-A1 <\/span><\/span><\/span><\/span><\/span><br \/>\n<span style=\"color: #000000; font-size: 14pt; font-family: arial, helvetica, sans-serif;\"><span dir=\"auto\" style=\"vertical-align: inherit;\"><span dir=\"auto\" style=\"vertical-align: inherit;\"><span dir=\"auto\" style=\"vertical-align: inherit;\"><span dir=\"auto\" style=\"vertical-align: inherit;\">Pr\u0119dko\u015b\u0107: 3pass (360 * 1800dpi): 95 m2 \/ h; 4pass (720 * 720dpi): 74 m2 \/ h <\/span><\/span><\/span><\/span><\/span><br \/>\n<span style=\"color: #000000; font-size: 14pt; font-family: arial, helvetica, sans-serif;\"><span dir=\"auto\" style=\"vertical-align: inherit;\"><span dir=\"auto\" style=\"vertical-align: inherit;\"><span dir=\"auto\" style=\"vertical-align: inherit;\"><span dir=\"auto\" style=\"vertical-align: inherit;\">Technologia druku: Piezoelektryczny atramentowy strumie\u0144 <\/span><\/span><\/span><\/span><\/span><br \/>\n<span style=\"color: #000000; font-size: 14pt; font-family: arial, helvetica, sans-serif;\"><span dir=\"auto\" style=\"vertical-align: inherit;\"><span dir=\"auto\" style=\"vertical-align: inherit;\"><span dir=\"auto\" style=\"vertical-align: inherit;\"><span dir=\"auto\" style=\"vertical-align: inherit;\">Szeroko\u015b\u0107 drukowania: \u2264 1820 mm<\/span><\/span><\/span><\/span><\/span><\/p>","protected":false},"featured_media":9871,"template":"","meta":{"_acf_changed":false},"product_brand":[],"product_cat":[15],"product_tag":[180,397,316,300],"class_list":{"0":"post-4077","1":"product","2":"type-product","3":"status-publish","4":"has-post-thumbnail","6":"product_cat-sublimation-printer","7":"product_tag-digital-printer","8":"product_tag-dye-sublimation-printer","9":"product_tag-sublimation","10":"product_tag-sublimation-ink","12":"first","13":"instock","14":"shipping-taxable","15":"product-type-simple"},"acf":[],"_links":{"self":[{"href":"https:\/\/www.zhiyudgtech.com\/pl\/wp-json\/wp\/v2\/product\/4077","targetHints":{"allow":["GET"]}}],"collection":[{"href":"https:\/\/www.zhiyudgtech.com\/pl\/wp-json\/wp\/v2\/product"}],"about":[{"href":"https:\/\/www.zhiyudgtech.com\/pl\/wp-json\/wp\/v2\/types\/product"}],"wp:featuredmedia":[{"embeddable":true,"href":"https:\/\/www.zhiyudgtech.com\/pl\/wp-json\/wp\/v2\/media\/9871"}],"wp:attachment":[{"href":"https:\/\/www.zhiyudgtech.com\/pl\/wp-json\/wp\/v2\/media?parent=4077"}],"wp:term":[{"taxonomy":"product_brand","embeddable":true,"href":"https:\/\/www.zhiyudgtech.com\/pl\/wp-json\/wp\/v2\/product_brand?post=4077"},{"taxonomy":"product_cat","embeddable":true,"href":"https:\/\/www.zhiyudgtech.com\/pl\/wp-json\/wp\/v2\/product_cat?post=4077"},{"taxonomy":"product_tag","embeddable":true,"href":"https:\/\/www.zhiyudgtech.com\/pl\/wp-json\/wp\/v2\/product_tag?post=4077"}],"curies":[{"name":"WP","href":"https:\/\/api.w.org\/{rel}","templated":true}]}}