{"id":4088,"date":"2024-06-27T13:20:28","date_gmt":"2024-06-27T05:20:28","guid":{"rendered":"https:\/\/www.zhiyudgtech.com\/?post_type=product&#038;p=4088"},"modified":"2026-02-05T13:40:28","modified_gmt":"2026-02-05T05:40:28","slug":"377","status":"publish","type":"product","link":"https:\/\/www.zhiyudgtech.com\/pl\/product\/377\/","title":{"rendered":"HOLDWIN-377"},"content":{"rendered":"","protected":false},"excerpt":{"rendered":"<p><span style=\"font-size: 14pt; font-family: arial, helvetica, sans-serif; color: #000000;\"><span dir=\"auto\" style=\"vertical-align: inherit;\"><span dir=\"auto\" style=\"vertical-align: inherit;\">Zwi\u0119ksz produkcj\u0119 w\u0142\u00f3kiennicz\u0105 za pomoc\u0105 HOLDWIN-377, najwy\u017cszej klasy obrotowej maszyny do przenoszenia ciep\u0142a zaprojektowanej do produkcji o dok\u0142adno\u015bci i du\u017cych ilo\u015bciach. Z wytrzyma\u0142\u0105 \u015brednic\u0105 b\u0119bna 377 mm, ta maszyna s\u0142u\u017cy jako idealny towarzysz dla drukarek cyfrowych sublimacji.<\/span><\/span><\/span><\/p>\n<ul>\n<li>\n<p data-path-to-node=\"11,0,0\"><span style=\"font-size: 14pt; font-family: arial, helvetica, sans-serif; color: #000000;\"><b data-path-to-node=\"11,0,0\" data-index-in-node=\"0\"><span dir=\"auto\" style=\"vertical-align: inherit;\"><span dir=\"auto\" style=\"vertical-align: inherit;\">Model:<\/span><\/span><\/b><span dir=\"auto\" style=\"vertical-align: inherit;\"><span dir=\"auto\" style=\"vertical-align: inherit;\"> HOLDWIN-377<\/span><\/span><\/span><\/p>\n<\/li>\n<li>\n<p data-path-to-node=\"11,1,0\"><span style=\"font-size: 14pt; font-family: arial, helvetica, sans-serif; color: #000000;\"><b data-path-to-node=\"11,1,0\" data-index-in-node=\"0\"><span dir=\"auto\" style=\"vertical-align: inherit;\"><span dir=\"auto\" style=\"vertical-align: inherit;\">Metoda ogrzewania:<\/span><\/span><\/b><span dir=\"auto\" style=\"vertical-align: inherit;\"><span dir=\"auto\" style=\"vertical-align: inherit;\"> Olej termiczny (dla najwy\u017cszej stabilno\u015bci)<\/span><\/span><\/span><\/p>\n<\/li>\n<li>\n<p data-path-to-node=\"11,2,0\"><span style=\"font-size: 14pt; font-family: arial, helvetica, sans-serif; color: #000000;\"><b data-path-to-node=\"11,2,0\" data-index-in-node=\"0\"><span dir=\"auto\" style=\"vertical-align: inherit;\"><span dir=\"auto\" style=\"vertical-align: inherit;\">Zastosowania:<\/span><\/span><\/b><span dir=\"auto\" style=\"vertical-align: inherit;\"><span dir=\"auto\" style=\"vertical-align: inherit;\"> Druk sublimacyjny, Transfer ciep\u0142a, Wyko\u0144czenie tekstyli\u00f3w<\/span><\/span><\/span><\/p>\n<\/li>\n<\/ul>","protected":false},"featured_media":8987,"template":"","meta":{"_acf_changed":false},"product_brand":[],"product_cat":[29],"product_tag":[301,293],"class_list":{"0":"post-4088","1":"product","2":"type-product","3":"status-publish","4":"has-post-thumbnail","6":"product_cat-heat-tranfer-machine-printer","7":"product_tag-digital-sublimation","8":"product_tag-heat-transfer","10":"first","11":"instock","12":"shipping-taxable","13":"product-type-simple"},"acf":[],"_links":{"self":[{"href":"https:\/\/www.zhiyudgtech.com\/pl\/wp-json\/wp\/v2\/product\/4088","targetHints":{"allow":["GET"]}}],"collection":[{"href":"https:\/\/www.zhiyudgtech.com\/pl\/wp-json\/wp\/v2\/product"}],"about":[{"href":"https:\/\/www.zhiyudgtech.com\/pl\/wp-json\/wp\/v2\/types\/product"}],"wp:featuredmedia":[{"embeddable":true,"href":"https:\/\/www.zhiyudgtech.com\/pl\/wp-json\/wp\/v2\/media\/8987"}],"wp:attachment":[{"href":"https:\/\/www.zhiyudgtech.com\/pl\/wp-json\/wp\/v2\/media?parent=4088"}],"wp:term":[{"taxonomy":"product_brand","embeddable":true,"href":"https:\/\/www.zhiyudgtech.com\/pl\/wp-json\/wp\/v2\/product_brand?post=4088"},{"taxonomy":"product_cat","embeddable":true,"href":"https:\/\/www.zhiyudgtech.com\/pl\/wp-json\/wp\/v2\/product_cat?post=4088"},{"taxonomy":"product_tag","embeddable":true,"href":"https:\/\/www.zhiyudgtech.com\/pl\/wp-json\/wp\/v2\/product_tag?post=4088"}],"curies":[{"name":"WP","href":"https:\/\/api.w.org\/{rel}","templated":true}]}}