{"id":4145,"date":"2024-06-27T12:51:13","date_gmt":"2024-06-27T04:51:13","guid":{"rendered":"https:\/\/www.zhiyudgtech.com\/product\/1802-2\/"},"modified":"2026-03-21T16:04:06","modified_gmt":"2026-03-21T08:04:06","slug":"sublimation-1802tx","status":"publish","type":"product","link":"https:\/\/www.zhiyudgtech.com\/pl\/product\/sublimation-1802tx\/","title":{"rendered":"HOLDWIN-1802TX"},"content":{"rendered":"","protected":false},"excerpt":{"rendered":"<p><span style=\"color: #000000; font-size: 14pt; font-family: arial, helvetica, sans-serif;\">Szukam niezawodnych <strong><b>drukarka sublimacyjna<\/b><\/strong> Dostawca? Nie szukaj dalej ni\u017c Holdwin. Ta wysoka wydajno\u015b\u0107 <strong><b>sublimacja drukarka<\/b><\/strong>\u00a0jest zaprojektowany na skal\u0119 przemys\u0142ow\u0105\u00a0<strong><b>druk cyfrowy na tkaniny<\/b><\/strong>. Korzystanie z zaawansowanych <strong><b>tusz sublimacyjny<\/b><\/strong>zapewnia wyj\u0105tkow\u0105 szybko\u015b\u0107 i \u017cywe kolory dla szerokiej gamy zastosowa\u0144 w\u0142\u00f3kienniczych.<\/span><\/p>\n<p><span style=\"color: #000000; font-size: 14pt; font-family: arial, helvetica, sans-serif;\"><strong><b>Kluczowe specyfikacje:<\/b><\/strong><\/span><\/p>\n<p><span style=\"color: #000000; font-size: 14pt; font-family: arial, helvetica, sans-serif;\"><strong>G\u0142owy:<\/strong> 2 x G\u0142owice drukarskie I3200-A1<\/span><\/p>\n<p><span style=\"color: #000000; font-size: 14pt; font-family: arial, helvetica, sans-serif;\"><strong>Technologia druku:<\/strong> Piezoelektryczny atramentowy strumie\u0144<\/span><\/p>\n<p><span style=\"color: #000000; font-size: 14pt; font-family: arial, helvetica, sans-serif;\"><strong>Maksymalna szeroko\u015b\u0107:<\/strong> \u2264 1820 mm<\/span><\/p>\n<p><span style=\"color: #000000; font-size: 14pt; font-family: arial, helvetica, sans-serif;\"><strong>Kropka tuszu:<\/strong> 3.5pl<\/span><\/p>","protected":false},"featured_media":9871,"template":"","meta":{"_acf_changed":false},"product_brand":[],"product_cat":[15],"product_tag":[376,375,321],"class_list":{"0":"post-4145","1":"product","2":"type-product","3":"status-publish","4":"has-post-thumbnail","6":"product_cat-sublimation-printer","7":"product_tag-digital-printing-on-fabric","8":"product_tag-i3200-print-heads","9":"product_tag-sublimation-printer","11":"first","12":"instock","13":"shipping-taxable","14":"product-type-simple"},"acf":[],"_links":{"self":[{"href":"https:\/\/www.zhiyudgtech.com\/pl\/wp-json\/wp\/v2\/product\/4145","targetHints":{"allow":["GET"]}}],"collection":[{"href":"https:\/\/www.zhiyudgtech.com\/pl\/wp-json\/wp\/v2\/product"}],"about":[{"href":"https:\/\/www.zhiyudgtech.com\/pl\/wp-json\/wp\/v2\/types\/product"}],"wp:featuredmedia":[{"embeddable":true,"href":"https:\/\/www.zhiyudgtech.com\/pl\/wp-json\/wp\/v2\/media\/9871"}],"wp:attachment":[{"href":"https:\/\/www.zhiyudgtech.com\/pl\/wp-json\/wp\/v2\/media?parent=4145"}],"wp:term":[{"taxonomy":"product_brand","embeddable":true,"href":"https:\/\/www.zhiyudgtech.com\/pl\/wp-json\/wp\/v2\/product_brand?post=4145"},{"taxonomy":"product_cat","embeddable":true,"href":"https:\/\/www.zhiyudgtech.com\/pl\/wp-json\/wp\/v2\/product_cat?post=4145"},{"taxonomy":"product_tag","embeddable":true,"href":"https:\/\/www.zhiyudgtech.com\/pl\/wp-json\/wp\/v2\/product_tag?post=4145"}],"curies":[{"name":"WP","href":"https:\/\/api.w.org\/{rel}","templated":true}]}}