{"id":4378,"date":"2024-07-05T15:39:35","date_gmt":"2024-07-05T07:39:35","guid":{"rendered":"https:\/\/www.zhiyudgtech.com\/?post_type=product&#038;p=4378"},"modified":"2026-02-05T13:35:05","modified_gmt":"2026-02-05T05:35:05","slug":"hw-600","status":"publish","type":"product","link":"https:\/\/www.zhiyudgtech.com\/pl\/product\/hw-600\/","title":{"rendered":"HOLDWIN-600"},"content":{"rendered":"","protected":false},"excerpt":{"rendered":"<p><span style=\"font-size: 14pt; font-family: arial, helvetica, sans-serif; color: #000000;\"><span dir=\"auto\" style=\"vertical-align: inherit;\"><span dir=\"auto\" style=\"vertical-align: inherit;\"><span dir=\"auto\" style=\"vertical-align: inherit;\"><span dir=\"auto\" style=\"vertical-align: inherit;\">Maszyna do transferu ciep\u0142a to profesjonalny sprz\u0119t do transferu sublimacji w\u0142\u00f3kienniczej, kt\u00f3ry nadaje si\u0119 do odzie\u017cy, w\u0142\u00f3kiennictwa domowego, baner\u00f3w reklamowych i innych ga\u0142\u0119zi przemys\u0142u.<\/span><\/span><\/span><\/span><\/span><\/p>\n<p><span style=\"color: #000000;\"><span style=\"font-size: 14pt; font-family: arial, helvetica, sans-serif;\"><span dir=\"auto\" style=\"vertical-align: inherit;\"><span dir=\"auto\" style=\"vertical-align: inherit;\"><span dir=\"auto\" style=\"vertical-align: inherit;\"><span dir=\"auto\" style=\"vertical-align: inherit;\">Sprz\u0119t wykorzystuje technologi\u0119 b\u0119bna wysokiej temperatury, aby doskonale przenie\u015b\u0107 wz\u00f3r atramentu sublimacyjnego do tkaniny, kt\u00f3ra jest jasno kolorowana, myj\u0105ca i odporna na zu\u017cycie, <\/span><\/span><\/span><\/span><\/span><span style=\"font-size: 14pt; font-family: arial, helvetica, sans-serif;\"><span dir=\"auto\" style=\"vertical-align: inherit;\"><span dir=\"auto\" style=\"vertical-align: inherit;\"><span dir=\"auto\" style=\"vertical-align: inherit;\"><span dir=\"auto\" style=\"vertical-align: inherit;\">i nadaje si\u0119 do produkcji masowej.<\/span><\/span><\/span><\/span><\/span><\/span><\/p>","protected":false},"featured_media":8985,"template":"","meta":{"_acf_changed":false},"product_brand":[],"product_cat":[29],"product_tag":[299,300],"class_list":{"0":"post-4378","1":"product","2":"type-product","3":"status-publish","4":"has-post-thumbnail","6":"product_cat-heat-tranfer-machine-printer","7":"product_tag-heat-transfer-cylinder-machine","8":"product_tag-sublimation-ink","10":"first","11":"instock","12":"shipping-taxable","13":"product-type-simple"},"acf":[],"_links":{"self":[{"href":"https:\/\/www.zhiyudgtech.com\/pl\/wp-json\/wp\/v2\/product\/4378","targetHints":{"allow":["GET"]}}],"collection":[{"href":"https:\/\/www.zhiyudgtech.com\/pl\/wp-json\/wp\/v2\/product"}],"about":[{"href":"https:\/\/www.zhiyudgtech.com\/pl\/wp-json\/wp\/v2\/types\/product"}],"wp:featuredmedia":[{"embeddable":true,"href":"https:\/\/www.zhiyudgtech.com\/pl\/wp-json\/wp\/v2\/media\/8985"}],"wp:attachment":[{"href":"https:\/\/www.zhiyudgtech.com\/pl\/wp-json\/wp\/v2\/media?parent=4378"}],"wp:term":[{"taxonomy":"product_brand","embeddable":true,"href":"https:\/\/www.zhiyudgtech.com\/pl\/wp-json\/wp\/v2\/product_brand?post=4378"},{"taxonomy":"product_cat","embeddable":true,"href":"https:\/\/www.zhiyudgtech.com\/pl\/wp-json\/wp\/v2\/product_cat?post=4378"},{"taxonomy":"product_tag","embeddable":true,"href":"https:\/\/www.zhiyudgtech.com\/pl\/wp-json\/wp\/v2\/product_tag?post=4378"}],"curies":[{"name":"WP","href":"https:\/\/api.w.org\/{rel}","templated":true}]}}