{"id":4400,"date":"2024-07-05T16:14:43","date_gmt":"2024-07-05T08:14:43","guid":{"rendered":"https:\/\/www.zhiyudgtech.com\/?post_type=product&#038;p=4400"},"modified":"2026-02-05T13:30:29","modified_gmt":"2026-02-05T05:30:29","slug":"hw-1000","status":"publish","type":"product","link":"https:\/\/www.zhiyudgtech.com\/pl\/product\/hw-1000\/","title":{"rendered":"HOLDWIN-1000"},"content":{"rendered":"","protected":false},"excerpt":{"rendered":"<p><span style=\"font-size: 14pt; font-family: arial, helvetica, sans-serif; color: #000000;\"><strong>Przegl\u0105d:<\/strong><\/span><\/p>\n<p><span style=\"font-size: 14pt; font-family: arial, helvetica, sans-serif; color: #000000;\">Ta klasa przemys\u0142owa <b data-path-to-node=\"2\" data-index-in-node=\"22\">Maszyna do przenoszenia ciep\u0142a<\/b> jest zaprojektowany dla wysokiej precyzji <b data-path-to-node=\"2\" data-index-in-node=\"77\">sublimacja<\/b>, <b data-path-to-node=\"2\" data-index-in-node=\"90\">winyl przenosz\u0105cy ciep\u0142o (HTV).<\/b>\u00a0 Zaprojektowana zar\u00f3wno dla pocz\u0105tkuj\u0105cych, jak i profesjonalist\u00f3w, ta maszyna u\u0142atwia przenoszenie ulubionych wzor\u00f3w na koszulki, torby, bluzy z kapturem i inne. Wystarczy ustawi\u0107 czas i temperatur\u0119, nacisn\u0105\u0107 i wprowadzi\u0107 swoje kreatywne pomys\u0142y do \u017cycia w ci\u0105gu kilku sekund.<\/span><\/p>","protected":false},"featured_media":8984,"template":"","meta":{"_acf_changed":false},"product_brand":[],"product_cat":[29],"product_tag":[293,294],"class_list":{"0":"post-4400","1":"product","2":"type-product","3":"status-publish","4":"has-post-thumbnail","6":"product_cat-heat-tranfer-machine-printer","7":"product_tag-heat-transfer","8":"product_tag-printing-process","10":"first","11":"instock","12":"shipping-taxable","13":"product-type-simple"},"acf":[],"_links":{"self":[{"href":"https:\/\/www.zhiyudgtech.com\/pl\/wp-json\/wp\/v2\/product\/4400","targetHints":{"allow":["GET"]}}],"collection":[{"href":"https:\/\/www.zhiyudgtech.com\/pl\/wp-json\/wp\/v2\/product"}],"about":[{"href":"https:\/\/www.zhiyudgtech.com\/pl\/wp-json\/wp\/v2\/types\/product"}],"wp:featuredmedia":[{"embeddable":true,"href":"https:\/\/www.zhiyudgtech.com\/pl\/wp-json\/wp\/v2\/media\/8984"}],"wp:attachment":[{"href":"https:\/\/www.zhiyudgtech.com\/pl\/wp-json\/wp\/v2\/media?parent=4400"}],"wp:term":[{"taxonomy":"product_brand","embeddable":true,"href":"https:\/\/www.zhiyudgtech.com\/pl\/wp-json\/wp\/v2\/product_brand?post=4400"},{"taxonomy":"product_cat","embeddable":true,"href":"https:\/\/www.zhiyudgtech.com\/pl\/wp-json\/wp\/v2\/product_cat?post=4400"},{"taxonomy":"product_tag","embeddable":true,"href":"https:\/\/www.zhiyudgtech.com\/pl\/wp-json\/wp\/v2\/product_tag?post=4400"}],"curies":[{"name":"WP","href":"https:\/\/api.w.org\/{rel}","templated":true}]}}