{"id":4405,"date":"2024-07-05T16:55:57","date_gmt":"2024-07-05T08:55:57","guid":{"rendered":"https:\/\/www.zhiyudgtech.com\/?post_type=product&#038;p=4405"},"modified":"2026-02-05T13:28:34","modified_gmt":"2026-02-05T05:28:34","slug":"hw-420z","status":"publish","type":"product","link":"https:\/\/www.zhiyudgtech.com\/pl\/product\/hw-420z\/","title":{"rendered":"HOLDWIN-420Z"},"content":{"rendered":"","protected":false},"excerpt":{"rendered":"<p><span style=\"font-size: 14pt; font-family: arial, helvetica, sans-serif; color: #000000;\"><span dir=\"auto\" style=\"vertical-align: inherit;\"><span dir=\"auto\" style=\"vertical-align: inherit;\"><span dir=\"auto\" style=\"vertical-align: inherit;\"><span dir=\"auto\" style=\"vertical-align: inherit;\">W <\/span><\/span><\/span><\/span><b data-path-to-node=\"4\" data-index-in-node=\"4\"><span dir=\"auto\" style=\"vertical-align: inherit;\"><span dir=\"auto\" style=\"vertical-align: inherit;\"><span dir=\"auto\" style=\"vertical-align: inherit;\"><span dir=\"auto\" style=\"vertical-align: inherit;\">HW-420Z<\/span><\/span><\/span><\/span><\/b><span dir=\"auto\" style=\"vertical-align: inherit;\"><span dir=\"auto\" style=\"vertical-align: inherit;\"><span dir=\"auto\" style=\"vertical-align: inherit;\"><span dir=\"auto\" style=\"vertical-align: inherit;\"> jest wysokowydajn\u0105, profesjonaln\u0105 pras\u0105 ciepln\u0105 zaprojektowan\u0105 specjalnie do sublimacji powierzchni p\u0142askiej i transfer\u00f3w cieplnych. Niezale\u017cnie od tego, czy rozszerzasz mark\u0119 odzie\u017cy na zam\u00f3wienie, czy dodajesz dedykowan\u0105 stacj\u0119 prasow\u0105 do linii przemys\u0142owej w\u0142\u00f3kienniczej, HW-420Z zapewnia niezawodno\u015b\u0107 przemys\u0142ow\u0105, na kt\u00f3r\u0105 zas\u0142uguje Twoja produkcja.<\/span><\/span><\/span><\/span><\/span><\/p>\n<ul>\n<li><span style=\"font-size: 14pt; font-family: arial, helvetica, sans-serif; color: #000000;\"><span dir=\"auto\" style=\"vertical-align: inherit;\"><span dir=\"auto\" style=\"vertical-align: inherit;\"><span dir=\"auto\" style=\"vertical-align: inherit;\"><span dir=\"auto\" style=\"vertical-align: inherit;\">Kluczowa specyfikacja: Maszyna do drukowania pask\u00f3w \/ wst\u0105\u017cek<\/span><\/span><\/span><\/span><\/span><\/li>\n<li><span style=\"font-family: arial, helvetica, sans-serif; font-size: 14pt; color: #000000;\"><span dir=\"auto\" style=\"vertical-align: inherit;\"><span dir=\"auto\" style=\"vertical-align: inherit;\"><span dir=\"auto\" style=\"vertical-align: inherit;\"><span dir=\"auto\" style=\"vertical-align: inherit;\">\u015arednica b\u0119bna: 420\/600\/800mm. Dostosowalne<\/span><\/span><\/span><\/span><\/span><\/li>\n<li><span style=\"font-family: arial, helvetica, sans-serif; font-size: 14pt; color: #000000;\"><span dir=\"auto\" style=\"vertical-align: inherit;\"><span dir=\"auto\" style=\"vertical-align: inherit;\"><span dir=\"auto\" style=\"vertical-align: inherit;\"><span dir=\"auto\" style=\"vertical-align: inherit;\">Szeroko\u015b\u0107 druku: 900 mm. Dostosowalne<\/span><\/span><\/span><\/span><\/span><\/li>\n<\/ul>","protected":false},"featured_media":8983,"template":"","meta":{"_acf_changed":false},"product_brand":[],"product_cat":[29],"product_tag":[297,298],"class_list":{"0":"post-4405","1":"product","2":"type-product","3":"status-publish","4":"has-post-thumbnail","6":"product_cat-heat-tranfer-machine-printer","7":"product_tag-heat-press","8":"product_tag-lanyard","10":"first","11":"instock","12":"shipping-taxable","13":"product-type-simple"},"acf":[],"_links":{"self":[{"href":"https:\/\/www.zhiyudgtech.com\/pl\/wp-json\/wp\/v2\/product\/4405","targetHints":{"allow":["GET"]}}],"collection":[{"href":"https:\/\/www.zhiyudgtech.com\/pl\/wp-json\/wp\/v2\/product"}],"about":[{"href":"https:\/\/www.zhiyudgtech.com\/pl\/wp-json\/wp\/v2\/types\/product"}],"wp:featuredmedia":[{"embeddable":true,"href":"https:\/\/www.zhiyudgtech.com\/pl\/wp-json\/wp\/v2\/media\/8983"}],"wp:attachment":[{"href":"https:\/\/www.zhiyudgtech.com\/pl\/wp-json\/wp\/v2\/media?parent=4405"}],"wp:term":[{"taxonomy":"product_brand","embeddable":true,"href":"https:\/\/www.zhiyudgtech.com\/pl\/wp-json\/wp\/v2\/product_brand?post=4405"},{"taxonomy":"product_cat","embeddable":true,"href":"https:\/\/www.zhiyudgtech.com\/pl\/wp-json\/wp\/v2\/product_cat?post=4405"},{"taxonomy":"product_tag","embeddable":true,"href":"https:\/\/www.zhiyudgtech.com\/pl\/wp-json\/wp\/v2\/product_tag?post=4405"}],"curies":[{"name":"WP","href":"https:\/\/api.w.org\/{rel}","templated":true}]}}