{"id":5987,"date":"2025-07-07T14:29:21","date_gmt":"2025-07-07T06:29:21","guid":{"rendered":"https:\/\/www.zhiyudgtech.com\/?post_type=product&#038;p=5987"},"modified":"2026-04-23T11:31:15","modified_gmt":"2026-04-23T03:31:15","slug":"holdwin-1808f","status":"publish","type":"product","link":"https:\/\/www.zhiyudgtech.com\/pl\/product\/holdwin-1808f\/","title":{"rendered":"HOLDWIN-1808F"},"content":{"rendered":"","protected":false},"excerpt":{"rendered":"<p><span style=\"font-family: arial, helvetica, sans-serif; color: #000000; font-size: 14pt;\"><strong>Drukarka do sublimacji folii cyfrowej Wysokowydajna suszarka<\/strong><\/span><\/p>\n<p><span style=\"font-family: arial, helvetica, sans-serif; color: #000000; font-size: 14pt;\"><strong><b>Rodzaj produktu: <\/b><\/strong>HOLDWIN-1808F<\/span><\/p>\n<p><span style=\"font-family: arial, helvetica, sans-serif; color: #000000; font-size: 14pt;\"><strong><b>G\u0142owica druku: <\/b><\/strong>Wyposa\u017cenie Epson i3200-Alx8<\/span><\/p>\n<p><span style=\"font-family: arial, helvetica, sans-serif; color: #000000; font-size: 14pt;\"><strong><b>Pr\u0119dko\u015b\u0107 druku: <\/b><\/strong>4pass-75M\u00b2 \/ h<\/span><\/p>","protected":false},"featured_media":8917,"template":"","meta":{"_acf_changed":false},"product_brand":[],"product_cat":[55],"product_tag":[317,180,318],"class_list":{"0":"post-5987","1":"product","2":"type-product","3":"status-publish","4":"has-post-thumbnail","6":"product_cat-foil-sublimation-printer","7":"product_tag-digital-foil-sublimation-printer","8":"product_tag-digital-printer","9":"product_tag-foil-sublimation","11":"first","12":"instock","13":"shipping-taxable","14":"product-type-simple"},"acf":[],"_links":{"self":[{"href":"https:\/\/www.zhiyudgtech.com\/pl\/wp-json\/wp\/v2\/product\/5987","targetHints":{"allow":["GET"]}}],"collection":[{"href":"https:\/\/www.zhiyudgtech.com\/pl\/wp-json\/wp\/v2\/product"}],"about":[{"href":"https:\/\/www.zhiyudgtech.com\/pl\/wp-json\/wp\/v2\/types\/product"}],"wp:featuredmedia":[{"embeddable":true,"href":"https:\/\/www.zhiyudgtech.com\/pl\/wp-json\/wp\/v2\/media\/8917"}],"wp:attachment":[{"href":"https:\/\/www.zhiyudgtech.com\/pl\/wp-json\/wp\/v2\/media?parent=5987"}],"wp:term":[{"taxonomy":"product_brand","embeddable":true,"href":"https:\/\/www.zhiyudgtech.com\/pl\/wp-json\/wp\/v2\/product_brand?post=5987"},{"taxonomy":"product_cat","embeddable":true,"href":"https:\/\/www.zhiyudgtech.com\/pl\/wp-json\/wp\/v2\/product_cat?post=5987"},{"taxonomy":"product_tag","embeddable":true,"href":"https:\/\/www.zhiyudgtech.com\/pl\/wp-json\/wp\/v2\/product_tag?post=5987"}],"curies":[{"name":"WP","href":"https:\/\/api.w.org\/{rel}","templated":true}]}}