{"id":8877,"date":"2026-01-30T16:59:41","date_gmt":"2026-01-30T08:59:41","guid":{"rendered":"https:\/\/www.zhiyudgtech.com\/?post_type=product&#038;p=8877"},"modified":"2026-04-10T15:57:12","modified_gmt":"2026-04-10T07:57:12","slug":"dtg-ink-direct-to-garment-ink","status":"publish","type":"product","link":"https:\/\/www.zhiyudgtech.com\/pl\/product\/dtg-ink-direct-to-garment-ink\/","title":{"rendered":"Tusz DTG &#8211; Tust bezpo\u015bredni do odzie\u017cy"},"content":{"rendered":"","protected":false},"excerpt":{"rendered":"<p><span style=\"font-family: arial, helvetica, sans-serif; font-size: 14pt; color: #000000;\">Przenie\u015b swoj\u0105 produkcj\u0119 w\u0142\u00f3kiennicz\u0105 na kolejny poziom z Holdwin&#8217; s <strong>Ultra wysokie st\u0119\u017cenie atramentu DTG<\/strong>Roztw\u00f3r pigmentu na bazie wody o wytrzyma\u0142o\u015bci przemys\u0142owej. Nasza formu\u0142a o wysokiej g\u0119sto\u015bci jest dostosowana do g\u0142\u0119bokiej penetracji i wi\u0105zania z 100% bawe\u0142n\u0105 i mieszaninami o wysokiej bawe\u0142nie. Poprzez zabezpieczenie pigmentu wewn\u0105trz tkaniny&#8217; Struktura odzie\u017cy utrzymuje oryginaln\u0105 oddychalno\u015b\u0107 odzie\u017cy i mi\u0119kki dotyk, zapewniaj\u0105c jednocze\u015bnie ochron\u0119 gotow\u0105 do sprzeda\u017cy detalicznej przed bladeniem i p\u0119kni\u0119ciem.<\/span><\/p>","protected":false},"featured_media":10160,"template":"","meta":{"_acf_changed":false},"product_brand":[],"product_cat":[49],"product_tag":[351,350],"class_list":{"0":"post-8877","1":"product","2":"type-product","3":"status-publish","4":"has-post-thumbnail","6":"product_cat-consumables","7":"product_tag-direct-to-garment-ink","8":"product_tag-dtg-ink","10":"first","11":"instock","12":"shipping-taxable","13":"product-type-simple"},"acf":[],"_links":{"self":[{"href":"https:\/\/www.zhiyudgtech.com\/pl\/wp-json\/wp\/v2\/product\/8877","targetHints":{"allow":["GET"]}}],"collection":[{"href":"https:\/\/www.zhiyudgtech.com\/pl\/wp-json\/wp\/v2\/product"}],"about":[{"href":"https:\/\/www.zhiyudgtech.com\/pl\/wp-json\/wp\/v2\/types\/product"}],"wp:featuredmedia":[{"embeddable":true,"href":"https:\/\/www.zhiyudgtech.com\/pl\/wp-json\/wp\/v2\/media\/10160"}],"wp:attachment":[{"href":"https:\/\/www.zhiyudgtech.com\/pl\/wp-json\/wp\/v2\/media?parent=8877"}],"wp:term":[{"taxonomy":"product_brand","embeddable":true,"href":"https:\/\/www.zhiyudgtech.com\/pl\/wp-json\/wp\/v2\/product_brand?post=8877"},{"taxonomy":"product_cat","embeddable":true,"href":"https:\/\/www.zhiyudgtech.com\/pl\/wp-json\/wp\/v2\/product_cat?post=8877"},{"taxonomy":"product_tag","embeddable":true,"href":"https:\/\/www.zhiyudgtech.com\/pl\/wp-json\/wp\/v2\/product_tag?post=8877"}],"curies":[{"name":"WP","href":"https:\/\/api.w.org\/{rel}","templated":true}]}}