{"id":8881,"date":"2026-01-31T13:48:33","date_gmt":"2026-01-31T05:48:33","guid":{"rendered":"https:\/\/www.zhiyudgtech.com\/?post_type=product&#038;p=8881"},"modified":"2026-05-05T14:11:18","modified_gmt":"2026-05-05T06:11:18","slug":"holdwin-1808-tx","status":"publish","type":"product","link":"https:\/\/www.zhiyudgtech.com\/pl\/product\/holdwin-1808-tx\/","title":{"rendered":"Holdwin &#8211;  1808 Tx"},"content":{"rendered":"","protected":false},"excerpt":{"rendered":"<p><span style=\"font-size: 14pt; font-family: arial, helvetica, sans-serif; color: #000000;\"><span class=\"\">W <\/span>Holdwin 1808-TX to drukarka do sublimacji barwnik\u00f3w o wysoko\u015bci 1,8 metra.<\/span><\/p>\n<p><span style=\"font-size: 14pt; font-family: arial, helvetica, sans-serif; color: #000000;\"><strong>Specyfikacja: <\/strong>Wysoka pr\u0119dko\u015b\u0107 druku cyfrowego &#8211; Sublimacja\u00a0<\/span><\/p>\n<p><span style=\"font-size: 14pt; font-family: arial, helvetica, sans-serif; color: #000000;\"><strong>G\u0142owica druku: <\/strong>8* i3200 &#8211; G\u0142owice druku A1<\/span><\/p>\n<p><span style=\"font-size: 14pt; font-family: arial, helvetica, sans-serif; color: #000000;\"><strong>Maszyna do drukowania: <\/strong>1 Pass &#8211; \u00a0 340 \u33a1\/ h ,\u00a0 2 Pass &#8211;  170 \u33a1\/h<\/span><\/p>","protected":false},"featured_media":8919,"template":"","meta":{"_acf_changed":false},"product_brand":[],"product_cat":[15],"product_tag":[321,319],"class_list":{"0":"post-8881","1":"product","2":"type-product","3":"status-publish","4":"has-post-thumbnail","6":"product_cat-sublimation-printer","7":"product_tag-sublimation-printer","8":"product_tag-sublimation-printing","10":"first","11":"instock","12":"shipping-taxable","13":"product-type-simple"},"acf":[],"_links":{"self":[{"href":"https:\/\/www.zhiyudgtech.com\/pl\/wp-json\/wp\/v2\/product\/8881","targetHints":{"allow":["GET"]}}],"collection":[{"href":"https:\/\/www.zhiyudgtech.com\/pl\/wp-json\/wp\/v2\/product"}],"about":[{"href":"https:\/\/www.zhiyudgtech.com\/pl\/wp-json\/wp\/v2\/types\/product"}],"wp:featuredmedia":[{"embeddable":true,"href":"https:\/\/www.zhiyudgtech.com\/pl\/wp-json\/wp\/v2\/media\/8919"}],"wp:attachment":[{"href":"https:\/\/www.zhiyudgtech.com\/pl\/wp-json\/wp\/v2\/media?parent=8881"}],"wp:term":[{"taxonomy":"product_brand","embeddable":true,"href":"https:\/\/www.zhiyudgtech.com\/pl\/wp-json\/wp\/v2\/product_brand?post=8881"},{"taxonomy":"product_cat","embeddable":true,"href":"https:\/\/www.zhiyudgtech.com\/pl\/wp-json\/wp\/v2\/product_cat?post=8881"},{"taxonomy":"product_tag","embeddable":true,"href":"https:\/\/www.zhiyudgtech.com\/pl\/wp-json\/wp\/v2\/product_tag?post=8881"}],"curies":[{"name":"WP","href":"https:\/\/api.w.org\/{rel}","templated":true}]}}