{"id":8886,"date":"2026-01-31T14:58:17","date_gmt":"2026-01-31T06:58:17","guid":{"rendered":"https:\/\/www.zhiyudgtech.com\/?post_type=product&#038;p=8886"},"modified":"2026-04-03T14:37:46","modified_gmt":"2026-04-03T06:37:46","slug":"holdwin-c4060-cutter","status":"publish","type":"product","link":"https:\/\/www.zhiyudgtech.com\/pl\/product\/holdwin-c4060-cutter\/","title":{"rendered":"HOLDWIN-C4060 Cutter"},"content":{"rendered":"","protected":false},"excerpt":{"rendered":"<p><span style=\"font-size: 14pt; font-family: arial, helvetica, sans-serif; color: #000000;\">DTF (Direct-to-Film) Cutter to rodzaj zautomatyzowanych maszyn wyko\u0144czeniowych, kt\u00f3re s\u0105 specjalnie zaprojektowane do precyzyjnego ci\u0119cia drukowanych folii transferowych na odr\u0119bne kawa\u0142ki lub konkretne kszta\u0142ty. W przeciwie\u0144stwie do tradycyjnych ploter\u00f3w rolkowych, ci\u0119cia p\u0142aska wykorzystuje stacjonarny st\u00f3\u0142 pr\u00f3\u017cniowy lub system przeno\u015bnika, aby zabezpieczy\u0107 foli\u0119 w doskonale p\u0142aski spos\u00f3b, zapewniaj\u0105c tym samym wyj\u0105tkow\u0105 dok\u0142adno\u015b\u0107 w skomplikowanych pracach projektowych.<\/span><\/p>\n<p><span style=\"font-family: arial, helvetica, sans-serif; font-size: 14pt; color: #000000;\"><strong>Specyfikacja:<\/strong> DTF Film P\u0142aski Cutter<\/span><\/p>\n<p><span style=\"font-size: 14pt; font-family: arial, helvetica, sans-serif; color: #000000;\"><strong>Pr\u0119dko\u015b\u0107 ci\u0119cia:<\/strong> 20 &#8211;  120 mm<\/span><\/p>","protected":false},"featured_media":8989,"template":"","meta":{"_acf_changed":false},"product_brand":[],"product_cat":[430],"product_tag":[352],"class_list":{"0":"post-8886","1":"product","2":"type-product","3":"status-publish","4":"has-post-thumbnail","6":"product_cat-cutting-machine","7":"product_tag-dtf-cutter","9":"first","10":"instock","11":"shipping-taxable","12":"product-type-simple"},"acf":[],"_links":{"self":[{"href":"https:\/\/www.zhiyudgtech.com\/pl\/wp-json\/wp\/v2\/product\/8886","targetHints":{"allow":["GET"]}}],"collection":[{"href":"https:\/\/www.zhiyudgtech.com\/pl\/wp-json\/wp\/v2\/product"}],"about":[{"href":"https:\/\/www.zhiyudgtech.com\/pl\/wp-json\/wp\/v2\/types\/product"}],"wp:featuredmedia":[{"embeddable":true,"href":"https:\/\/www.zhiyudgtech.com\/pl\/wp-json\/wp\/v2\/media\/8989"}],"wp:attachment":[{"href":"https:\/\/www.zhiyudgtech.com\/pl\/wp-json\/wp\/v2\/media?parent=8886"}],"wp:term":[{"taxonomy":"product_brand","embeddable":true,"href":"https:\/\/www.zhiyudgtech.com\/pl\/wp-json\/wp\/v2\/product_brand?post=8886"},{"taxonomy":"product_cat","embeddable":true,"href":"https:\/\/www.zhiyudgtech.com\/pl\/wp-json\/wp\/v2\/product_cat?post=8886"},{"taxonomy":"product_tag","embeddable":true,"href":"https:\/\/www.zhiyudgtech.com\/pl\/wp-json\/wp\/v2\/product_tag?post=8886"}],"curies":[{"name":"WP","href":"https:\/\/api.w.org\/{rel}","templated":true}]}}