{"id":8899,"date":"2026-02-02T10:41:33","date_gmt":"2026-02-02T02:41:33","guid":{"rendered":"https:\/\/www.zhiyudgtech.com\/?post_type=product&#038;p=8899"},"modified":"2026-05-08T15:44:13","modified_gmt":"2026-05-08T07:44:13","slug":"holdwin-1804e-uv","status":"publish","type":"product","link":"https:\/\/www.zhiyudgtech.com\/pl\/product\/holdwin-1804e-uv\/","title":{"rendered":"HOLDWIN &#8211; 1804E UV"},"content":{"rendered":"","protected":false},"excerpt":{"rendered":"<p><span style=\"font-size: 14pt; font-family: arial, helvetica, sans-serif; color: #000000;\"><span class=\"citation-7\">W <\/span><b data-path-to-node=\"0\" data-index-in-node=\"4\"><span class=\"citation-7\">HOLDWIN-1804E UV<\/span><\/b><span class=\"citation-7 citation-end-7\"> to wysokowydajna, przemys\u0142owa drukarka atramentowa UV typu roll-to-roll zaprojektowana dla profesjonalist\u00f3w, kt\u00f3rzy potrzebuj\u0105 szybko\u015bci bez po\u015bwi\u0119cania precyzji.<\/span> Jest szeroko stosowany w przemy\u015ble reklamowym i znakowym do wysokiej jako\u015bci wy\u015bwietlaczy zewn\u0119trznych i wewn\u0119trznych.<\/span><\/p>\n<p><span style=\"font-family: arial, helvetica, sans-serif; font-size: 14pt;\"><strong>G\u0142owica druku:<\/strong> Zwykle wyposa\u017cone w 2 do 4 g\u0142owice Epson i3200-U1 lub XP600<\/span><\/p>\n<p><span style=\"font-family: arial, helvetica, sans-serif; font-size: 14pt;\"><b data-path-to-node=\"3,2,0,0\" data-index-in-node=\"0\">Szeroko\u015b\u0107 druku: <\/b>1,8 metr\u00f3w (oko\u0142o 70 cali)<\/span><\/p>\n<p><span style=\"font-family: arial, helvetica, sans-serif; font-size: 14pt;\"><b data-path-to-node=\"3,3,0,0\" data-index-in-node=\"0\">Typ atramentu: <\/b>Tusz utwardzalny UV<\/span><\/p>","protected":false},"featured_media":8979,"template":"","meta":{"_acf_changed":false},"product_brand":[],"product_cat":[43],"product_tag":[355,356,179],"class_list":{"0":"post-8899","1":"product","2":"type-product","3":"status-publish","4":"has-post-thumbnail","6":"product_cat-uv-roll-to-roll-printer","7":"product_tag-digtial-printer","8":"product_tag-uv-printer","9":"product_tag-uv-roll-to-roll","11":"first","12":"instock","13":"shipping-taxable","14":"product-type-simple"},"acf":[],"_links":{"self":[{"href":"https:\/\/www.zhiyudgtech.com\/pl\/wp-json\/wp\/v2\/product\/8899","targetHints":{"allow":["GET"]}}],"collection":[{"href":"https:\/\/www.zhiyudgtech.com\/pl\/wp-json\/wp\/v2\/product"}],"about":[{"href":"https:\/\/www.zhiyudgtech.com\/pl\/wp-json\/wp\/v2\/types\/product"}],"wp:featuredmedia":[{"embeddable":true,"href":"https:\/\/www.zhiyudgtech.com\/pl\/wp-json\/wp\/v2\/media\/8979"}],"wp:attachment":[{"href":"https:\/\/www.zhiyudgtech.com\/pl\/wp-json\/wp\/v2\/media?parent=8899"}],"wp:term":[{"taxonomy":"product_brand","embeddable":true,"href":"https:\/\/www.zhiyudgtech.com\/pl\/wp-json\/wp\/v2\/product_brand?post=8899"},{"taxonomy":"product_cat","embeddable":true,"href":"https:\/\/www.zhiyudgtech.com\/pl\/wp-json\/wp\/v2\/product_cat?post=8899"},{"taxonomy":"product_tag","embeddable":true,"href":"https:\/\/www.zhiyudgtech.com\/pl\/wp-json\/wp\/v2\/product_tag?post=8899"}],"curies":[{"name":"WP","href":"https:\/\/api.w.org\/{rel}","templated":true}]}}