{"id":8901,"date":"2026-02-02T14:00:58","date_gmt":"2026-02-02T06:00:58","guid":{"rendered":"https:\/\/www.zhiyudgtech.com\/?post_type=product&#038;p=8901"},"modified":"2026-05-05T13:56:49","modified_gmt":"2026-05-05T05:56:49","slug":"sublimation-holdwin-1804tx-new","status":"publish","type":"product","link":"https:\/\/www.zhiyudgtech.com\/pl\/product\/sublimation-holdwin-1804tx-new\/","title":{"rendered":"HOLDWIN-1804TX NOWE"},"content":{"rendered":"","protected":false},"excerpt":{"rendered":"<p><span style=\"font-size: 14pt; font-family: arial, helvetica, sans-serif; color: #000000;\">HOLDWIN-1804 jest wyposa\u017cony w wyrafinowany prze\u0142\u0105cznik zatrzymania awaryjnego, p\u0142ynnie zintegrowany z ergonomicznie zaprojektowan\u0105 obudow\u0105, zapewniaj\u0105c niezr\u00f3wnane bezpiecze\u0144stwo w szybkich procesach sublimacji barwnik\u00f3w.<\/span><\/p>\n<p><span style=\"font-size: 14pt; font-family: arial, helvetica, sans-serif; color: #000000;\"><strong>Specyfikacja:<\/strong> 4 sztuk g\u0142owic drukuj\u0105cych I3200<\/span><\/p>\n<p><strong><span style=\"font-family: arial, helvetica, sans-serif; font-size: 14pt; color: #000000;\">Szeroko\u015b\u0107 druku:<\/span><\/strong> <span style=\"font-family: arial, helvetica, sans-serif; font-size: 14pt; color: #000000;\">1,8 metr\u00f3w (\u22641820 mm)<\/span><\/p>\n<p><strong><span style=\"font-family: arial, helvetica, sans-serif; font-size: 14pt;\">Pr\u0119dko\u015b\u0107: <\/span><\/strong><span style=\"font-family: arial, helvetica, sans-serif; font-size: 14pt;\">2 pass &#8211;  120<span style=\"color: #000000;\">\u33a1\/h<\/span><\/span><\/p>","protected":false},"featured_media":8918,"template":"","meta":{"_acf_changed":false},"product_brand":[],"product_cat":[15],"product_tag":[180,357,321],"class_list":{"0":"post-8901","1":"product","2":"type-product","3":"status-publish","4":"has-post-thumbnail","6":"product_cat-sublimation-printer","7":"product_tag-digital-printer","8":"product_tag-dye-sublimation","9":"product_tag-sublimation-printer","11":"first","12":"instock","13":"shipping-taxable","14":"product-type-simple"},"acf":[],"_links":{"self":[{"href":"https:\/\/www.zhiyudgtech.com\/pl\/wp-json\/wp\/v2\/product\/8901","targetHints":{"allow":["GET"]}}],"collection":[{"href":"https:\/\/www.zhiyudgtech.com\/pl\/wp-json\/wp\/v2\/product"}],"about":[{"href":"https:\/\/www.zhiyudgtech.com\/pl\/wp-json\/wp\/v2\/types\/product"}],"wp:featuredmedia":[{"embeddable":true,"href":"https:\/\/www.zhiyudgtech.com\/pl\/wp-json\/wp\/v2\/media\/8918"}],"wp:attachment":[{"href":"https:\/\/www.zhiyudgtech.com\/pl\/wp-json\/wp\/v2\/media?parent=8901"}],"wp:term":[{"taxonomy":"product_brand","embeddable":true,"href":"https:\/\/www.zhiyudgtech.com\/pl\/wp-json\/wp\/v2\/product_brand?post=8901"},{"taxonomy":"product_cat","embeddable":true,"href":"https:\/\/www.zhiyudgtech.com\/pl\/wp-json\/wp\/v2\/product_cat?post=8901"},{"taxonomy":"product_tag","embeddable":true,"href":"https:\/\/www.zhiyudgtech.com\/pl\/wp-json\/wp\/v2\/product_tag?post=8901"}],"curies":[{"name":"WP","href":"https:\/\/api.w.org\/{rel}","templated":true}]}}