{"id":9787,"date":"2026-03-20T10:01:49","date_gmt":"2026-03-20T02:01:49","guid":{"rendered":"https:\/\/www.zhiyudgtech.com\/?post_type=product&#038;p=9787"},"modified":"2026-04-10T17:30:24","modified_gmt":"2026-04-10T09:30:24","slug":"uv-dtf-film-ab-film","status":"publish","type":"product","link":"https:\/\/www.zhiyudgtech.com\/pl\/product\/uv-dtf-film-ab-film\/","title":{"rendered":"Folia DTF UV (folia AB)"},"content":{"rendered":"","protected":false},"excerpt":{"rendered":"<p><span style=\"font-size: 14pt; font-family: arial, helvetica, sans-serif; color: #000000;\">Folia UV DTF, zwana r\u00f3wnie\u017c foli\u0105 UV DTF AB, jest przezroczystym lub przezroczystym materia\u0142em eksploatacyjnym wysokiej jako\u015bci zaprojektowanym specjalnie do procesu druku UV DTF. W po\u0142\u0105czeniu z tuszem UV i dowoln\u0105 drukark\u0105 UV ta folia u\u0142atwia precyzyjne i \u017cywe przesy\u0142anie obrazu na r\u00f3\u017cne materia\u0142y, takie jak tworzywa sztuczne, szk\u0142o, metale i inne, bez potrzeby ciep\u0142a.<\/span><\/p>\n<p>&nbsp;<\/p>\n<p>&nbsp;<\/p>","protected":false},"featured_media":10195,"template":"","meta":{"_acf_changed":false},"product_brand":[],"product_cat":[49],"product_tag":[414,415],"class_list":{"0":"post-9787","1":"product","2":"type-product","3":"status-publish","4":"has-post-thumbnail","6":"product_cat-consumables","7":"product_tag-ab-film","8":"product_tag-uv-dtf-film","10":"first","11":"instock","12":"shipping-taxable","13":"product-type-simple"},"acf":[],"_links":{"self":[{"href":"https:\/\/www.zhiyudgtech.com\/pl\/wp-json\/wp\/v2\/product\/9787","targetHints":{"allow":["GET"]}}],"collection":[{"href":"https:\/\/www.zhiyudgtech.com\/pl\/wp-json\/wp\/v2\/product"}],"about":[{"href":"https:\/\/www.zhiyudgtech.com\/pl\/wp-json\/wp\/v2\/types\/product"}],"wp:featuredmedia":[{"embeddable":true,"href":"https:\/\/www.zhiyudgtech.com\/pl\/wp-json\/wp\/v2\/media\/10195"}],"wp:attachment":[{"href":"https:\/\/www.zhiyudgtech.com\/pl\/wp-json\/wp\/v2\/media?parent=9787"}],"wp:term":[{"taxonomy":"product_brand","embeddable":true,"href":"https:\/\/www.zhiyudgtech.com\/pl\/wp-json\/wp\/v2\/product_brand?post=9787"},{"taxonomy":"product_cat","embeddable":true,"href":"https:\/\/www.zhiyudgtech.com\/pl\/wp-json\/wp\/v2\/product_cat?post=9787"},{"taxonomy":"product_tag","embeddable":true,"href":"https:\/\/www.zhiyudgtech.com\/pl\/wp-json\/wp\/v2\/product_tag?post=9787"}],"curies":[{"name":"WP","href":"https:\/\/api.w.org\/{rel}","templated":true}]}}