{"id":9908,"date":"2026-03-26T11:01:00","date_gmt":"2026-03-26T03:01:00","guid":{"rendered":"https:\/\/www.zhiyudgtech.com\/?post_type=product&#038;p=9908"},"modified":"2026-05-09T17:14:15","modified_gmt":"2026-05-09T09:14:15","slug":"laser-cutting-holdwin-3316","status":"publish","type":"product","link":"https:\/\/www.zhiyudgtech.com\/pl\/product\/laser-cutting-holdwin-3316\/","title":{"rendered":"HOLDWIN-3316"},"content":{"rendered":"","protected":false},"excerpt":{"rendered":"<p><span style=\"font-size: 14pt; font-family: arial, helvetica, sans-serif; color: #000000;\"><strong>Rodzaj produktu:<\/strong> Maszyna do ci\u0119cia laserowego z kamer\u0105\u00a0<\/span><\/p>\n<p><span style=\"color: #000000;\"><strong><span style=\"font-size: 14pt; font-family: arial, helvetica, sans-serif;\">To\u017csamo\u015b\u0107 produktu: <\/span><\/strong><span style=\"font-size: 14pt; font-family: arial, helvetica, sans-serif;\">Automatyczne wyr\u00f3wnanie precyzyjnego ci\u0119cia<\/span><\/span><\/p>\n<p><span style=\"font-size: 14pt; font-family: arial, helvetica, sans-serif; color: #000000;\"><strong>Moc lasera:<\/strong> 130 &#8211; 170w\u00a0<\/span><\/p>\n<p><span style=\"font-size: 14pt; font-family: arial, helvetica, sans-serif; color: #000000;\"><strong>Pr\u0119dko\u015b\u0107 ci\u0119cia:<\/strong> 0 &#8211; 48000 mm\/min<\/span><\/p>","protected":false},"featured_media":9909,"template":"","meta":{"_acf_changed":false},"product_brand":[],"product_cat":[430],"product_tag":[],"class_list":{"0":"post-9908","1":"product","2":"type-product","3":"status-publish","4":"has-post-thumbnail","6":"product_cat-cutting-machine","8":"first","9":"instock","10":"shipping-taxable","11":"product-type-simple"},"acf":[],"_links":{"self":[{"href":"https:\/\/www.zhiyudgtech.com\/pl\/wp-json\/wp\/v2\/product\/9908","targetHints":{"allow":["GET"]}}],"collection":[{"href":"https:\/\/www.zhiyudgtech.com\/pl\/wp-json\/wp\/v2\/product"}],"about":[{"href":"https:\/\/www.zhiyudgtech.com\/pl\/wp-json\/wp\/v2\/types\/product"}],"wp:featuredmedia":[{"embeddable":true,"href":"https:\/\/www.zhiyudgtech.com\/pl\/wp-json\/wp\/v2\/media\/9909"}],"wp:attachment":[{"href":"https:\/\/www.zhiyudgtech.com\/pl\/wp-json\/wp\/v2\/media?parent=9908"}],"wp:term":[{"taxonomy":"product_brand","embeddable":true,"href":"https:\/\/www.zhiyudgtech.com\/pl\/wp-json\/wp\/v2\/product_brand?post=9908"},{"taxonomy":"product_cat","embeddable":true,"href":"https:\/\/www.zhiyudgtech.com\/pl\/wp-json\/wp\/v2\/product_cat?post=9908"},{"taxonomy":"product_tag","embeddable":true,"href":"https:\/\/www.zhiyudgtech.com\/pl\/wp-json\/wp\/v2\/product_tag?post=9908"}],"curies":[{"name":"WP","href":"https:\/\/api.w.org\/{rel}","templated":true}]}}