{"id":10176,"date":"2026-04-10T14:33:46","date_gmt":"2026-04-10T06:33:46","guid":{"rendered":"https:\/\/www.zhiyudgtech.com\/?post_type=product&#038;p=10176"},"modified":"2026-04-10T15:53:49","modified_gmt":"2026-04-10T07:53:49","slug":"3d-soft-uv-ink","status":"publish","type":"product","link":"https:\/\/www.zhiyudgtech.com\/pt\/product\/3d-soft-uv-ink\/","title":{"rendered":"Tinha UV suave 3D"},"content":{"rendered":"","protected":false},"excerpt":{"rendered":"<p><span style=\"font-size: 14pt; font-family: arial, helvetica, sans-serif; color: #000000;\">A Holdwin's Premium 3D Soft UV Ink \u00e9 uma nova tecnologia industrial consum\u00e1vel especificamente projetada para substratos flex\u00edveis e efeitos t\u00e1ctiles de al\u00edvio 3D. Ao usar uma f\u00f3rmula de resin a flex\u00edvel especializada, esta tinta fornece uma extens\u00e3o excepcional e &#8220; a m\u00e3o suave Sentem-se sem quebrar ou cortar. Ela \u00e9 projetada para fornecer cor de alta densidade e cura instant \u00e2nea, tornando-a a solu\u00e7\u00e3o ideal para roupa personalizada, bens de couro e embalagens flex\u00edveis onde durabilidade e textura s\u00e3o primordiais.<\/span><\/p>","protected":false},"featured_media":10178,"template":"","meta":{"_acf_changed":false},"product_brand":[],"product_cat":[49],"product_tag":[437],"class_list":{"0":"post-10176","1":"product","2":"type-product","3":"status-publish","4":"has-post-thumbnail","6":"product_cat-consumables","7":"product_tag-uv-ink","9":"first","10":"instock","11":"shipping-taxable","12":"product-type-simple"},"acf":[],"_links":{"self":[{"href":"https:\/\/www.zhiyudgtech.com\/pt\/wp-json\/wp\/v2\/product\/10176","targetHints":{"allow":["GET"]}}],"collection":[{"href":"https:\/\/www.zhiyudgtech.com\/pt\/wp-json\/wp\/v2\/product"}],"about":[{"href":"https:\/\/www.zhiyudgtech.com\/pt\/wp-json\/wp\/v2\/types\/product"}],"wp:featuredmedia":[{"embeddable":true,"href":"https:\/\/www.zhiyudgtech.com\/pt\/wp-json\/wp\/v2\/media\/10178"}],"wp:attachment":[{"href":"https:\/\/www.zhiyudgtech.com\/pt\/wp-json\/wp\/v2\/media?parent=10176"}],"wp:term":[{"taxonomy":"product_brand","embeddable":true,"href":"https:\/\/www.zhiyudgtech.com\/pt\/wp-json\/wp\/v2\/product_brand?post=10176"},{"taxonomy":"product_cat","embeddable":true,"href":"https:\/\/www.zhiyudgtech.com\/pt\/wp-json\/wp\/v2\/product_cat?post=10176"},{"taxonomy":"product_tag","embeddable":true,"href":"https:\/\/www.zhiyudgtech.com\/pt\/wp-json\/wp\/v2\/product_tag?post=10176"}],"curies":[{"name":"wp","href":"https:\/\/api.w.org\/{rel}","templated":true}]}}