{"id":4041,"date":"2024-06-25T11:38:19","date_gmt":"2024-06-25T03:38:19","guid":{"rendered":"https:\/\/www.zhiyudgtech.com\/?post_type=product&#038;p=4041"},"modified":"2026-04-10T16:07:58","modified_gmt":"2026-04-10T08:07:58","slug":"ultra-high-concentration-sublimation-5l","status":"publish","type":"product","link":"https:\/\/www.zhiyudgtech.com\/pt\/product\/ultra-high-concentration-sublimation-5l\/","title":{"rendered":"Ink 5L de Sublima\u00e7\u00e3o de Ultra-High Concentration"},"content":{"rendered":"","protected":false},"excerpt":{"rendered":"<p><span style=\"font-size: 14pt; font-family: arial, helvetica, sans-serif; color: #000000;\">Holdwin's <strong>Ink de Sublima\u00e7\u00e3o de Ultra-Alta Concentra\u00e7\u00e3o<\/strong> representa uma solu\u00e7\u00e3o de alto n\u00edvel, de classe industrial, constru\u00edda para impress\u00e3o tecidual digital r\u00e1pida. Ao aumentar a densidade de pigmentos, essa formula\u00e7\u00e3o produz cores mais vibrantes e negros mais escuros, utilizando consideravelmente menos tinta em compara\u00e7\u00e3o com op\u00e7\u00f5es convencionais. O<strong> embalagem em massa de 5L<\/strong> \u00e9 meticulosamente projetado para configura\u00e7\u00f5es de produ\u00e7\u00e3o de alto volume, garantindo uma efic\u00e1cia de custo \u00f3ptima e minimizando o tempo de descanso para impressoras industriais.<\/span><\/p>","protected":false},"featured_media":10162,"template":"","meta":{"_acf_changed":false},"product_brand":[],"product_cat":[49],"product_tag":[320,300,319],"class_list":{"0":"post-4041","1":"product","2":"type-product","3":"status-publish","4":"has-post-thumbnail","6":"product_cat-consumables","7":"product_tag-consumable","8":"product_tag-sublimation-ink","9":"product_tag-sublimation-printing","11":"first","12":"instock","13":"shipping-taxable","14":"product-type-simple"},"acf":[],"_links":{"self":[{"href":"https:\/\/www.zhiyudgtech.com\/pt\/wp-json\/wp\/v2\/product\/4041","targetHints":{"allow":["GET"]}}],"collection":[{"href":"https:\/\/www.zhiyudgtech.com\/pt\/wp-json\/wp\/v2\/product"}],"about":[{"href":"https:\/\/www.zhiyudgtech.com\/pt\/wp-json\/wp\/v2\/types\/product"}],"wp:featuredmedia":[{"embeddable":true,"href":"https:\/\/www.zhiyudgtech.com\/pt\/wp-json\/wp\/v2\/media\/10162"}],"wp:attachment":[{"href":"https:\/\/www.zhiyudgtech.com\/pt\/wp-json\/wp\/v2\/media?parent=4041"}],"wp:term":[{"taxonomy":"product_brand","embeddable":true,"href":"https:\/\/www.zhiyudgtech.com\/pt\/wp-json\/wp\/v2\/product_brand?post=4041"},{"taxonomy":"product_cat","embeddable":true,"href":"https:\/\/www.zhiyudgtech.com\/pt\/wp-json\/wp\/v2\/product_cat?post=4041"},{"taxonomy":"product_tag","embeddable":true,"href":"https:\/\/www.zhiyudgtech.com\/pt\/wp-json\/wp\/v2\/product_tag?post=4041"}],"curies":[{"name":"wp","href":"https:\/\/api.w.org\/{rel}","templated":true}]}}