{"id":4145,"date":"2024-06-27T12:51:13","date_gmt":"2024-06-27T04:51:13","guid":{"rendered":"https:\/\/www.zhiyudgtech.com\/product\/1802-2\/"},"modified":"2026-03-21T16:04:06","modified_gmt":"2026-03-21T08:04:06","slug":"sublimation-1802tx","status":"publish","type":"product","link":"https:\/\/www.zhiyudgtech.com\/pt\/product\/sublimation-1802tx\/","title":{"rendered":"HOLDWIN-1802TX"},"content":{"rendered":"","protected":false},"excerpt":{"rendered":"<p><span style=\"color: #000000; font-size: 14pt; font-family: arial, helvetica, sans-serif;\">Procurando confi\u00e1veis <strong><b>impressora de sublima\u00e7\u00e3o<\/b><\/strong> fornecedor? N\u00e3o olhem mais al\u00e9m de Holdwin. Esse alto desempenho <strong><b>m\u00e1quina de impress\u00e3o sublimativa<\/b><\/strong>\u00a0\u00e9 projetada para escala industrial\u00a0<strong><b>impress\u00e3o digital em tecido<\/b><\/strong>Utilizar avan\u00e7ado <strong><b>tinta de sublima\u00e7\u00e3o<\/b><\/strong>, fornece velocidade excepcional e cor vibrante para uma vast a gama de aplica\u00e7\u00f5es t\u00eaxteis.<\/span><\/p>\n<p><span style=\"color: #000000; font-size: 14pt; font-family: arial, helvetica, sans-serif;\"><strong><b>Especifica\u00e7\u00f5es chave:<\/b><\/strong><\/span><\/p>\n<p><span style=\"color: #000000; font-size: 14pt; font-family: arial, helvetica, sans-serif;\"><strong>Cabe\u00e7as:<\/strong> 2 x I3200-A1 Imprimir Cabe\u00e7as<\/span><\/p>\n<p><span style=\"color: #000000; font-size: 14pt; font-family: arial, helvetica, sans-serif;\"><strong>Tecnologia de Impress\u00e3o:<\/strong> Inkjet Piezoel\u00e9trico<\/span><\/p>\n<p><span style=\"color: #000000; font-size: 14pt; font-family: arial, helvetica, sans-serif;\"><strong>Largura m\u00e1xima:<\/strong> \u2264 1820 mm<\/span><\/p>\n<p><span style=\"color: #000000; font-size: 14pt; font-family: arial, helvetica, sans-serif;\"><strong>Ink Droplet:<\/strong> 3.5pl<\/span><\/p>","protected":false},"featured_media":9871,"template":"","meta":{"_acf_changed":false},"product_brand":[],"product_cat":[15],"product_tag":[376,375,321],"class_list":{"0":"post-4145","1":"product","2":"type-product","3":"status-publish","4":"has-post-thumbnail","6":"product_cat-sublimation-printer","7":"product_tag-digital-printing-on-fabric","8":"product_tag-i3200-print-heads","9":"product_tag-sublimation-printer","11":"first","12":"instock","13":"shipping-taxable","14":"product-type-simple"},"acf":[],"_links":{"self":[{"href":"https:\/\/www.zhiyudgtech.com\/pt\/wp-json\/wp\/v2\/product\/4145","targetHints":{"allow":["GET"]}}],"collection":[{"href":"https:\/\/www.zhiyudgtech.com\/pt\/wp-json\/wp\/v2\/product"}],"about":[{"href":"https:\/\/www.zhiyudgtech.com\/pt\/wp-json\/wp\/v2\/types\/product"}],"wp:featuredmedia":[{"embeddable":true,"href":"https:\/\/www.zhiyudgtech.com\/pt\/wp-json\/wp\/v2\/media\/9871"}],"wp:attachment":[{"href":"https:\/\/www.zhiyudgtech.com\/pt\/wp-json\/wp\/v2\/media?parent=4145"}],"wp:term":[{"taxonomy":"product_brand","embeddable":true,"href":"https:\/\/www.zhiyudgtech.com\/pt\/wp-json\/wp\/v2\/product_brand?post=4145"},{"taxonomy":"product_cat","embeddable":true,"href":"https:\/\/www.zhiyudgtech.com\/pt\/wp-json\/wp\/v2\/product_cat?post=4145"},{"taxonomy":"product_tag","embeddable":true,"href":"https:\/\/www.zhiyudgtech.com\/pt\/wp-json\/wp\/v2\/product_tag?post=4145"}],"curies":[{"name":"wp","href":"https:\/\/api.w.org\/{rel}","templated":true}]}}