{"id":798,"date":"2024-04-11T10:45:51","date_gmt":"2024-04-11T02:45:51","guid":{"rendered":"http:\/\/www.zhiyudgtech.com\/?post_type=product&#038;p=798"},"modified":"2026-04-13T14:36:15","modified_gmt":"2026-04-13T06:36:15","slug":"600mm-4-heads-dtf-printer","status":"publish","type":"product","link":"https:\/\/www.zhiyudgtech.com\/pt\/product\/600mm-4-heads-dtf-printer\/","title":{"rendered":"HOLDWIN- 604I DF6501"},"content":{"rendered":"","protected":false},"excerpt":{"rendered":"<p><span style=\"font-family: arial, helvetica, sans-serif; font-size: 14pt; color: #000000;\">Tipo de produto: Impressora DTF (direta ao filme)<\/span><\/p>\n<p><span style=\"font-family: arial, helvetica, sans-serif; font-size: 14pt; color: #000000;\">Especifica\u00e7\u00e3o: 600 mm &#8211; 4 cabe\u00e7as impressora DTF<\/span><\/p>\n<p><span style=\"font-family: arial, helvetica, sans-serif; font-size: 14pt; color: #000000;\">Capa de Impress\u00e3o: 4X Epson i3200<\/span><\/p>\n<p><span style=\"font-family: arial, helvetica, sans-serif; font-size: 14pt; color: #000000;\">Cor da tinta: CMYK W<\/span><\/p>\n<p><span style=\"font-size: 14pt; font-family: arial, helvetica, sans-serif; color: #000000;\">Velocidade: 4 passos &#8211;  26\u33a1\/ h , 6 pass &#8211;  18 \u33a1\/h<\/span><\/p>","protected":false},"featured_media":9968,"template":"","meta":{"_acf_changed":false},"product_brand":[],"product_cat":[26],"product_tag":[361],"class_list":{"0":"post-798","1":"product","2":"type-product","3":"status-publish","4":"has-post-thumbnail","6":"product_cat-dtf-printer","7":"product_tag-dtf-printer","9":"first","10":"instock","11":"shipping-taxable","12":"product-type-simple"},"acf":[],"_links":{"self":[{"href":"https:\/\/www.zhiyudgtech.com\/pt\/wp-json\/wp\/v2\/product\/798","targetHints":{"allow":["GET"]}}],"collection":[{"href":"https:\/\/www.zhiyudgtech.com\/pt\/wp-json\/wp\/v2\/product"}],"about":[{"href":"https:\/\/www.zhiyudgtech.com\/pt\/wp-json\/wp\/v2\/types\/product"}],"wp:featuredmedia":[{"embeddable":true,"href":"https:\/\/www.zhiyudgtech.com\/pt\/wp-json\/wp\/v2\/media\/9968"}],"wp:attachment":[{"href":"https:\/\/www.zhiyudgtech.com\/pt\/wp-json\/wp\/v2\/media?parent=798"}],"wp:term":[{"taxonomy":"product_brand","embeddable":true,"href":"https:\/\/www.zhiyudgtech.com\/pt\/wp-json\/wp\/v2\/product_brand?post=798"},{"taxonomy":"product_cat","embeddable":true,"href":"https:\/\/www.zhiyudgtech.com\/pt\/wp-json\/wp\/v2\/product_cat?post=798"},{"taxonomy":"product_tag","embeddable":true,"href":"https:\/\/www.zhiyudgtech.com\/pt\/wp-json\/wp\/v2\/product_tag?post=798"}],"curies":[{"name":"wp","href":"https:\/\/api.w.org\/{rel}","templated":true}]}}