{"id":8877,"date":"2026-01-30T16:59:41","date_gmt":"2026-01-30T08:59:41","guid":{"rendered":"https:\/\/www.zhiyudgtech.com\/?post_type=product&#038;p=8877"},"modified":"2026-04-10T15:57:12","modified_gmt":"2026-04-10T07:57:12","slug":"dtg-ink-direct-to-garment-ink","status":"publish","type":"product","link":"https:\/\/www.zhiyudgtech.com\/pt\/product\/dtg-ink-direct-to-garment-ink\/","title":{"rendered":"DTG Ink &#8211; Ink direta para vestir"},"content":{"rendered":"","protected":false},"excerpt":{"rendered":"<p><span style=\"font-family: arial, helvetica, sans-serif; font-size: 14pt; color: #000000;\">Levem sua produ\u00e7\u00e3o t\u00eaxtel para o pr\u00f3ximo n\u00edvel com Holdwin&#8217; s <strong>Ink DTG de ultra-alta concentra\u00e7\u00e3o<\/strong>uma solu\u00e7\u00e3o de pigmento baseada em \u00e1gua, de for\u00e7a industrial. Nossa f\u00f3rmula de alta densidade \u00e9 adaptada para penetrar profundamente e ligar-se com 100% algod\u00e3o e misturas de algod\u00e3o alto. Ao segurar o pigmento dentro do tecido sua estrutura, mant\u00e9m a respirabilidade original da roupa e o toque suave intacto ao mesmo tempo que assegura prote\u00e7\u00e3o pronta para o retalho contra desaparecer e quebrar.<\/span><\/p>","protected":false},"featured_media":10160,"template":"","meta":{"_acf_changed":false},"product_brand":[],"product_cat":[49],"product_tag":[351,350],"class_list":{"0":"post-8877","1":"product","2":"type-product","3":"status-publish","4":"has-post-thumbnail","6":"product_cat-consumables","7":"product_tag-direct-to-garment-ink","8":"product_tag-dtg-ink","10":"first","11":"instock","12":"shipping-taxable","13":"product-type-simple"},"acf":[],"_links":{"self":[{"href":"https:\/\/www.zhiyudgtech.com\/pt\/wp-json\/wp\/v2\/product\/8877","targetHints":{"allow":["GET"]}}],"collection":[{"href":"https:\/\/www.zhiyudgtech.com\/pt\/wp-json\/wp\/v2\/product"}],"about":[{"href":"https:\/\/www.zhiyudgtech.com\/pt\/wp-json\/wp\/v2\/types\/product"}],"wp:featuredmedia":[{"embeddable":true,"href":"https:\/\/www.zhiyudgtech.com\/pt\/wp-json\/wp\/v2\/media\/10160"}],"wp:attachment":[{"href":"https:\/\/www.zhiyudgtech.com\/pt\/wp-json\/wp\/v2\/media?parent=8877"}],"wp:term":[{"taxonomy":"product_brand","embeddable":true,"href":"https:\/\/www.zhiyudgtech.com\/pt\/wp-json\/wp\/v2\/product_brand?post=8877"},{"taxonomy":"product_cat","embeddable":true,"href":"https:\/\/www.zhiyudgtech.com\/pt\/wp-json\/wp\/v2\/product_cat?post=8877"},{"taxonomy":"product_tag","embeddable":true,"href":"https:\/\/www.zhiyudgtech.com\/pt\/wp-json\/wp\/v2\/product_tag?post=8877"}],"curies":[{"name":"wp","href":"https:\/\/api.w.org\/{rel}","templated":true}]}}