{"id":8886,"date":"2026-01-31T14:58:17","date_gmt":"2026-01-31T06:58:17","guid":{"rendered":"https:\/\/www.zhiyudgtech.com\/?post_type=product&#038;p=8886"},"modified":"2026-04-03T14:37:46","modified_gmt":"2026-04-03T06:37:46","slug":"holdwin-c4060-cutter","status":"publish","type":"product","link":"https:\/\/www.zhiyudgtech.com\/pt\/product\/holdwin-c4060-cutter\/","title":{"rendered":"HOLDWIN-C4060 Cutter"},"content":{"rendered":"","protected":false},"excerpt":{"rendered":"<p><span style=\"font-size: 14pt; font-family: arial, helvetica, sans-serif; color: #000000;\">Um Cutter Flatbed DTF \u00e9 um tipo de m\u00e1quina de termina\u00e7\u00e3o automatizada que \u00e9 especificamente projetada para cortar filmes de transfer \u00eancia impressos em pe\u00e7as distintas ou formas espec\u00edficas com precis\u00e3o. Ao contr\u00e1rio dos plotters tradicionais alimentados por rolos, um cortador de cama plana utiliza uma mesa de v\u00e1cuo est\u00e1cional ou um sistema de transporte para segurar o filme de forma perfeitamente plana, proporcionando assim uma precis\u00e3o excelente para um trabalho de design complexo.<\/span><\/p>\n<p><span style=\"font-family: arial, helvetica, sans-serif; font-size: 14pt; color: #000000;\"><strong>Especifica\u00e7\u00e3o:<\/strong> DTF Film Flatbed Cutter<\/span><\/p>\n<p><span style=\"font-size: 14pt; font-family: arial, helvetica, sans-serif; color: #000000;\"><strong>Velocidade de corte:<\/strong> 20 &#8211;  120 mm<\/span><\/p>","protected":false},"featured_media":8989,"template":"","meta":{"_acf_changed":false},"product_brand":[],"product_cat":[430],"product_tag":[352],"class_list":{"0":"post-8886","1":"product","2":"type-product","3":"status-publish","4":"has-post-thumbnail","6":"product_cat-cutting-machine","7":"product_tag-dtf-cutter","9":"first","10":"instock","11":"shipping-taxable","12":"product-type-simple"},"acf":[],"_links":{"self":[{"href":"https:\/\/www.zhiyudgtech.com\/pt\/wp-json\/wp\/v2\/product\/8886","targetHints":{"allow":["GET"]}}],"collection":[{"href":"https:\/\/www.zhiyudgtech.com\/pt\/wp-json\/wp\/v2\/product"}],"about":[{"href":"https:\/\/www.zhiyudgtech.com\/pt\/wp-json\/wp\/v2\/types\/product"}],"wp:featuredmedia":[{"embeddable":true,"href":"https:\/\/www.zhiyudgtech.com\/pt\/wp-json\/wp\/v2\/media\/8989"}],"wp:attachment":[{"href":"https:\/\/www.zhiyudgtech.com\/pt\/wp-json\/wp\/v2\/media?parent=8886"}],"wp:term":[{"taxonomy":"product_brand","embeddable":true,"href":"https:\/\/www.zhiyudgtech.com\/pt\/wp-json\/wp\/v2\/product_brand?post=8886"},{"taxonomy":"product_cat","embeddable":true,"href":"https:\/\/www.zhiyudgtech.com\/pt\/wp-json\/wp\/v2\/product_cat?post=8886"},{"taxonomy":"product_tag","embeddable":true,"href":"https:\/\/www.zhiyudgtech.com\/pt\/wp-json\/wp\/v2\/product_tag?post=8886"}],"curies":[{"name":"wp","href":"https:\/\/api.w.org\/{rel}","templated":true}]}}